{"id":6756,"date":"2025-05-05T16:00:53","date_gmt":"2025-05-05T13:00:53","guid":{"rendered":"https:\/\/darvilais.md\/?post_type=product&#038;p=6756"},"modified":"2026-04-09T07:26:03","modified_gmt":"2026-04-09T04:26:03","slug":"xo-cx033-3-in-1-power-bank-5000mah","status":"publish","type":"product","link":"https:\/\/darvilais.md\/ro\/produs\/xo-cx033-3-in-1-power-bank-5000mah\/","title":{"rendered":"XO CX033"},"content":{"rendered":"<h2><strong>Baterie portabil\u0103 XO CX033 3 \u00een 1 (acumulator extern + Apple Watch + c\u0103\u0219ti) 5000 mAh<\/strong><\/h2>\n<ul>\n<li class=\"p1\"><strong>Culoare: alb<\/strong><\/li>\n<li class=\"p1\"><strong>Capacitate: 5000 mAh (nominal\u0103 ~2950 mAh)<\/strong><\/li>\n<li class=\"p1\"><strong>Intrare USB-C: 5 V\/2,5 A, 9 V\/2 A, 12 V\/1,5 A (maxim 18 W)<\/strong><\/li>\n<li class=\"p1\"><strong>\u00cenc\u0103rcare wireless: p\u00e2n\u0103 la 15 W \/ 10 W \/ 7,5 W \/ 5 W, standard Qi, aliniere magnetic\u0103 3-7 mm<\/strong><\/li>\n<li class=\"p1\"><strong>Putere total\u0103: p\u00e2n\u0103 la 20 W<\/strong><\/li>\n<li class=\"p1\"><strong>Func\u021bii de protec\u021bie: detectarea obiectelor metalice (FOD), protec\u021bie la supratensiune<\/strong><\/li>\n<li class=\"p1\"><strong>Material carcas\u0103: plastic ABS<\/strong><\/li>\n<li class=\"p1\"><strong>Dimensiunile bazei: 114,8 \u00d7 74,9 \u00d7 94,3 mm; surs\u0103 de alimentare: 107,9 \u00d7 74,9 \u00d7 14,8 mm<\/strong><\/li>\n<li class=\"p1\"><strong>Greutate: ~305 g (baz\u0103 + surs\u0103 de alimentare)<\/strong><\/li>\n<li class=\"p1\"><strong>Produc\u0103tor: XO<\/strong><\/li>\n<\/ul>\n<p><strong><span class=\"s1\">Confirmat: <\/span><a href=\"https:\/\/www.instagram.com\/p\/DC9SCyUyhoi\/\" target=\"_blank\" rel=\"noopener\">https:\/\/www.instagram.com\/p\/DC9SCyUyhoi\/<\/a><\/strong><\/p>","protected":false},"excerpt":{"rendered":"<p><em><strong>XO CX033 este o baterie inteligent\u0103 de 5000 mAh cu func\u021bie 3 \u00een 1: Power Bank, \u00eenc\u0103rcare wireless pentru Apple Watch \u0219i c\u0103\u0219ti, vitez\u0103 de p\u00e2n\u0103 la 20 W \u0219i o hus\u0103 sigur\u0103.<\/strong><\/em><\/p>","protected":false},"featured_media":6757,"template":"","meta":{"_acf_changed":false},"product_brand":[301],"product_cat":[239],"product_tag":[258,260,259,261],"class_list":{"0":"post-6756","1":"product","2":"type-product","3":"status-publish","4":"has-post-thumbnail","6":"product_brand-xo","7":"product_cat-power-banks","8":"product_tag--3--1","9":"product_tag---iphone","10":"product_tag-259","11":"product_tag---power-bank","13":"first","14":"instock","15":"sale","16":"taxable","17":"shipping-taxable","18":"purchasable","19":"product-type-simple","20":"add-to-wishlist-after_add_to_cart"},"acf":[],"jetpack_sharing_enabled":true,"_links":{"self":[{"href":"https:\/\/darvilais.md\/ro\/wp-json\/wp\/v2\/product\/6756","targetHints":{"allow":["GET"]}}],"collection":[{"href":"https:\/\/darvilais.md\/ro\/wp-json\/wp\/v2\/product"}],"about":[{"href":"https:\/\/darvilais.md\/ro\/wp-json\/wp\/v2\/types\/product"}],"wp:featuredmedia":[{"embeddable":true,"href":"https:\/\/darvilais.md\/ro\/wp-json\/wp\/v2\/media\/6757"}],"wp:attachment":[{"href":"https:\/\/darvilais.md\/ro\/wp-json\/wp\/v2\/media?parent=6756"}],"wp:term":[{"taxonomy":"product_brand","embeddable":true,"href":"https:\/\/darvilais.md\/ro\/wp-json\/wp\/v2\/product_brand?post=6756"},{"taxonomy":"product_cat","embeddable":true,"href":"https:\/\/darvilais.md\/ro\/wp-json\/wp\/v2\/product_cat?post=6756"},{"taxonomy":"product_tag","embeddable":true,"href":"https:\/\/darvilais.md\/ro\/wp-json\/wp\/v2\/product_tag?post=6756"}],"curies":[{"name":"wp","href":"https:\/\/api.w.org\/{rel}","templated":true}]}}