{"id":6709,"date":"2025-05-03T07:58:45","date_gmt":"2025-05-03T07:58:45","guid":{"rendered":"https:\/\/darvilais.md\/?post_type=product&#038;p=6709"},"modified":"2025-08-19T17:26:12","modified_gmt":"2025-08-19T17:26:12","slug":"power-bank-xo-pb302-20000mah","status":"publish","type":"product","link":"https:\/\/darvilais.md\/ro\/produs\/power-bank-xo-pb302-20000mah\/","title":{"rendered":"XO PB302"},"content":{"rendered":"<h2><strong>Baterie portabil\u0103 XO PB302 20000 mAh<\/strong><\/h2>\n<ul>\n<li class=\"p1\"><strong>Culoare: negru<\/strong><\/li>\n<li class=\"p1\"><strong>Capacitate: 20000 mAh (nominal\u0103 ~11000 mAh)<\/strong><\/li>\n<li class=\"p1\"><strong>Tip baterie: Li-Polimer<\/strong><\/li>\n<li class=\"p1\"><strong>Intr\u0103ri: microUSB, USB-C (5 V\/2 A)<\/strong><\/li>\n<li class=\"p1\"><strong>Ie\u0219iri: 2 \u00d7 USB-A (5 V\/2 A)<\/strong><\/li>\n<li class=\"p1\"><strong>Putere maxim\u0103 per port: 10 W<\/strong><\/li>\n<li class=\"p1\"><strong>Material carcas\u0103: ABS+PC ignifug<\/strong><\/li>\n<li class=\"p1\"><strong>Dimensiuni: 140 x 68 x 28 mm<\/strong><\/li>\n<li class=\"p1\"><strong>Greutate: 361 g<\/strong><\/li>\n<li class=\"p1\"><strong>Indicator de \u00eenc\u0103rcare: afi\u0219aj LED<\/strong><\/li>\n<li class=\"p1\"><strong>Protec\u021bie: scurtcircuit, supra\u00eenc\u0103lzire, supratensiune, supracurent<\/strong><\/li>\n<li class=\"p1\"><strong>Produc\u0103tor: XO<\/strong><\/li>\n<\/ul>","protected":false},"excerpt":{"rendered":"<p><em><strong>XO PB302 este o baterie extern\u0103 de 20.000 mAh cu dou\u0103 intr\u0103ri (microUSB \u0219i USB-C) \u0219i dou\u0103 ie\u0219iri USB-A. Ideal\u0103 pentru \u00eenc\u0103rcarea smartphone-urilor \u0219i a altor dispozitive.<\/strong><\/em><\/p>","protected":false},"featured_media":6710,"template":"","meta":{"_acf_changed":false},"product_brand":[301],"product_cat":[239],"product_tag":[554,580,578,579],"class_list":{"0":"post-6709","1":"product","2":"type-product","3":"status-publish","4":"has-post-thumbnail","6":"product_brand-xo","7":"product_cat-power-banks","8":"product_tag-led-","9":"product_tag-580","10":"product_tag-578","11":"product_tag-579","13":"first","14":"instock","15":"sale","16":"taxable","17":"shipping-taxable","18":"purchasable","19":"product-type-simple","20":"add-to-wishlist-after_add_to_cart"},"acf":[],"jetpack_sharing_enabled":true,"_links":{"self":[{"href":"https:\/\/darvilais.md\/ro\/wp-json\/wp\/v2\/product\/6709","targetHints":{"allow":["GET"]}}],"collection":[{"href":"https:\/\/darvilais.md\/ro\/wp-json\/wp\/v2\/product"}],"about":[{"href":"https:\/\/darvilais.md\/ro\/wp-json\/wp\/v2\/types\/product"}],"wp:featuredmedia":[{"embeddable":true,"href":"https:\/\/darvilais.md\/ro\/wp-json\/wp\/v2\/media\/6710"}],"wp:attachment":[{"href":"https:\/\/darvilais.md\/ro\/wp-json\/wp\/v2\/media?parent=6709"}],"wp:term":[{"taxonomy":"product_brand","embeddable":true,"href":"https:\/\/darvilais.md\/ro\/wp-json\/wp\/v2\/product_brand?post=6709"},{"taxonomy":"product_cat","embeddable":true,"href":"https:\/\/darvilais.md\/ro\/wp-json\/wp\/v2\/product_cat?post=6709"},{"taxonomy":"product_tag","embeddable":true,"href":"https:\/\/darvilais.md\/ro\/wp-json\/wp\/v2\/product_tag?post=6709"}],"curies":[{"name":"wp","href":"https:\/\/api.w.org\/{rel}","templated":true}]}}