{"id":6698,"date":"2025-05-01T19:17:58","date_gmt":"2025-05-01T19:17:58","guid":{"rendered":"https:\/\/darvilais.md\/?post_type=product&#038;p=6698"},"modified":"2025-10-06T17:31:51","modified_gmt":"2025-10-06T17:31:51","slug":"xo-pr238-10000mah-powerbank","status":"publish","type":"product","link":"https:\/\/darvilais.md\/ro\/produs\/xo-pr238-10000mah-powerbank\/","title":{"rendered":"XO PR238"},"content":{"rendered":"<h2><strong>Baterie portabil\u0103 XO PR238 10000 mAh<\/strong><\/h2>\n<ul>\n<li class=\"p1\"><strong>Culoare: negru<\/strong><\/li>\n<li class=\"p1\"><strong>Capacitate: 10000 mAh (nominal\u0103 ~5900 mAh)<\/strong><\/li>\n<li class=\"p1\"><strong>Tip baterie: Li-Polimer<\/strong><\/li>\n<li class=\"p1\"><strong>Intr\u0103ri: USB-C 5V\/2A microUSB 5V\/2A<\/strong><\/li>\n<li class=\"p1\"><strong>Ie\u0219iri: USB-A1 5V\/3A<\/strong><\/li>\n<li class=\"p1\"><strong>Putere maxim\u0103 per port: USB-C \u2014 20 W, USB-A \u2014 22,5 W<\/strong><\/li>\n<li class=\"p1\"><strong>Putere maxim\u0103 total\u0103 de ie\u0219ire: 15W<\/strong><\/li>\n<li class=\"p1\"><strong>Material carcas\u0103: ABS+PC ignifug<\/strong><\/li>\n<li class=\"p1\"><strong>Dimensiuni: 140,3 \u00d7 68 \u00d7 16 mm<\/strong><\/li>\n<li class=\"p1\"><strong>Greutate: 223 g<\/strong><\/li>\n<li class=\"p1\"><strong>Indicator de \u00eenc\u0103rcare: afi\u0219aj LED digital<\/strong><\/li>\n<li class=\"p1\"><strong>Protec\u021bie: scurtcircuit, supra\u00eenc\u0103lzire, supratensiune, supracurent<\/strong><\/li>\n<li class=\"p1\"><strong>Produc\u0103tor: XO<\/strong><\/li>\n<\/ul>","protected":false},"excerpt":{"rendered":"<p><em><strong>XO PR238 este o baterie extern\u0103 de 10.000 mAh cu \u00eenc\u0103rcare rapid\u0103 (USB-C 20W, USB-A 22.5W), afi\u0219aj digital \u0219i protec\u021bie la supra\u00eenc\u0103lzire. Ideal\u0103 pentru \u00eenc\u0103rcarea smartphone-urilor \u0219i a altor dispozitive.<\/strong><\/em><\/p>","protected":false},"featured_media":6700,"template":"","meta":{"_acf_changed":false},"product_brand":[301],"product_cat":[239],"product_tag":[551,272,584,526],"class_list":{"0":"post-6698","1":"product","2":"type-product","3":"status-publish","4":"has-post-thumbnail","6":"product_brand-xo","7":"product_cat-power-banks","8":"product_tag-usb-c","9":"product_tag-272","10":"product_tag--usb-a","11":"product_tag-526","13":"first","14":"instock","15":"sale","16":"taxable","17":"shipping-taxable","18":"purchasable","19":"product-type-simple","20":"add-to-wishlist-after_add_to_cart"},"acf":[],"jetpack_sharing_enabled":true,"_links":{"self":[{"href":"https:\/\/darvilais.md\/ro\/wp-json\/wp\/v2\/product\/6698","targetHints":{"allow":["GET"]}}],"collection":[{"href":"https:\/\/darvilais.md\/ro\/wp-json\/wp\/v2\/product"}],"about":[{"href":"https:\/\/darvilais.md\/ro\/wp-json\/wp\/v2\/types\/product"}],"wp:featuredmedia":[{"embeddable":true,"href":"https:\/\/darvilais.md\/ro\/wp-json\/wp\/v2\/media\/6700"}],"wp:attachment":[{"href":"https:\/\/darvilais.md\/ro\/wp-json\/wp\/v2\/media?parent=6698"}],"wp:term":[{"taxonomy":"product_brand","embeddable":true,"href":"https:\/\/darvilais.md\/ro\/wp-json\/wp\/v2\/product_brand?post=6698"},{"taxonomy":"product_cat","embeddable":true,"href":"https:\/\/darvilais.md\/ro\/wp-json\/wp\/v2\/product_cat?post=6698"},{"taxonomy":"product_tag","embeddable":true,"href":"https:\/\/darvilais.md\/ro\/wp-json\/wp\/v2\/product_tag?post=6698"}],"curies":[{"name":"wp","href":"https:\/\/api.w.org\/{rel}","templated":true}]}}