{"id":6588,"date":"2025-04-24T19:46:23","date_gmt":"2025-04-24T19:46:23","guid":{"rendered":"https:\/\/darvilais.md\/?post_type=product&#038;p=6588"},"modified":"2025-08-12T18:07:29","modified_gmt":"2025-08-12T18:07:29","slug":"hoco-j100a-powerbank","status":"publish","type":"product","link":"https:\/\/darvilais.md\/ro\/produs\/hoco-j100a-powerbank\/","title":{"rendered":"Hoco J100A"},"content":{"rendered":"<h2><strong>Baterie portabil\u0103 de \u00eenalt\u0103 calitate Hoco J100A\u00a0<\/strong><\/h2>\n<ul>\n<li class=\"p1\"><strong>Culoare: negru\u00a0<\/strong><\/li>\n<li class=\"p1\"><strong>Capacitate: 20000 mAh (74 Wh), nominal\u0103 11800 mAh\u00a0<\/strong><\/li>\n<li class=\"p1\"><strong>Baterie: Litiu-polimer Li-Pol\u00a0<\/strong><\/li>\n<li class=\"p1\"><strong>Intrare: Tip C \u2013 5 V\/2 A, Micro-USB \u2013 5 V\/2 A\u00a0<\/strong><\/li>\n<li class=\"p1\"><strong>Ie\u0219iri: USB-A (2 buc.), 5 V\/2.1 A fiecare, combinate: 5 V\/2.1 A\u00a0<\/strong><\/li>\n<li class=\"p1\"><strong>Material carcas\u0103: ABS + PC (ignifug)\u00a0<\/strong><\/li>\n<li class=\"p1\"><strong>Indicator: Indicator LED al nivelului bateriei\u00a0<\/strong><\/li>\n<li class=\"p1\"><strong>Dimensiuni: 138\u00d769\u00d727 mm\u00a0<\/strong><\/li>\n<li class=\"p1\"><strong>Greutate: 401 g\u00a0<\/strong><\/li>\n<\/ul>\n<p><strong>Produc\u0103tor: <a href=\"https:\/\/hocotech.com\/product\/power\/portable-chargers\/power-banks\/power-bank-j100a-high-ranking-20000mah\/\" target=\"_blank\" rel=\"noopener\">https:\/\/hocotech.com\/product\/power\/portable-chargers\/power-banks\/power-bank-j100a-high-ranking-20000mah\/<\/a><\/strong><\/p>","protected":false},"excerpt":{"rendered":"<p><em><strong>Hoco J100A \u2014 baterie extern\u0103 puternic\u0103 de 20000 mAh, indicator LED de \u00eenc\u0103rcare, dou\u0103 ie\u0219iri USB-A, carcas\u0103 ignifug\u0103. O alegere excelent\u0103 pentru c\u0103l\u0103torii lungi. Livrare \u00een Moldova.<\/strong><\/em><\/p>","protected":false},"featured_media":6593,"template":"","meta":{"_acf_changed":false},"product_brand":[286],"product_cat":[239],"product_tag":[544,546,545,543],"class_list":{"0":"post-6588","1":"product","2":"type-product","3":"status-publish","4":"has-post-thumbnail","6":"product_brand-hoco","7":"product_cat-power-banks","8":"product_tag-20000-","9":"product_tag-led-","10":"product_tag-usb-a","11":"product_tag-543","13":"first","14":"instock","15":"sale","16":"taxable","17":"shipping-taxable","18":"purchasable","19":"product-type-simple","20":"add-to-wishlist-after_add_to_cart"},"acf":[],"jetpack_sharing_enabled":true,"_links":{"self":[{"href":"https:\/\/darvilais.md\/ro\/wp-json\/wp\/v2\/product\/6588","targetHints":{"allow":["GET"]}}],"collection":[{"href":"https:\/\/darvilais.md\/ro\/wp-json\/wp\/v2\/product"}],"about":[{"href":"https:\/\/darvilais.md\/ro\/wp-json\/wp\/v2\/types\/product"}],"wp:featuredmedia":[{"embeddable":true,"href":"https:\/\/darvilais.md\/ro\/wp-json\/wp\/v2\/media\/6593"}],"wp:attachment":[{"href":"https:\/\/darvilais.md\/ro\/wp-json\/wp\/v2\/media?parent=6588"}],"wp:term":[{"taxonomy":"product_brand","embeddable":true,"href":"https:\/\/darvilais.md\/ro\/wp-json\/wp\/v2\/product_brand?post=6588"},{"taxonomy":"product_cat","embeddable":true,"href":"https:\/\/darvilais.md\/ro\/wp-json\/wp\/v2\/product_cat?post=6588"},{"taxonomy":"product_tag","embeddable":true,"href":"https:\/\/darvilais.md\/ro\/wp-json\/wp\/v2\/product_tag?post=6588"}],"curies":[{"name":"wp","href":"https:\/\/api.w.org\/{rel}","templated":true}]}}