{"id":6582,"date":"2025-04-24T19:27:53","date_gmt":"2025-04-24T19:27:53","guid":{"rendered":"https:\/\/darvilais.md\/?post_type=product&#038;p=6582"},"modified":"2025-08-18T17:11:36","modified_gmt":"2025-08-18T17:11:36","slug":"hoco-j91b-30000mah-power-bank","status":"publish","type":"product","link":"https:\/\/darvilais.md\/ro\/produs\/hoco-j91b-30000mah-power-bank\/","title":{"rendered":"Hoco J91B"},"content":{"rendered":"<h2><strong>Baterie portabil\u0103 Hoco J91B 30000mAh<\/strong><\/h2>\n<ul>\n<li class=\"p1\"><strong>\ufe0f Culoare: negru\u00a0<\/strong><\/li>\n<li class=\"p1\"><strong>Capacitate: 30000mAh, 111Wh. Capacitate nominal\u0103: 17700 mAh.\u00a0<\/strong><\/li>\n<li class=\"p1\"><strong>Intrare: Micro-USB \/ Tip-C \u2013 5V \/ 2A.\u00a0<\/strong><\/li>\n<li class=\"p1\"><strong>Ie\u0219ire: USB 1\/2 \u2013 5V\/2.1A. Putere total\u0103 de ie\u0219ire: 5V\/2.1A.\u00a0<\/strong><\/li>\n<li class=\"p1\"><strong>\ufe0f Indicator: Indicator LED.\u00a0<\/strong><\/li>\n<li class=\"p1\"><strong>Material: ABS + carcas\u0103 ignifug\u0103 PC + baterie litiu polimer.\u00a0<\/strong><\/li>\n<li class=\"p1\"><strong>Dimensiuni: 137 \u00d7 68 \u00d7 40 mm. Greutate: 585 g.\u00a0<\/strong><\/li>\n<li><strong>\u00a0Producator: Hoco<\/strong><\/li>\n<\/ul>\n<p class=\"p1\"><strong>Confirmat:<a href=\"https:\/\/hocotech.com\/product\/power\/portable-chargers\/power-banks\/power-bank-j91b-30000mah\/\" target=\"_blank\" rel=\"noopener\"> https:\/\/hocotech.com\/product\/power\/portable-chargers\/power-banks\/power-bank-j91b-30000mah\/<\/a><\/strong><\/p>","protected":false},"excerpt":{"rendered":"<p><em><strong>Hoco J91B este o baterie portabil\u0103 puternic\u0103 de 30000 mAh cu dou\u0103 ie\u0219iri USB \u0219i indicator LED. Ideal\u0103 pentru c\u0103l\u0103torii lungi \u0219i \u00eenc\u0103rcare \u00een grup.<\/strong><\/em><\/p>","protected":false},"featured_media":6587,"template":"","meta":{"_acf_changed":false},"product_brand":[286],"product_cat":[239],"product_tag":[560,546,272,561],"class_list":{"0":"post-6582","1":"product","2":"type-product","3":"status-publish","4":"has-post-thumbnail","6":"product_brand-hoco","7":"product_cat-power-banks","8":"product_tag-30000-mah","9":"product_tag-led-","10":"product_tag-272","11":"product_tag--usb-","13":"first","14":"instock","15":"taxable","16":"shipping-taxable","17":"purchasable","18":"product-type-simple","19":"add-to-wishlist-after_add_to_cart"},"acf":[],"jetpack_sharing_enabled":true,"_links":{"self":[{"href":"https:\/\/darvilais.md\/ro\/wp-json\/wp\/v2\/product\/6582","targetHints":{"allow":["GET"]}}],"collection":[{"href":"https:\/\/darvilais.md\/ro\/wp-json\/wp\/v2\/product"}],"about":[{"href":"https:\/\/darvilais.md\/ro\/wp-json\/wp\/v2\/types\/product"}],"wp:featuredmedia":[{"embeddable":true,"href":"https:\/\/darvilais.md\/ro\/wp-json\/wp\/v2\/media\/6587"}],"wp:attachment":[{"href":"https:\/\/darvilais.md\/ro\/wp-json\/wp\/v2\/media?parent=6582"}],"wp:term":[{"taxonomy":"product_brand","embeddable":true,"href":"https:\/\/darvilais.md\/ro\/wp-json\/wp\/v2\/product_brand?post=6582"},{"taxonomy":"product_cat","embeddable":true,"href":"https:\/\/darvilais.md\/ro\/wp-json\/wp\/v2\/product_cat?post=6582"},{"taxonomy":"product_tag","embeddable":true,"href":"https:\/\/darvilais.md\/ro\/wp-json\/wp\/v2\/product_tag?post=6582"}],"curies":[{"name":"wp","href":"https:\/\/api.w.org\/{rel}","templated":true}]}}