{"id":6577,"date":"2025-04-24T19:11:12","date_gmt":"2025-04-24T19:11:12","guid":{"rendered":"https:\/\/darvilais.md\/?post_type=product&#038;p=6577"},"modified":"2025-08-12T18:41:45","modified_gmt":"2025-08-12T18:41:45","slug":"hoco-j101b-astute-power-bank","status":"publish","type":"product","link":"https:\/\/darvilais.md\/ro\/produs\/hoco-j101b-astute-power-bank\/","title":{"rendered":"Hoco J101B"},"content":{"rendered":"<h2><strong>Acumulator extern Hoco J101B Astute 10000 mAh<\/strong><\/h2>\n<ul>\n<li class=\"p1\"><strong>Culoare: alb<\/strong><\/li>\n<li class=\"p1\"><strong>Capacitate: 10000 mAh<\/strong><\/li>\n<li class=\"p1\"><strong>Intrare: USB-C \/ Micro-USB 18W<\/strong><\/li>\n<li class=\"p1\"><strong>Ie\u0219iri: 2\u00d7 USB-A (p\u00e2n\u0103 la 22,5 W), USB-C (p\u00e2n\u0103 la 20 W)<\/strong><\/li>\n<li class=\"p1\"><strong>Suport: PD, QC, FCP, AFC, SCP<\/strong><\/li>\n<li class=\"p1\"><strong>Material carcas\u0103: ABS + PC (ignifug)<\/strong><\/li>\n<li class=\"p1\"><strong>Indicator: LED nivel de \u00eenc\u0103rcare<\/strong><\/li>\n<li class=\"p1\"><strong>Dimensiuni: 140\u00d768\u00d716 mm<\/strong><\/li>\n<li class=\"p1\"><strong>Greutate: ~230 g<\/strong><\/li>\n<li class=\"p1\"><strong>Producator: Hoco<\/strong><\/li>\n<\/ul>\n<p><strong>Confirmat: <a href=\"https:\/\/hocotech.com\/product\/power\/portable-chargers\/power-banks\/power-bank-j101b-astute-22-5w-30000mah\/\" target=\"_blank\" rel=\"noopener\">https:\/\/hocotech.com\/product\/power\/portable-chargers\/power-banks\/power-bank-j101b-astute-22-5w-30000mah\/<\/a><\/strong><\/p>","protected":false},"excerpt":{"rendered":"<p><strong><em>Baterie extern\u0103 compact\u0103 \u0219i puternic\u0103 Hoco J101B 10000 mAh cu suport pentru \u00eenc\u0103rcare rapid\u0103 PD\/QC \u0219i dou\u0103 ie\u0219iri USB-A. Indicator LED convenabil, carcas\u0103 fiabil\u0103.<\/em><\/strong><\/p>","protected":false},"featured_media":6579,"template":"","meta":{"_acf_changed":false},"product_brand":[286],"product_cat":[239],"product_tag":[550,551,272,543],"class_list":{"0":"post-6577","1":"product","2":"type-product","3":"status-publish","4":"has-post-thumbnail","6":"product_brand-hoco","7":"product_cat-power-banks","8":"product_tag-10000-","9":"product_tag-usb-c","10":"product_tag-272","11":"product_tag-543","13":"first","14":"instock","15":"sale","16":"taxable","17":"shipping-taxable","18":"purchasable","19":"product-type-simple","20":"add-to-wishlist-after_add_to_cart"},"acf":[],"jetpack_sharing_enabled":true,"_links":{"self":[{"href":"https:\/\/darvilais.md\/ro\/wp-json\/wp\/v2\/product\/6577","targetHints":{"allow":["GET"]}}],"collection":[{"href":"https:\/\/darvilais.md\/ro\/wp-json\/wp\/v2\/product"}],"about":[{"href":"https:\/\/darvilais.md\/ro\/wp-json\/wp\/v2\/types\/product"}],"wp:featuredmedia":[{"embeddable":true,"href":"https:\/\/darvilais.md\/ro\/wp-json\/wp\/v2\/media\/6579"}],"wp:attachment":[{"href":"https:\/\/darvilais.md\/ro\/wp-json\/wp\/v2\/media?parent=6577"}],"wp:term":[{"taxonomy":"product_brand","embeddable":true,"href":"https:\/\/darvilais.md\/ro\/wp-json\/wp\/v2\/product_brand?post=6577"},{"taxonomy":"product_cat","embeddable":true,"href":"https:\/\/darvilais.md\/ro\/wp-json\/wp\/v2\/product_cat?post=6577"},{"taxonomy":"product_tag","embeddable":true,"href":"https:\/\/darvilais.md\/ro\/wp-json\/wp\/v2\/product_tag?post=6577"}],"curies":[{"name":"wp","href":"https:\/\/api.w.org\/{rel}","templated":true}]}}