{"id":6570,"date":"2025-04-24T18:49:09","date_gmt":"2025-04-24T18:49:09","guid":{"rendered":"https:\/\/darvilais.md\/?post_type=product&#038;p=6570"},"modified":"2025-08-13T17:00:09","modified_gmt":"2025-08-13T17:00:09","slug":"hoco-j123c-power-bank","status":"publish","type":"product","link":"https:\/\/darvilais.md\/ro\/produs\/hoco-j123c-power-bank\/","title":{"rendered":"Hoco J123C"},"content":{"rendered":"<h2><strong>Baterie portabil\u0103 Hoco J123C Element 22.5W 60000mAh<\/strong><\/h2>\n<ul>\n<li class=\"p1\"><strong>\ufe0f Culoare: negru\u00a0<\/strong><\/li>\n<li class=\"p1\"><strong>Capacitate: 60000mAh, 222Wh\u00a0<\/strong><\/li>\n<li class=\"p1\"><strong>Capacitate nominal\u0103: 33000mAh (5V TIP 3A)\u00a0<\/strong><\/li>\n<li class=\"p1\"><strong>Intr\u0103ri: Tip C, Micro-USB, Lightning\u00a0<\/strong><\/li>\n<li class=\"p1\"><strong>Ie\u0219iri: 3\u00d7USB-A, 1\u00d7Type-C\u00a0<\/strong><\/li>\n<li class=\"p1\"><strong>Suport\u0103 protocoale de \u00eenc\u0103rcare rapid\u0103: PD3.0 \/ PD20W \/ QC3.0 \/ QC2.0 \/ FCP \/ AFC\u00a0<\/strong><\/li>\n<li class=\"p1\"><strong>Indica\u021bie: afi\u0219aj digital LED al nivelului de \u00eenc\u0103rcare, indicator verde pentru \u00eenc\u0103rcare rapid\u0103 PD \/ QC\u00a0<\/strong><\/li>\n<li class=\"p1\"><strong>Dimensiuni: 168 \u00d7 83 \u00d7 62 mm\u00a0<\/strong><\/li>\n<li class=\"p1\"><strong>Greutate: 1025 g\u00a0<\/strong><\/li>\n<li class=\"p1\"><strong>\ufe0f Suplimentar: cu lamp\u0103 \u0219i curea (porni\u021bi\/opri\u021bi iluminarea ap\u0103s\u00e2nd \u0219i \u021bin\u00e2nd ap\u0103sat butonul timp de 3 secunde)\u00a0<\/strong><\/li>\n<li><strong>\u00a0Producator: Hoco<\/strong><\/li>\n<\/ul>\n<p class=\"p1\"><strong>Confirmat: <a href=\"https:\/\/hocotech.com\/product\/power\/portable-chargers\/power-banks\/power-bank-j123c-element-22-5w-60000mah\/\" target=\"_blank\" rel=\"noopener\">https:\/\/hocotech.com\/product\/power\/portable-chargers\/power-banks\/power-bank-j123c-element-22-5w-60000mah\/<\/a><\/strong><\/p>","protected":false},"excerpt":{"rendered":"<p><em><strong>Hoco J123C este o baterie extern\u0103 super-puternic\u0103 de 60000 mAh cu afi\u0219aj LED, suport PD\/QC, lantern\u0103 \u00eencorporat\u0103 \u0219i curea. Rezerv\u0103 de putere excelent\u0103 oriunde te-ai afla.<\/strong><\/em><\/p>","protected":false},"featured_media":6575,"template":"","meta":{"_acf_changed":false},"product_brand":[286],"product_cat":[239],"product_tag":[553,554,555,552],"class_list":{"0":"post-6570","1":"product","2":"type-product","3":"status-publish","4":"has-post-thumbnail","6":"product_brand-hoco","7":"product_cat-power-banks","8":"product_tag-60000-","9":"product_tag-led-","10":"product_tag-pd-qc","11":"product_tag-552","13":"first","14":"instock","15":"sale","16":"taxable","17":"shipping-taxable","18":"purchasable","19":"product-type-simple","20":"add-to-wishlist-after_add_to_cart"},"acf":[],"jetpack_sharing_enabled":true,"_links":{"self":[{"href":"https:\/\/darvilais.md\/ro\/wp-json\/wp\/v2\/product\/6570","targetHints":{"allow":["GET"]}}],"collection":[{"href":"https:\/\/darvilais.md\/ro\/wp-json\/wp\/v2\/product"}],"about":[{"href":"https:\/\/darvilais.md\/ro\/wp-json\/wp\/v2\/types\/product"}],"wp:featuredmedia":[{"embeddable":true,"href":"https:\/\/darvilais.md\/ro\/wp-json\/wp\/v2\/media\/6575"}],"wp:attachment":[{"href":"https:\/\/darvilais.md\/ro\/wp-json\/wp\/v2\/media?parent=6570"}],"wp:term":[{"taxonomy":"product_brand","embeddable":true,"href":"https:\/\/darvilais.md\/ro\/wp-json\/wp\/v2\/product_brand?post=6570"},{"taxonomy":"product_cat","embeddable":true,"href":"https:\/\/darvilais.md\/ro\/wp-json\/wp\/v2\/product_cat?post=6570"},{"taxonomy":"product_tag","embeddable":true,"href":"https:\/\/darvilais.md\/ro\/wp-json\/wp\/v2\/product_tag?post=6570"}],"curies":[{"name":"wp","href":"https:\/\/api.w.org\/{rel}","templated":true}]}}