{"id":6556,"date":"2025-04-23T14:59:41","date_gmt":"2025-04-23T14:59:41","guid":{"rendered":"https:\/\/darvilais.md\/?post_type=product&#038;p=6556"},"modified":"2025-08-19T16:11:59","modified_gmt":"2025-08-19T16:11:59","slug":"hoco-qs1-spring-10000mah-jump-starter-power-bank","status":"publish","type":"product","link":"https:\/\/darvilais.md\/ro\/produs\/hoco-qs1-spring-10000mah-jump-starter-power-bank\/","title":{"rendered":"Hoco QS1"},"content":{"rendered":"<h2><strong>Baterie portabil\u0103 Hoco QS1 Spring 10.000 mAh (starter auto)<\/strong><\/h2>\n<ul>\n<li class=\"p1\"><strong>Culoare: negru<\/strong><\/li>\n<li class=\"p1\"><strong>Capacitate: 10000 mAh (36,6 Wh), nominal\u0103 ~6200 mAh<\/strong><\/li>\n<li class=\"p1\"><strong>Intrare: USB-C \u2014 5 V\/3 A<\/strong><\/li>\n<li class=\"p1\"><strong>Ie\u0219iri USB: 2 \u00d7 USB-A \u2014 5 V\/2.4\u00a0<\/strong><\/li>\n<li class=\"p1\"><strong>Putere de pornire: 12 V pentru ma\u0219ini pe benzin\u0103 \u2264 4,0 L \u0219i ma\u0219ini diesel \u2264 2,0 L<\/strong><\/li>\n<li class=\"p1\"><strong>Indica\u021bie: nivel sc\u0103zut al bateriei - LED-ul clipe\u0219te<\/strong><\/li>\n<li class=\"p1\"><strong>Lantern\u0103: \u021aine\u021bi ap\u0103sat pentru a porni - SOS, bli\u021b rapid, ro\u0219u \u0219i oprit<\/strong><\/li>\n<li class=\"p1\"><strong>Material: carcas\u0103 ignifug\u0103 ABS + PC, baterie litiu-polimer<\/strong><\/li>\n<li class=\"p1\"><strong>Dimensiuni: 175 \u00d7 75 \u00d7 32 mm<\/strong><\/li>\n<li class=\"p1\"><strong>Greutate: 366 g<\/strong><\/li>\n<li class=\"p1\"><strong>Producator: Hoco<\/strong><\/li>\n<\/ul>\n<p><strong><span class=\"s1\">Confirmat: <\/span><a href=\"https:\/\/hocotech.com\/product\/power\/portable-chargers\/power-banks\/power-bank-qs1-spring-jump-starter-10000mah\/\" target=\"_blank\" rel=\"noopener\">https:\/\/hocotech.com\/product\/power\/portable-chargers\/power-banks\/power-bank-qs1-spring-jump-starter-10000mah\/<\/a><\/strong><\/p>","protected":false},"excerpt":{"rendered":"<p><em><strong>Hoco QS1 Spring este o baterie extern\u0103 compact\u0103 de 10.000 mAh cu pornire automat\u0103, ie\u0219ire USB dual\u0103 \u0219i moduri de lantern\u0103 LED. Ideal\u0103 ca asistent \u00een caz de urgen\u021b\u0103.<\/strong><\/em><\/p>","protected":false},"featured_media":6562,"template":"","meta":{"_acf_changed":false},"product_brand":[286],"product_cat":[239],"product_tag":[570,571,572,569],"class_list":{"0":"post-6556","1":"product","2":"type-product","3":"status-publish","4":"has-post-thumbnail","6":"product_brand-hoco","7":"product_cat-power-banks","8":"product_tag-10000-mah","9":"product_tag-led-","10":"product_tag-usb-a-","11":"product_tag-569","13":"first","14":"instock","15":"sale","16":"taxable","17":"shipping-taxable","18":"purchasable","19":"product-type-simple","20":"add-to-wishlist-after_add_to_cart"},"acf":[],"jetpack_sharing_enabled":true,"_links":{"self":[{"href":"https:\/\/darvilais.md\/ro\/wp-json\/wp\/v2\/product\/6556","targetHints":{"allow":["GET"]}}],"collection":[{"href":"https:\/\/darvilais.md\/ro\/wp-json\/wp\/v2\/product"}],"about":[{"href":"https:\/\/darvilais.md\/ro\/wp-json\/wp\/v2\/types\/product"}],"wp:featuredmedia":[{"embeddable":true,"href":"https:\/\/darvilais.md\/ro\/wp-json\/wp\/v2\/media\/6562"}],"wp:attachment":[{"href":"https:\/\/darvilais.md\/ro\/wp-json\/wp\/v2\/media?parent=6556"}],"wp:term":[{"taxonomy":"product_brand","embeddable":true,"href":"https:\/\/darvilais.md\/ro\/wp-json\/wp\/v2\/product_brand?post=6556"},{"taxonomy":"product_cat","embeddable":true,"href":"https:\/\/darvilais.md\/ro\/wp-json\/wp\/v2\/product_cat?post=6556"},{"taxonomy":"product_tag","embeddable":true,"href":"https:\/\/darvilais.md\/ro\/wp-json\/wp\/v2\/product_tag?post=6556"}],"curies":[{"name":"wp","href":"https:\/\/api.w.org\/{rel}","templated":true}]}}