{"id":6549,"date":"2025-04-23T14:51:44","date_gmt":"2025-04-23T14:51:44","guid":{"rendered":"https:\/\/darvilais.md\/?post_type=product&#038;p=6549"},"modified":"2025-08-19T13:42:30","modified_gmt":"2025-08-19T13:42:30","slug":"hoco-q30a-20000mah-130w-pd100w","status":"publish","type":"product","link":"https:\/\/darvilais.md\/ro\/produs\/hoco-q30a-20000mah-130w-pd100w\/","title":{"rendered":"Hoco Q30A"},"content":{"rendered":"<h2><strong>Baterie portabil\u0103 Hoco Q30A cu \u00eenc\u0103rcare rapid\u0103, 130W, 20000 mAh, gri metalic<\/strong><\/h2>\n<ul>\n<li class=\"p1\"><strong>Culoare: gri metalizat<\/strong><\/li>\n<li class=\"p1\"><strong>Capacitate: 20000 mAh (74 Wh), nominal\u0103 ~11000 mAh<\/strong><\/li>\n<li class=\"p1\"><strong>Intrare: USB-C - 5 V\/2 A, 9 V\/2 A (18 W)<\/strong><\/li>\n<li class=\"p1\"><strong>Ie\u0219iri: USB-A - p\u00e2n\u0103 la 22,5 W (QC3.0), USB-C - p\u00e2n\u0103 la 100 W (PD)<\/strong><\/li>\n<li class=\"p1\"><strong>Putere total\u0103: p\u00e2n\u0103 la 130 W<\/strong><\/li>\n<li class=\"p1\"><strong>Indicator: Afi\u0219aj LED (afi\u0219eaz\u0103 nivelul de \u00eenc\u0103rcare \u0219i tensiunea)<\/strong><\/li>\n<li class=\"p1\"><strong>Material: Carcas\u0103 ignifug\u0103 ABS\/PC + baterie litiu-polimer 21700<\/strong><\/li>\n<li class=\"p1\"><strong>Dimensiuni: 132,5 \u00d7 82,5 \u00d7 26 mm<\/strong><\/li>\n<li class=\"p1\"><strong>Greutate: 600 g<\/strong><\/li>\n<li class=\"p1\"><strong>Producator: Hoco<\/strong><\/li>\n<\/ul>\n<p><strong><span class=\"s1\">Confirmat: <\/span><a href=\"https:\/\/www.hocotech.it\/en\/power-bank\/hoco-power-bank-q30a-fast-charge-20000mah-pd-type-c-130w-and-usb-a-22-5w-qc-with-digital-led-display-metal-grey\" target=\"_blank\" rel=\"noopener\">https:\/\/www.hocotech.it\/en\/power-bank\/hoco-power-bank-q30a-fast-charge-20000mah-pd-type-c-130w-and-usb-a-22-5w-qc-with-digital-led-display-metal-grey<\/a><\/strong><\/p>","protected":false},"excerpt":{"rendered":"<p><em><strong>Baterie portabil\u0103 Hoco Q30A 20000 mAh cu suport PD100W \u0219i QC3.0, afi\u0219aj LED, carcas\u0103 ignifug\u0103 \u0219i \u00eenc\u0103rcare rapid\u0103 pentru laptopuri \u0219i smartphone-uri.<\/strong><\/em><\/p>","protected":false},"featured_media":6550,"template":"","meta":{"_acf_changed":false},"product_brand":[286],"product_cat":[239],"product_tag":[567,524,272,566],"class_list":{"0":"post-6549","1":"product","2":"type-product","3":"status-publish","4":"has-post-thumbnail","6":"product_brand-hoco","7":"product_cat-power-banks","8":"product_tag-pd100w","9":"product_tag-qc3-0","10":"product_tag-272","11":"product_tag-566","13":"first","14":"instock","15":"sale","16":"taxable","17":"shipping-taxable","18":"purchasable","19":"product-type-simple","20":"add-to-wishlist-after_add_to_cart"},"acf":[],"jetpack_sharing_enabled":true,"_links":{"self":[{"href":"https:\/\/darvilais.md\/ro\/wp-json\/wp\/v2\/product\/6549","targetHints":{"allow":["GET"]}}],"collection":[{"href":"https:\/\/darvilais.md\/ro\/wp-json\/wp\/v2\/product"}],"about":[{"href":"https:\/\/darvilais.md\/ro\/wp-json\/wp\/v2\/types\/product"}],"wp:featuredmedia":[{"embeddable":true,"href":"https:\/\/darvilais.md\/ro\/wp-json\/wp\/v2\/media\/6550"}],"wp:attachment":[{"href":"https:\/\/darvilais.md\/ro\/wp-json\/wp\/v2\/media?parent=6549"}],"wp:term":[{"taxonomy":"product_brand","embeddable":true,"href":"https:\/\/darvilais.md\/ro\/wp-json\/wp\/v2\/product_brand?post=6549"},{"taxonomy":"product_cat","embeddable":true,"href":"https:\/\/darvilais.md\/ro\/wp-json\/wp\/v2\/product_cat?post=6549"},{"taxonomy":"product_tag","embeddable":true,"href":"https:\/\/darvilais.md\/ro\/wp-json\/wp\/v2\/product_tag?post=6549"}],"curies":[{"name":"wp","href":"https:\/\/api.w.org\/{rel}","templated":true}]}}