{"id":6539,"date":"2025-04-23T14:39:54","date_gmt":"2025-04-23T14:39:54","guid":{"rendered":"https:\/\/darvilais.md\/?post_type=product&#038;p=6539"},"modified":"2025-08-19T16:05:03","modified_gmt":"2025-08-19T16:05:03","slug":"hoco-q26-joy-5000mah-magnetic-pd20w-2","status":"publish","type":"product","link":"https:\/\/darvilais.md\/ro\/produs\/hoco-q26-joy-5000mah-magnetic-pd20w-2\/","title":{"rendered":"Hoco Q32"},"content":{"rendered":"<h2><strong>Acumulator extern magnetic wireless Hoco Q32 Bird PD20W (5000mAh)<\/strong><\/h2>\n<ul>\n<li class=\"p1\"><strong>Culoare: gri metalizat, auriu titan<\/strong><\/li>\n<li class=\"p1\"><strong>Capacitate: 5000 mAh (19,25 Wh), nominal\u0103 ~2500 mAh<\/strong><\/li>\n<li class=\"p1\"><strong>Intrare: USB-C - 5 V\/3 A, 9 V\/2 A, 12 V\/1,5 A (18 W)<\/strong><\/li>\n<li class=\"p1\"><strong>Ie\u0219ire USB-C: p\u00e2n\u0103 la 20W (PD\/QC\/FCP\/AFC)<\/strong><\/li>\n<li class=\"p1\"><strong>Putere de ie\u0219ire wireless: 5W\/7,5W\/10W\/15W (MagSafe 7,5W)<\/strong><\/li>\n<li class=\"p1\"><strong>Putere total\u0103 de ie\u0219ire: 5V\/2A (max.)<\/strong><\/li>\n<li class=\"p1\"><strong>Indicator: Indicator LED al nivelului bateriei<\/strong><\/li>\n<li class=\"p1\"><strong>Material: Aliaj de aluminiu + ABS\/PC + baterie litiu-polimer<\/strong><\/li>\n<li class=\"p1\"><strong>Dimensiuni: 100,5 \u00d7 65,5 \u00d7 11 mm<\/strong><\/li>\n<li class=\"p1\"><strong>Greutate: 125 g<\/strong><\/li>\n<li class=\"p1\"><strong>Producator: Hoco<\/strong><\/li>\n<\/ul>\n<p><strong><span class=\"s1\">Confirmat: <\/span><a href=\"https:\/\/hocotech.com\/product\/power\/portable-chargers\/power-banks\/power-bank-q32-bird-pd20w-wireless-charging-5000mah\/\" target=\"_blank\" rel=\"noopener\">https:\/\/hocotech.com\/product\/power\/portable-chargers\/power-banks\/power-bank-q32-bird-pd20w-wireless-charging-5000mah\/<\/a><\/strong><\/p>","protected":false},"excerpt":{"rendered":"<p><em><strong>Baterie extern\u0103 magnetic\u0103 Hoco Q32 Bird 5000 mAh cu suport pentru PD20W \u0219i MagSafe 15 W, indicator LED, carcas\u0103 din aluminiu \u0219i \u00eenc\u0103rcare rapid\u0103.<\/strong><\/em><\/p>","protected":false},"featured_media":6544,"template":"","meta":{"_acf_changed":false},"product_brand":[286],"product_cat":[239],"product_tag":[],"class_list":{"0":"post-6539","1":"product","2":"type-product","3":"status-publish","4":"has-post-thumbnail","6":"product_brand-hoco","7":"product_cat-power-banks","9":"first","10":"instock","11":"taxable","12":"shipping-taxable","13":"purchasable","14":"product-type-simple","15":"add-to-wishlist-after_add_to_cart"},"acf":[],"jetpack_sharing_enabled":true,"_links":{"self":[{"href":"https:\/\/darvilais.md\/ro\/wp-json\/wp\/v2\/product\/6539","targetHints":{"allow":["GET"]}}],"collection":[{"href":"https:\/\/darvilais.md\/ro\/wp-json\/wp\/v2\/product"}],"about":[{"href":"https:\/\/darvilais.md\/ro\/wp-json\/wp\/v2\/types\/product"}],"wp:featuredmedia":[{"embeddable":true,"href":"https:\/\/darvilais.md\/ro\/wp-json\/wp\/v2\/media\/6544"}],"wp:attachment":[{"href":"https:\/\/darvilais.md\/ro\/wp-json\/wp\/v2\/media?parent=6539"}],"wp:term":[{"taxonomy":"product_brand","embeddable":true,"href":"https:\/\/darvilais.md\/ro\/wp-json\/wp\/v2\/product_brand?post=6539"},{"taxonomy":"product_cat","embeddable":true,"href":"https:\/\/darvilais.md\/ro\/wp-json\/wp\/v2\/product_cat?post=6539"},{"taxonomy":"product_tag","embeddable":true,"href":"https:\/\/darvilais.md\/ro\/wp-json\/wp\/v2\/product_tag?post=6539"}],"curies":[{"name":"wp","href":"https:\/\/api.w.org\/{rel}","templated":true}]}}