{"id":6532,"date":"2025-04-23T14:27:06","date_gmt":"2025-04-23T14:27:06","guid":{"rendered":"https:\/\/darvilais.md\/?post_type=product&#038;p=6532"},"modified":"2025-08-19T16:17:50","modified_gmt":"2025-08-19T16:17:50","slug":"hoco-qs4-compressor-jump-starter-10000mah","status":"publish","type":"product","link":"https:\/\/darvilais.md\/ro\/produs\/hoco-qs4-compressor-jump-starter-10000mah\/","title":{"rendered":"Hoco QS4"},"content":{"rendered":"<h2><strong>Compresor inteligent Hoco QS4 cu pornire de urgen\u021b\u0103 \u0219i baterie extern\u0103 10000 mAh<\/strong><\/h2>\n<ul>\n<li class=\"p1\"><strong>Culoare: negru<\/strong><\/li>\n<li class=\"p1\"><strong>Capacitate: 10000 mAh (38,5 Wh), nominal\u0103 ~6200 mAh<\/strong><\/li>\n<li class=\"p1\"><strong>Intrare: USB-C - 5 V\/2 A, 9 V\/2 A (18 W); CC - 12 V\/10 A<\/strong><\/li>\n<li class=\"p1\"><strong>Ie\u0219ire USB-A: 5V\/2A<\/strong><\/li>\n<li class=\"p1\"><strong>Ie\u0219ire demaror: 12 V, curent de lucru 360 A, curent de v\u00e2rf 800 A<\/strong><\/li>\n<li class=\"p1\"><strong>Compresor: pompare de la 1,8 la 3,8 bar, cinci moduri: picior, biciclet\u0103, minge etc.<\/strong><\/li>\n<li class=\"p1\"><strong>Lantern\u0103: lumin\u0103 LED + mod SOS<\/strong><\/li>\n<li class=\"p1\"><strong>Afi\u0219aj: Afi\u0219aj digital LED pentru nivelul bateriei \u0219i presiunea \u00een anvelope<\/strong><\/li>\n<li class=\"p1\"><strong>Material: carcas\u0103 ignifug\u0103 ABS+PC, baterie litiu-ion<\/strong><\/li>\n<li class=\"p1\"><strong>Dimensiuni: 212 x 99 x 122 mm<\/strong><\/li>\n<li class=\"p1\"><strong>Greutate: 1080 g<\/strong><\/li>\n<li class=\"p1\"><strong>Producator: Hoco<\/strong><\/li>\n<\/ul>\n<p><strong><span class=\"s1\">Confirmat: <\/span><a href=\"https:\/\/hocotech.com\/product\/power\/portable-chargers\/power-banks\/power-bank-qs4-intelligent-jump-starter-air-pump-10000mah\/\" target=\"_blank\" rel=\"noopener\">https:\/\/hocotech.com\/product\/power\/portable-chargers\/power-banks\/power-bank-qs4-intelligent-jump-starter-air-pump-10000mah\/<\/a><\/strong><\/p>","protected":false},"excerpt":{"rendered":"<p><strong><em>Asistent multifunc\u021bional Hoco QS4: compresor de anvelope, pornire de urgen\u021b\u0103 \u0219i baterie extern\u0103 de 10000 mAh cu afi\u0219aj LED \u0219i lantern\u0103 - toate \u00eentr-o singur\u0103 carcas\u0103 compact\u0103.<\/em><\/strong><\/p>","protected":false},"featured_media":6533,"template":"","meta":{"_acf_changed":false},"product_brand":[286],"product_cat":[239],"product_tag":[571,271,573,574],"class_list":{"0":"post-6532","1":"product","2":"type-product","3":"status-publish","4":"has-post-thumbnail","6":"product_brand-hoco","7":"product_cat-power-banks","8":"product_tag-led-","9":"product_tag-power-bank","10":"product_tag-573","11":"product_tag-574","13":"first","14":"instock","15":"sale","16":"taxable","17":"shipping-taxable","18":"purchasable","19":"product-type-simple","20":"add-to-wishlist-after_add_to_cart"},"acf":[],"jetpack_sharing_enabled":true,"_links":{"self":[{"href":"https:\/\/darvilais.md\/ro\/wp-json\/wp\/v2\/product\/6532","targetHints":{"allow":["GET"]}}],"collection":[{"href":"https:\/\/darvilais.md\/ro\/wp-json\/wp\/v2\/product"}],"about":[{"href":"https:\/\/darvilais.md\/ro\/wp-json\/wp\/v2\/types\/product"}],"wp:featuredmedia":[{"embeddable":true,"href":"https:\/\/darvilais.md\/ro\/wp-json\/wp\/v2\/media\/6533"}],"wp:attachment":[{"href":"https:\/\/darvilais.md\/ro\/wp-json\/wp\/v2\/media?parent=6532"}],"wp:term":[{"taxonomy":"product_brand","embeddable":true,"href":"https:\/\/darvilais.md\/ro\/wp-json\/wp\/v2\/product_brand?post=6532"},{"taxonomy":"product_cat","embeddable":true,"href":"https:\/\/darvilais.md\/ro\/wp-json\/wp\/v2\/product_cat?post=6532"},{"taxonomy":"product_tag","embeddable":true,"href":"https:\/\/darvilais.md\/ro\/wp-json\/wp\/v2\/product_tag?post=6532"}],"curies":[{"name":"wp","href":"https:\/\/api.w.org\/{rel}","templated":true}]}}