{"id":6527,"date":"2025-04-23T13:54:02","date_gmt":"2025-04-23T13:54:02","guid":{"rendered":"https:\/\/darvilais.md\/?post_type=product&#038;p=6527"},"modified":"2025-08-12T18:18:10","modified_gmt":"2025-08-12T18:18:10","slug":"acefast-m17-magnetic-powerbank","status":"publish","type":"product","link":"https:\/\/darvilais.md\/ro\/produs\/acefast-m17-magnetic-powerbank\/","title":{"rendered":"AceFast M17"},"content":{"rendered":"<h2><strong>Acumulator extern magnetic AceFast M17 10000 mAh cu suport\u00a0<\/strong><\/h2>\n<ul>\n<li class=\"p1\"><strong>Capacitate: 10000 mAh (nominal\u0103 ~6000 mAh)\u00a0<\/strong><\/li>\n<li class=\"p1\"><strong>Intrare cu fir: USB-C 20 W\u00a0<\/strong><\/li>\n<li class=\"p1\"><strong>Ie\u0219ire prin cablu: USB-C p\u00e2n\u0103 la 22,5 W (Suportate: PD, QC, FCP, AFC, SCP)\u00a0<\/strong><\/li>\n<li class=\"p1\"><strong>Ie\u0219ire wireless (magnetic\u0103): 5W \/ 7,5W \/ 10W \/ 15W (compatibil cu MagSafe)\u00a0<\/strong><\/li>\n<li class=\"p1\"><strong>Material: PC rezistent la foc + aluminiu + baterie Li-Pol <\/strong><\/li>\n<li class=\"p1\"><strong>Dimensiuni: 101\u00d764,5\u00d717 mm\u00a0<\/strong><\/li>\n<li class=\"p1\"><strong>Greutate: 198 g<\/strong><\/li>\n<li class=\"p1\"><strong>Caracteristici: Suport pliabil, indicator LED, certificare UN38.3<\/strong><\/li>\n<li class=\"p1\"><strong>Produc\u0103tor: AceFast<\/strong><\/li>\n<\/ul>\n<p><strong>Confirmat: <a href=\"https:\/\/acefast.com\/catalog\/power-banks\/magnetic-fast-wireless-charge-power-bank-m17-22-5w-10000mah\/\" target=\"_blank\" rel=\"noopener\">https:\/\/acefast.com\/catalog\/power-banks\/magnetic-fast-wireless-charge-power-bank-m17-22-5w-10000mah\/<\/a><\/strong><\/p>","protected":false},"excerpt":{"rendered":"<p><em><strong>Baterie extern\u0103 magnetic\u0103 AceFast M17 10000 mAh: \u00eenc\u0103rcare rapid\u0103 prin cablu 22.5W, wireless p\u00e2n\u0103 la 15W, suport pliabil. O alegere excelent\u0103 pentru c\u0103l\u0103torii.<\/strong><\/em><\/p>","protected":false},"featured_media":6528,"template":"","meta":{"_acf_changed":false},"product_brand":[318],"product_cat":[239],"product_tag":[548,257,547,549],"class_list":{"0":"post-6527","1":"product","2":"type-product","3":"status-publish","4":"has-post-thumbnail","6":"product_brand-acefast","7":"product_cat-power-banks","8":"product_tag-pd-22-5w","9":"product_tag-257","10":"product_tag-547","11":"product_tag-549","13":"first","14":"instock","15":"sale","16":"taxable","17":"shipping-taxable","18":"purchasable","19":"product-type-simple","20":"add-to-wishlist-after_add_to_cart"},"acf":[],"jetpack_sharing_enabled":true,"_links":{"self":[{"href":"https:\/\/darvilais.md\/ro\/wp-json\/wp\/v2\/product\/6527","targetHints":{"allow":["GET"]}}],"collection":[{"href":"https:\/\/darvilais.md\/ro\/wp-json\/wp\/v2\/product"}],"about":[{"href":"https:\/\/darvilais.md\/ro\/wp-json\/wp\/v2\/types\/product"}],"wp:featuredmedia":[{"embeddable":true,"href":"https:\/\/darvilais.md\/ro\/wp-json\/wp\/v2\/media\/6528"}],"wp:attachment":[{"href":"https:\/\/darvilais.md\/ro\/wp-json\/wp\/v2\/media?parent=6527"}],"wp:term":[{"taxonomy":"product_brand","embeddable":true,"href":"https:\/\/darvilais.md\/ro\/wp-json\/wp\/v2\/product_brand?post=6527"},{"taxonomy":"product_cat","embeddable":true,"href":"https:\/\/darvilais.md\/ro\/wp-json\/wp\/v2\/product_cat?post=6527"},{"taxonomy":"product_tag","embeddable":true,"href":"https:\/\/darvilais.md\/ro\/wp-json\/wp\/v2\/product_tag?post=6527"}],"curies":[{"name":"wp","href":"https:\/\/api.w.org\/{rel}","templated":true}]}}