{"id":6505,"date":"2025-04-21T08:57:49","date_gmt":"2025-04-21T08:57:49","guid":{"rendered":"https:\/\/darvilais.md\/?post_type=product&#038;p=6505"},"modified":"2025-05-30T04:22:32","modified_gmt":"2025-05-30T04:22:32","slug":"hoco-hw5","status":"publish","type":"product","link":"https:\/\/darvilais.md\/ro\/produs\/hoco-hw5\/","title":{"rendered":"Hoco HW5"},"content":{"rendered":"<h2 class=\"p1\"><strong>\u00cenc\u0103rc\u0103tor auto wireless Hoco HW5\u00a0<\/strong><\/h2>\n<ul>\n<li><strong>\u00a0Culoare: negru<\/strong><\/li>\n<li class=\"p1\"><strong>Tip: Suport auto pentru \u00eenc\u0103rcarea wireless a telefonului\u00a0<\/strong><\/li>\n<li class=\"p1\"><strong>Putere de ie\u0219ire: 5W \/ 7,5W \/ 10W \/ 15W\u00a0<\/strong><\/li>\n<li class=\"p1\"><strong>Dimensiunile dispozitivului: 175 \u00d7 64 \u00d7 111 mm\u00a0<\/strong><\/li>\n<li class=\"p1\"><strong>Greutate: 192 g\u00a0<\/strong><\/li>\n<li class=\"p1\"><strong>Intrare: Tip C - 5V\/2A, 9V\/1.67A, 12V\/1.5A\u00a0<\/strong><\/li>\n<li class=\"p1\"><strong>Eficien\u021b\u0103 de transfer: 75%\u00a0<\/strong><\/li>\n<li class=\"p1\"><strong>Compatibilitate: Pentru dispozitive mobile cu o diagonal\u0103 de 4,5 - 7 inci\u00a0<\/strong><\/li>\n<li class=\"p1\"><strong>Montare: Clem\u0103 tip presare, loca\u021bie de montare - bordul ma\u0219inii\u00a0<\/strong><\/li>\n<li class=\"p1\"><strong>Material: PC + ABS\u00a0<\/strong><\/li>\n<li class=\"p1\"><strong>Produc\u0103tor: Hoco<\/strong><\/li>\n<\/ul>","protected":false},"excerpt":{"rendered":"<p>\u0410\u0432\u0442\u043e\u043c\u043e\u0431\u0438\u043b\u044c\u043d\u043e\u0435 \u0431\u0435\u0441\u043f\u0440\u043e\u0432\u043e\u0434\u043d\u043e\u0435 \u0437\u0430\u0440\u044f\u0434\u043d\u043e\u0435 \u0443\u0441\u0442\u0440\u043e\u0439\u0441\u0442\u0432\u043e Hoco HW5\u00a0 \u00a0\u0426\u0432\u0435\u0442: \u0447\u0435\u0440\u043d\u044b\u0439 \ufe0f \u0422\u0438\u043f: \u0410\u0432\u0442\u043e\u043c\u043e\u0431\u0438\u043b\u044c\u043d\u044b\u0439 \u0434\u0435\u0440\u0436\u0430\u0442\u0435\u043b\u044c \u0434\u043b\u044f \u0431\u0435\u0441\u043f\u0440\u043e\u0432\u043e\u0434\u043d\u043e\u0439 \u0437\u0430\u0440\u044f\u0434\u043a\u0438 \u0442\u0435\u043b\u0435\u0444\u043e\u043d\u0430\u00a0 \ufe0f \u0412\u044b\u0445\u043e\u0434\u043d\u0430\u044f \u043c\u043e\u0449\u043d\u043e\u0441\u0442\u044c: 5 \u0412\u0442 \/ 7,5 \u0412\u0442 \/ 10 \u0412\u0442 \/ 15 \u0412\u0442\u00a0<\/p>","protected":false},"featured_media":6506,"template":"","meta":{"_acf_changed":false},"product_brand":[],"product_cat":[237],"product_tag":[],"class_list":{"0":"post-6505","1":"product","2":"type-product","3":"status-publish","4":"has-post-thumbnail","6":"product_cat-auto-moto-accessories","8":"first","9":"instock","10":"taxable","11":"shipping-taxable","12":"purchasable","13":"product-type-simple","14":"add-to-wishlist-after_add_to_cart"},"acf":[],"jetpack_sharing_enabled":true,"_links":{"self":[{"href":"https:\/\/darvilais.md\/ro\/wp-json\/wp\/v2\/product\/6505","targetHints":{"allow":["GET"]}}],"collection":[{"href":"https:\/\/darvilais.md\/ro\/wp-json\/wp\/v2\/product"}],"about":[{"href":"https:\/\/darvilais.md\/ro\/wp-json\/wp\/v2\/types\/product"}],"wp:featuredmedia":[{"embeddable":true,"href":"https:\/\/darvilais.md\/ro\/wp-json\/wp\/v2\/media\/6506"}],"wp:attachment":[{"href":"https:\/\/darvilais.md\/ro\/wp-json\/wp\/v2\/media?parent=6505"}],"wp:term":[{"taxonomy":"product_brand","embeddable":true,"href":"https:\/\/darvilais.md\/ro\/wp-json\/wp\/v2\/product_brand?post=6505"},{"taxonomy":"product_cat","embeddable":true,"href":"https:\/\/darvilais.md\/ro\/wp-json\/wp\/v2\/product_cat?post=6505"},{"taxonomy":"product_tag","embeddable":true,"href":"https:\/\/darvilais.md\/ro\/wp-json\/wp\/v2\/product_tag?post=6505"}],"curies":[{"name":"wp","href":"https:\/\/api.w.org\/{rel}","templated":true}]}}