{"id":6454,"date":"2025-04-19T11:59:49","date_gmt":"2025-04-19T08:59:49","guid":{"rendered":"https:\/\/darvilais.md\/?post_type=product&#038;p=6454"},"modified":"2026-04-08T10:18:22","modified_gmt":"2026-04-08T07:18:22","slug":"xo-c140-cup-holder-black","status":"publish","type":"product","link":"https:\/\/darvilais.md\/ro\/produs\/xo-c140-cup-holder-black\/","title":{"rendered":"XO C140"},"content":{"rendered":"<h2><strong>Suport pentru c\u0103ni \u0219i telefoane XO C140<\/strong><\/h2>\n<ul>\n<li><strong>\u00a0Culoare: negru<\/strong><\/li>\n<li class=\"p1\"><strong>Materiale: ABS + silicon + burete + s\u00e2rm\u0103 de o\u021bel\u00a0<\/strong><\/li>\n<li class=\"p1\"><strong>\ufe0f Produse: Suport auto pentru pahare, Suport telefon mobil, Suport pentru sticl\u0103 de ap\u0103 \u0219i Cutie simpl\u0103\u00a0<\/strong><\/li>\n<li class=\"p1\"><strong>Parametri tehnici: bloc glisant pentru sticl\u0103 cu lungime telescopic\u0103 65~98 mm, tensiune clem\u0103 65~88 mm\u00a0<\/strong><\/li>\n<li class=\"p1\"><strong>Temperatur\u0103 de func\u021bionare: maxim\u0103 \u2013 80 \u00b0C, minim\u0103 \u2013 -20 \u00b0C\u00a0<\/strong><\/li>\n<li class=\"p1\"><strong>Dimensiuni adecvate ale produsului: pentru telefoane mobile de 5,0-6,9 inch, clema poate fi utilizat\u0103 \u00een func\u021bie de clasa de produse aplicat\u0103\u00a0<\/strong><\/li>\n<li class=\"p1\"><strong>Greutate produs: 298 \u00b1 3 g\u00a0<\/strong><\/li>\n<li class=\"p1\"><strong>Condi\u021bii de utilizare: temperatur\u0103 ridicat\u0103 50 \u00b0C, temperatur\u0103 sc\u0103zut\u0103 -50 \u00b0C, umiditate 25 \u00b0C\u00a0<\/strong><\/li>\n<li class=\"p1\"><strong>Dimensiuni produs: sticl\u0103 120 * 98 * 149 mm, clem\u0103 130 * 98 * 65 mm, cutie simpl\u0103 95 * 88 * 3 mm\u00a0<\/strong><\/li>\n<li class=\"p1\"><strong>\ufe0f Scenarii adecvate: configura\u021bie auto potrivit\u0103 pentru deschiderea geamului\u00a0<\/strong><\/li>\n<li><strong><strong>Produc\u0103tor: XO<\/strong><\/strong><\/li>\n<\/ul>\n<p><strong>Confirmat: <a href=\"https:\/\/www.instagram.com\/p\/C1_uSPxrvEm\/\" target=\"_blank\" rel=\"noopener\">https:\/\/www.instagram.com\/p\/C1_uSPxrvEm\/<\/a><\/strong><\/p>","protected":false},"excerpt":{"rendered":"<p><strong><em>Suportul auto compact XO C140 dispune de o clem\u0103 reglabil\u0103 pentru telefoane \u0219i c\u0103ni. Disponibil \u00een culoarea neagr\u0103, se potrive\u0219te telefoanelor cu dimensiuni cuprinse \u00eentre 5 \u0219i 6,9 inci.<\/em><\/strong><\/p>","protected":false},"featured_media":6459,"template":"","meta":{"_acf_changed":false},"product_brand":[301],"product_cat":[237],"product_tag":[533,532,534,535],"class_list":{"0":"post-6454","1":"product","2":"type-product","3":"status-publish","4":"has-post-thumbnail","6":"product_brand-xo","7":"product_cat-auto-moto-accessories","8":"product_tag-533","9":"product_tag-532","10":"product_tag-534","11":"product_tag-535","13":"first","14":"instock","15":"taxable","16":"shipping-taxable","17":"purchasable","18":"product-type-simple","19":"add-to-wishlist-after_add_to_cart"},"acf":[],"jetpack_sharing_enabled":true,"_links":{"self":[{"href":"https:\/\/darvilais.md\/ro\/wp-json\/wp\/v2\/product\/6454","targetHints":{"allow":["GET"]}}],"collection":[{"href":"https:\/\/darvilais.md\/ro\/wp-json\/wp\/v2\/product"}],"about":[{"href":"https:\/\/darvilais.md\/ro\/wp-json\/wp\/v2\/types\/product"}],"wp:featuredmedia":[{"embeddable":true,"href":"https:\/\/darvilais.md\/ro\/wp-json\/wp\/v2\/media\/6459"}],"wp:attachment":[{"href":"https:\/\/darvilais.md\/ro\/wp-json\/wp\/v2\/media?parent=6454"}],"wp:term":[{"taxonomy":"product_brand","embeddable":true,"href":"https:\/\/darvilais.md\/ro\/wp-json\/wp\/v2\/product_brand?post=6454"},{"taxonomy":"product_cat","embeddable":true,"href":"https:\/\/darvilais.md\/ro\/wp-json\/wp\/v2\/product_cat?post=6454"},{"taxonomy":"product_tag","embeddable":true,"href":"https:\/\/darvilais.md\/ro\/wp-json\/wp\/v2\/product_tag?post=6454"}],"curies":[{"name":"wp","href":"https:\/\/api.w.org\/{rel}","templated":true}]}}