{"id":6357,"date":"2025-04-16T19:09:54","date_gmt":"2025-04-16T19:09:54","guid":{"rendered":"https:\/\/darvilais.md\/?post_type=product&#038;p=6357"},"modified":"2025-05-29T04:44:05","modified_gmt":"2025-05-29T04:44:05","slug":"hoco-nz5","status":"publish","type":"product","link":"https:\/\/darvilais.md\/ro\/produs\/hoco-nz5\/","title":{"rendered":"Hoco NZ5"},"content":{"rendered":"<h2><strong>\u00cenc\u0103rc\u0103tor auto Hoco NZ5 PD30W+QC3.0\u00a0<\/strong><\/h2>\n<ul>\n<li>\u00a0<strong>Culoare: negru<\/strong><\/li>\n<li class=\"p1\"><strong>Caracteristici principale:\u00a0<\/strong><\/li>\n<li class=\"p1\"><strong>Tip: \u00cenc\u0103rc\u0103tor auto\u00a0<\/strong><\/li>\n<li class=\"p1\"><strong>Ie\u0219ire: Tip C \u2013 30 W, USB-A \u2013 30 W\u00a0<\/strong><\/li>\n<li class=\"p1\"><strong>Putere total\u0103 de ie\u0219ire: 5V\/5A\u00a0<\/strong><\/li>\n<li class=\"p1\"><strong>Suport\u0103 protocoale de \u00eenc\u0103rcare rapid\u0103: PD, QC, PPS, FCP, AFC\u00a0<\/strong><\/li>\n<li class=\"p1\"><strong>Material: Aliaj de aluminiu + PC ignifug\u00a0<\/strong><\/li>\n<li class=\"p1\"><strong>Dimensiuni: 51 x 26 mm\u00a0<\/strong><\/li>\n<li class=\"p1\"><strong>Greutate: 22 g (\u00eenc\u0103rc\u0103tor), 39 g (cu cablu)\u00a0<\/strong><\/li>\n<li class=\"p1\"><strong>Cablu: Tip C la Lightning sau Tip C la Tip C, lungime 1 m\u00a0<\/strong><\/li>\n<li class=\"p1\"><strong>Produc\u0103tor: Hoco<\/strong><\/li>\n<\/ul>","protected":false},"excerpt":{"rendered":"<p>\u0410\u0432\u0442\u043e\u043c\u043e\u0431\u0438\u043b\u044c\u043d\u043e\u0435 \u0437\u0430\u0440\u044f\u0434\u043d\u043e\u0435 \u0443\u0441\u0442\u0440\u043e\u0439\u0441\u0442\u0432\u043e Hoco NZ5 PD30W+QC3.0\u00a0 \u00a0\u0426\u0432\u0435\u0442: \u0447\u0435\u0440\u043d\u044b\u0439 \u041e\u0441\u043d\u043e\u0432\u043d\u044b\u0435 \u0445\u0430\u0440\u0430\u043a\u0442\u0435\u0440\u0438\u0441\u0442\u0438\u043a\u0438:\u00a0 \ufe0f \u0422\u0438\u043f: \u0430\u0432\u0442\u043e\u043c\u043e\u0431\u0438\u043b\u044c\u043d\u043e\u0435 \u0437\u0430\u0440\u044f\u0434\u043d\u043e\u0435 \u0443\u0441\u0442\u0440\u043e\u0439\u0441\u0442\u0432\u043e\u00a0 \ufe0f \u0412\u044b\u0445\u043e\u0434: Type-C &#8211; 30 \u0412\u0442, USB-A &#8211; 30 \u0412\u0442\u00a0 \ufe0f \u041e\u0431\u0449\u0430\u044f \u0432\u044b\u0445\u043e\u0434\u043d\u0430\u044f \u043c\u043e\u0449\u043d\u043e\u0441\u0442\u044c: 5<\/p>","protected":false},"featured_media":6358,"template":"","meta":{"_acf_changed":false},"product_brand":[],"product_cat":[237],"product_tag":[],"class_list":{"0":"post-6357","1":"product","2":"type-product","3":"status-publish","4":"has-post-thumbnail","6":"product_cat-auto-moto-accessories","8":"first","9":"instock","10":"sale","11":"purchasable","12":"product-type-simple","13":"add-to-wishlist-after_add_to_cart"},"acf":[],"jetpack_sharing_enabled":true,"_links":{"self":[{"href":"https:\/\/darvilais.md\/ro\/wp-json\/wp\/v2\/product\/6357","targetHints":{"allow":["GET"]}}],"collection":[{"href":"https:\/\/darvilais.md\/ro\/wp-json\/wp\/v2\/product"}],"about":[{"href":"https:\/\/darvilais.md\/ro\/wp-json\/wp\/v2\/types\/product"}],"wp:featuredmedia":[{"embeddable":true,"href":"https:\/\/darvilais.md\/ro\/wp-json\/wp\/v2\/media\/6358"}],"wp:attachment":[{"href":"https:\/\/darvilais.md\/ro\/wp-json\/wp\/v2\/media?parent=6357"}],"wp:term":[{"taxonomy":"product_brand","embeddable":true,"href":"https:\/\/darvilais.md\/ro\/wp-json\/wp\/v2\/product_brand?post=6357"},{"taxonomy":"product_cat","embeddable":true,"href":"https:\/\/darvilais.md\/ro\/wp-json\/wp\/v2\/product_cat?post=6357"},{"taxonomy":"product_tag","embeddable":true,"href":"https:\/\/darvilais.md\/ro\/wp-json\/wp\/v2\/product_tag?post=6357"}],"curies":[{"name":"wp","href":"https:\/\/api.w.org\/{rel}","templated":true}]}}