{"id":6345,"date":"2025-04-15T14:47:30","date_gmt":"2025-04-15T14:47:30","guid":{"rendered":"https:\/\/darvilais.md\/?post_type=product&#038;p=6345"},"modified":"2025-08-10T18:26:18","modified_gmt":"2025-08-10T18:26:18","slug":"xo-c88-car-holder-sucker-plate","status":"publish","type":"product","link":"https:\/\/darvilais.md\/ro\/produs\/xo-c88-car-holder-sucker-plate\/","title":{"rendered":"XO C88"},"content":{"rendered":"<p><strong>Suport auto XO C88 cu ventuz\u0103<\/strong><\/p>\n<ul>\n<li class=\"p1\"><strong>\ufe0f Culoare: negru\u00a0<\/strong><\/li>\n<li class=\"p1\"><strong>\ufe0f Material: ABS\u00a0<\/strong><\/li>\n<li class=\"p1\"><strong>Potrivit pentru telefoane mobile de p\u00e2n\u0103 la 6,7 inci\u00a0<\/strong><\/li>\n<li class=\"p1\"><strong>Greutate produs: 98 g\u00a0<\/strong><\/li>\n<li class=\"p1\"><strong>Dimensiunea produsului: 100*105*85 mm\u00a0<\/strong><\/li>\n<li class=\"p1\"><strong>Dimensiunea pachetului: 100 * 165 * 70 mm\u00a0<\/strong><\/li>\n<li class=\"p1\"><strong>\ufe0f Culoare: negru\u00a0<\/strong><\/li>\n<li class=\"p1\"><strong>Produc\u0103tor: XO\u00a0<\/strong><\/li>\n<\/ul>","protected":false},"excerpt":{"rendered":"<p><em><strong>Suportul cu ventuz\u0103 XO C88 sus\u021bine smartphone-uri de p\u00e2n\u0103 la 6,7 inci. Se monteaz\u0103 pe bord sau pe parbriz.<\/strong><\/em><\/p>","protected":false},"featured_media":6346,"template":"","meta":{"_acf_changed":false},"product_brand":[],"product_cat":[237],"product_tag":[533,532,503,536],"class_list":{"0":"post-6345","1":"product","2":"type-product","3":"status-publish","4":"has-post-thumbnail","6":"product_cat-auto-moto-accessories","7":"product_tag-533","8":"product_tag-532","9":"product_tag-503","10":"product_tag-536","12":"first","13":"instock","14":"sale","15":"purchasable","16":"product-type-simple","17":"add-to-wishlist-after_add_to_cart"},"acf":[],"jetpack_sharing_enabled":true,"_links":{"self":[{"href":"https:\/\/darvilais.md\/ro\/wp-json\/wp\/v2\/product\/6345","targetHints":{"allow":["GET"]}}],"collection":[{"href":"https:\/\/darvilais.md\/ro\/wp-json\/wp\/v2\/product"}],"about":[{"href":"https:\/\/darvilais.md\/ro\/wp-json\/wp\/v2\/types\/product"}],"wp:featuredmedia":[{"embeddable":true,"href":"https:\/\/darvilais.md\/ro\/wp-json\/wp\/v2\/media\/6346"}],"wp:attachment":[{"href":"https:\/\/darvilais.md\/ro\/wp-json\/wp\/v2\/media?parent=6345"}],"wp:term":[{"taxonomy":"product_brand","embeddable":true,"href":"https:\/\/darvilais.md\/ro\/wp-json\/wp\/v2\/product_brand?post=6345"},{"taxonomy":"product_cat","embeddable":true,"href":"https:\/\/darvilais.md\/ro\/wp-json\/wp\/v2\/product_cat?post=6345"},{"taxonomy":"product_tag","embeddable":true,"href":"https:\/\/darvilais.md\/ro\/wp-json\/wp\/v2\/product_tag?post=6345"}],"curies":[{"name":"wp","href":"https:\/\/api.w.org\/{rel}","templated":true}]}}