{"id":6296,"date":"2025-04-13T12:27:03","date_gmt":"2025-04-13T12:27:03","guid":{"rendered":"https:\/\/darvilais.md\/?post_type=product&#038;p=6296"},"modified":"2025-08-21T09:43:49","modified_gmt":"2025-08-21T09:43:49","slug":"hoco-cw47-wireless-charger-magsafe-15w","status":"publish","type":"product","link":"https:\/\/darvilais.md\/ro\/produs\/hoco-cw47-wireless-charger-magsafe-15w\/","title":{"rendered":"Hoco CW47"},"content":{"rendered":"<h2><strong>\u00cenc\u0103rc\u0103tor wireless Hoco CW47<\/strong><\/h2>\n<ul>\n<li class=\"p1\"><strong>Culoare: alb<\/strong><\/li>\n<li class=\"p1\"><strong>Intrare: Tip C 5V\/2<\/strong><\/li>\n<li class=\"p1\"><strong>Putere: p\u00e2n\u0103 la 15 W (Caracteristici: fixare magnetic\u0103 (MagSafe), suport pentru \u00eenc\u0103rcare rapid\u0103, protec\u021bie \u00eempotriva supra\u00eenc\u0103lzirii \u0219i supra\u00eenc\u0103rc\u0103rii)<\/strong><\/li>\n<li class=\"p1\"><strong>Compatibilitate: iPhone seria 12\/13\/14\/15, Android cu suport pentru \u00eenc\u0103rcare wireless<\/strong><\/li>\n<li class=\"p1\"><strong>Material: ABS + PC<\/strong><\/li>\n<li class=\"p1\"><strong>Dimensiuni: 60 \u00d7 60 \u00d7 6,5 mm; Greutate: 45 g<\/strong><\/li>\n<li class=\"p1\"><strong>Producator: Hoco<\/strong><\/li>\n<\/ul>\n<p><strong><span class=\"s1\">Confirmat: <\/span><a href=\"https:\/\/hocotech.com\/category\/power\/wireless-chargers\/\" target=\"_blank\" rel=\"noopener\">https:\/\/hocotech.com\/category\/power\/wireless-chargers\/<\/a><\/strong><\/p>","protected":false},"excerpt":{"rendered":"<p><strong><em>\u00cenc\u0103rc\u0103torul wireless Hoco CW47 dispune de \u00eenc\u0103rcare magnetic\u0103 MagSafe \u0219i accept\u0103 \u00eenc\u0103rcare rapid\u0103 de p\u00e2n\u0103 la 15W. Este compact \u0219i dispune de protec\u021bie la supra\u00eenc\u0103lzire.<\/em><\/strong><\/p>","protected":false},"featured_media":6299,"template":"","meta":{"_acf_changed":false},"product_brand":[286],"product_cat":[251],"product_tag":[494,383,257,260],"class_list":{"0":"post-6296","1":"product","2":"type-product","3":"status-publish","4":"has-post-thumbnail","6":"product_brand-hoco","7":"product_cat-wireless-chargers","8":"product_tag-3--1","9":"product_tag-magsafe","10":"product_tag-257","11":"product_tag---iphone","13":"first","14":"instock","15":"sale","16":"purchasable","17":"product-type-simple","18":"add-to-wishlist-after_add_to_cart"},"acf":[],"jetpack_sharing_enabled":true,"_links":{"self":[{"href":"https:\/\/darvilais.md\/ro\/wp-json\/wp\/v2\/product\/6296","targetHints":{"allow":["GET"]}}],"collection":[{"href":"https:\/\/darvilais.md\/ro\/wp-json\/wp\/v2\/product"}],"about":[{"href":"https:\/\/darvilais.md\/ro\/wp-json\/wp\/v2\/types\/product"}],"wp:featuredmedia":[{"embeddable":true,"href":"https:\/\/darvilais.md\/ro\/wp-json\/wp\/v2\/media\/6299"}],"wp:attachment":[{"href":"https:\/\/darvilais.md\/ro\/wp-json\/wp\/v2\/media?parent=6296"}],"wp:term":[{"taxonomy":"product_brand","embeddable":true,"href":"https:\/\/darvilais.md\/ro\/wp-json\/wp\/v2\/product_brand?post=6296"},{"taxonomy":"product_cat","embeddable":true,"href":"https:\/\/darvilais.md\/ro\/wp-json\/wp\/v2\/product_cat?post=6296"},{"taxonomy":"product_tag","embeddable":true,"href":"https:\/\/darvilais.md\/ro\/wp-json\/wp\/v2\/product_tag?post=6296"}],"curies":[{"name":"wp","href":"https:\/\/api.w.org\/{rel}","templated":true}]}}