{"id":5971,"date":"2024-10-28T20:21:42","date_gmt":"2024-10-28T20:21:42","guid":{"rendered":"https:\/\/darvilais.md\/?post_type=product&#038;p=5971"},"modified":"2025-08-30T08:51:24","modified_gmt":"2025-08-30T08:51:24","slug":"hoco-gt1-laptop-bag-15-6-inch","status":"publish","type":"product","link":"https:\/\/darvilais.md\/ro\/produs\/hoco-gt1-laptop-bag-15-6-inch\/","title":{"rendered":"Hoco GT1"},"content":{"rendered":"<h2><strong>Geant\u0103 pentru laptop Hoco GT1 Simple Series de 15,6\u2033<\/strong><\/h2>\n<ul>\n<li class=\"p1\"><strong>Culoare: negru, gri<\/strong><\/li>\n<li class=\"p1\"><strong>Tip: geant\u0103\/hus\u0103 pentru laptop<\/strong><\/li>\n<li class=\"p1\"><strong>Compatibilitate: laptopuri de p\u00e2n\u0103 la 15,6\u2033<\/strong><\/li>\n<li class=\"p1\"><strong>Material: poliester Oxford 330D cu tratament hidrofug<\/strong><\/li>\n<li class=\"p1\"><strong>C\u0103ptu\u0219eal\u0103 interioar\u0103: catifea fulgoas\u0103 \/ cristal<\/strong><\/li>\n<li class=\"p1\"><strong>Dimensiuni: 38 \u00d7 27 \u00d7 2 cm (pentru versiunea de 14\u2033) sau aproximativ 45 \u00d7 34 \u00d7 2 cm (PandaShop)\u00a0<\/strong><\/li>\n<li class=\"p1\"><strong>Greutate: 380\u2013414 g<\/strong><\/li>\n<li class=\"p1\"><strong>Compartimente: un compartiment principal cu fermoar + buzunar exterior<\/strong><\/li>\n<li class=\"p1\"><strong>Caracteristici: Design multistrat, protec\u021bie moale pentru dispozitiv, fermoare rezistente, curea deta\u0219abil\u0103<\/strong><\/li>\n<li class=\"p1\"><strong>Producator: Hoco<\/strong><\/li>\n<\/ul>\n<p><strong><span class=\"s1\">Confirmat: <\/span><a href=\"https:\/\/www.hocotech.it\/en\/information-technology\/hoco-15-6quot-laptop-bag-black\" target=\"_blank\" rel=\"noopener\">https:\/\/www.hocotech.it\/en\/information-technology\/hoco-15-6quot-laptop-bag-black<\/a><\/strong><\/p>","protected":false},"excerpt":{"rendered":"<p><em><strong>U\u0219oar\u0103 \u0219i durabil\u0103, geanta Hoco GT1 este fabricat\u0103 din \u021bes\u0103turi Oxford, cu o c\u0103ptu\u0219eal\u0103 interioar\u0103 moale \u0219i o curea deta\u0219abil\u0103 \u2013 protec\u021bie fiabil\u0103 pentru laptopul t\u0103u de p\u00e2n\u0103 la 15,6\u2033.<\/strong><\/em><\/p>","protected":false},"featured_media":8504,"template":"","meta":{"_acf_changed":false},"product_brand":[286],"product_cat":[245],"product_tag":[717,716,718,715],"class_list":{"0":"post-5971","1":"product","2":"type-product","3":"status-publish","4":"has-post-thumbnail","6":"product_brand-hoco","7":"product_cat-everyday-accessories","8":"product_tag-oxford-","9":"product_tag-716","10":"product_tag-718","11":"product_tag-715","13":"first","14":"instock","15":"taxable","16":"shipping-taxable","17":"purchasable","18":"product-type-variable","19":"add-to-wishlist-after_add_to_cart"},"acf":[],"jetpack_sharing_enabled":true,"_links":{"self":[{"href":"https:\/\/darvilais.md\/ro\/wp-json\/wp\/v2\/product\/5971","targetHints":{"allow":["GET"]}}],"collection":[{"href":"https:\/\/darvilais.md\/ro\/wp-json\/wp\/v2\/product"}],"about":[{"href":"https:\/\/darvilais.md\/ro\/wp-json\/wp\/v2\/types\/product"}],"wp:featuredmedia":[{"embeddable":true,"href":"https:\/\/darvilais.md\/ro\/wp-json\/wp\/v2\/media\/8504"}],"wp:attachment":[{"href":"https:\/\/darvilais.md\/ro\/wp-json\/wp\/v2\/media?parent=5971"}],"wp:term":[{"taxonomy":"product_brand","embeddable":true,"href":"https:\/\/darvilais.md\/ro\/wp-json\/wp\/v2\/product_brand?post=5971"},{"taxonomy":"product_cat","embeddable":true,"href":"https:\/\/darvilais.md\/ro\/wp-json\/wp\/v2\/product_cat?post=5971"},{"taxonomy":"product_tag","embeddable":true,"href":"https:\/\/darvilais.md\/ro\/wp-json\/wp\/v2\/product_tag?post=5971"}],"curies":[{"name":"wp","href":"https:\/\/api.w.org\/{rel}","templated":true}]}}