{"id":5967,"date":"2024-10-28T20:20:07","date_gmt":"2024-10-28T20:20:07","guid":{"rendered":"https:\/\/darvilais.md\/?post_type=product&#038;p=5967"},"modified":"2025-08-30T09:09:32","modified_gmt":"2025-08-30T09:09:32","slug":"xo-cf20-hair-clipper-usb-charging-black","status":"publish","type":"product","link":"https:\/\/darvilais.md\/ro\/produs\/xo-cf20-hair-clipper-usb-charging-black\/","title":{"rendered":"XO CF20"},"content":{"rendered":"<h2><strong>Ma\u0219in\u0103 de tuns f\u0103r\u0103 fir XO CF20<\/strong><\/h2>\n<ul>\n<li class=\"p1\"><strong>Culoare: negru<\/strong><\/li>\n<li class=\"p1\"><strong>Tip: ma\u0219in\u0103 de tuns f\u0103r\u0103 fir<\/strong><\/li>\n<li class=\"p1\"><strong>Material carcas\u0103: plastic ABS<\/strong><\/li>\n<li class=\"p1\"><strong>Materialul lamei: o\u021bel<\/strong><\/li>\n<li class=\"p1\"><strong>Dimensiuni: 148,3 \u00d7 33,9 \u00d7 34,7 mm<\/strong><\/li>\n<li class=\"p1\"><strong>Greutate: 149,8 g<\/strong><\/li>\n<li class=\"p1\"><strong>Capacitatea bateriei: 2000 mAh<\/strong><\/li>\n<li class=\"p1\"><strong>Timp de func\u021bionare: p\u00e2n\u0103 la 240 de minute<\/strong><\/li>\n<li class=\"p1\"><strong>Timp de \u00eenc\u0103rcare: 2-4 ore<\/strong><\/li>\n<li class=\"p1\"><strong>Putere: 8 W<\/strong><\/li>\n<li class=\"p1\"><strong>Vitez\u0103 de rota\u021bie: 6500 rpm<\/strong><\/li>\n<li class=\"p1\"><strong>Nivel de zgomot: \u2264 65 dB<\/strong><\/li>\n<li class=\"p1\"><strong>Rezisten\u021b\u0103 la ap\u0103: IPX6<\/strong><\/li>\n<li class=\"p1\"><strong>Alimentare: baterie, USB tip C (DC 5V\/1A)<\/strong><\/li>\n<li class=\"p1\"><strong>Num\u0103r de accesorii: 4 (1,5, 3,0, 4,5, 6,0 mm)<\/strong><\/li>\n<li class=\"p1\"><strong>L\u0103\u021bimea lamei: 33,9 mm<\/strong><\/li>\n<li class=\"p1\"><strong>Pachetul include: aparat, 4 accesorii, cablu de \u00eenc\u0103rcare, perie de cur\u0103\u021bare<\/strong><\/li>\n<li class=\"p1\"><strong>Produc\u0103tor: XO<\/strong><\/li>\n<\/ul>","protected":false},"excerpt":{"rendered":"<p><em><strong>Ma\u0219in\u0103 de tuns XO CF20 cu \u00eenc\u0103rcare USB \u0219i rezisten\u021b\u0103 la ap\u0103 IPX6. Include 4 accesorii pentru o t\u0103iere precis\u0103.<\/strong><\/em><\/p>","protected":false},"featured_media":8523,"template":"","meta":{"_acf_changed":false},"product_brand":[301],"product_cat":[245],"product_tag":[724,723,722,450],"class_list":{"0":"post-5967","1":"product","2":"type-product","3":"status-publish","4":"has-post-thumbnail","6":"product_brand-xo","7":"product_cat-everyday-accessories","8":"product_tag-4-","9":"product_tag-usb-","10":"product_tag-722","11":"product_tag--ipx6","13":"first","14":"instock","15":"taxable","16":"shipping-taxable","17":"purchasable","18":"product-type-simple","19":"add-to-wishlist-after_add_to_cart"},"acf":[],"jetpack_sharing_enabled":true,"_links":{"self":[{"href":"https:\/\/darvilais.md\/ro\/wp-json\/wp\/v2\/product\/5967","targetHints":{"allow":["GET"]}}],"collection":[{"href":"https:\/\/darvilais.md\/ro\/wp-json\/wp\/v2\/product"}],"about":[{"href":"https:\/\/darvilais.md\/ro\/wp-json\/wp\/v2\/types\/product"}],"wp:featuredmedia":[{"embeddable":true,"href":"https:\/\/darvilais.md\/ro\/wp-json\/wp\/v2\/media\/8523"}],"wp:attachment":[{"href":"https:\/\/darvilais.md\/ro\/wp-json\/wp\/v2\/media?parent=5967"}],"wp:term":[{"taxonomy":"product_brand","embeddable":true,"href":"https:\/\/darvilais.md\/ro\/wp-json\/wp\/v2\/product_brand?post=5967"},{"taxonomy":"product_cat","embeddable":true,"href":"https:\/\/darvilais.md\/ro\/wp-json\/wp\/v2\/product_cat?post=5967"},{"taxonomy":"product_tag","embeddable":true,"href":"https:\/\/darvilais.md\/ro\/wp-json\/wp\/v2\/product_tag?post=5967"}],"curies":[{"name":"wp","href":"https:\/\/api.w.org\/{rel}","templated":true}]}}