{"id":5962,"date":"2024-10-28T20:18:14","date_gmt":"2024-10-28T20:18:14","guid":{"rendered":"https:\/\/darvilais.md\/?post_type=product&#038;p=5962"},"modified":"2025-08-30T09:00:55","modified_gmt":"2025-08-30T09:00:55","slug":"hoco-hp32-three-blade-shaver-ipx7","status":"publish","type":"product","link":"https:\/\/darvilais.md\/ro\/produs\/hoco-hp32-three-blade-shaver-ipx7\/","title":{"rendered":"Hoco HP32"},"content":{"rendered":"<h2><strong>Aparat de ras electric cu trei lame Hoco HP32<\/strong><\/h2>\n<ul>\n<li class=\"p1\"><strong>Culoare: negru<\/strong><\/li>\n<li class=\"p1\"><strong>Tip: Aparat de ras electric cu trei lame<\/strong><\/li>\n<li class=\"p1\"><strong>Material: ABS + o\u021bel inoxidabil<\/strong><\/li>\n<li class=\"p1\"><strong>Dimensiuni: 155 \u00d7 39 \u00d7 41 mm<\/strong><\/li>\n<li class=\"p1\"><strong>Greutate: 153 g<\/strong><\/li>\n<li class=\"p1\"><strong>Capacitatea bateriei: 600 mAh<\/strong><\/li>\n<li class=\"p1\"><strong>Timp de \u00eenc\u0103rcare: 1-2 ore<\/strong><\/li>\n<li class=\"p1\"><strong>Timp de lucru: 60 de minute<\/strong><\/li>\n<li class=\"p1\"><strong>Timp de a\u0219teptare: p\u00e2n\u0103 la 90 de zile<\/strong><\/li>\n<li class=\"p1\"><strong>Viteza lamei: 3200 \u00b1 500 rpm<\/strong><\/li>\n<li class=\"p1\"><strong>Rezisten\u021b\u0103 la ap\u0103: IPX7<\/strong><\/li>\n<li class=\"p1\"><strong>Afi\u0219aj: LED<\/strong><\/li>\n<li class=\"p1\"><strong>Caracteristici: afi\u0219aj digital, blocare pentru a preveni activarea accidental\u0103<\/strong><\/li>\n<li class=\"p1\"><strong>Pachetul include: aparat de ras electric, hus\u0103, cablu de \u00eenc\u0103rcare, perie de cur\u0103\u021bare<\/strong><\/li>\n<li class=\"p1\"><strong>Producator: Hoco<\/strong><\/li>\n<\/ul>\n<p><strong><span class=\"s1\">Confirmat: <\/span><a href=\"https:\/\/hoco.com.bd\/product\/hoco-hp32-three-blade-electric-shaver\/?srsltid=AfmBOoqj3N3drtEO2VgK-Wbs78PF8QLeA8IYh8gkH4EtHYKjCkk74vh1\" target=\"_blank\" rel=\"noopener\">https:\/\/hoco.com.bd\/product\/hoco-hp32-three-blade-electric-shaver\/?srsltid=AfmBOoqj3N3drtEO2VgK-Wbs78PF8QLeA8IYh8gkH4EtHYKjCkk74vh1<\/a><\/strong><\/p>","protected":false},"excerpt":{"rendered":"<p><strong><em>Aparatul de ras electric cu trei lame Hoco HP32 ofer\u0103 un b\u0103rbierit de calitate. Rezisten\u021ba la ap\u0103 IPX7 \u0219i afi\u0219ajul digital \u00eel fac u\u0219or de utilizat.<\/em><\/strong><\/p>","protected":false},"featured_media":8519,"template":"","meta":{"_acf_changed":false},"product_brand":[286],"product_cat":[245],"product_tag":[721,720,719,526],"class_list":{"0":"post-5962","1":"product","2":"type-product","3":"status-publish","4":"has-post-thumbnail","6":"product_brand-hoco","7":"product_cat-everyday-accessories","8":"product_tag--600-","9":"product_tag--ipx7","10":"product_tag-719","11":"product_tag-526","13":"first","14":"instock","15":"sale","16":"taxable","17":"shipping-taxable","18":"purchasable","19":"product-type-simple","20":"add-to-wishlist-after_add_to_cart"},"acf":[],"jetpack_sharing_enabled":true,"_links":{"self":[{"href":"https:\/\/darvilais.md\/ro\/wp-json\/wp\/v2\/product\/5962","targetHints":{"allow":["GET"]}}],"collection":[{"href":"https:\/\/darvilais.md\/ro\/wp-json\/wp\/v2\/product"}],"about":[{"href":"https:\/\/darvilais.md\/ro\/wp-json\/wp\/v2\/types\/product"}],"wp:featuredmedia":[{"embeddable":true,"href":"https:\/\/darvilais.md\/ro\/wp-json\/wp\/v2\/media\/8519"}],"wp:attachment":[{"href":"https:\/\/darvilais.md\/ro\/wp-json\/wp\/v2\/media?parent=5962"}],"wp:term":[{"taxonomy":"product_brand","embeddable":true,"href":"https:\/\/darvilais.md\/ro\/wp-json\/wp\/v2\/product_brand?post=5962"},{"taxonomy":"product_cat","embeddable":true,"href":"https:\/\/darvilais.md\/ro\/wp-json\/wp\/v2\/product_cat?post=5962"},{"taxonomy":"product_tag","embeddable":true,"href":"https:\/\/darvilais.md\/ro\/wp-json\/wp\/v2\/product_tag?post=5962"}],"curies":[{"name":"wp","href":"https:\/\/api.w.org\/{rel}","templated":true}]}}