{"id":5951,"date":"2024-10-28T20:14:49","date_gmt":"2024-10-28T20:14:49","guid":{"rendered":"https:\/\/darvilais.md\/?post_type=product&#038;p=5951"},"modified":"2025-08-29T21:19:53","modified_gmt":"2025-08-29T21:19:53","slug":"hoco-dq01-dual-band-router","status":"publish","type":"product","link":"https:\/\/darvilais.md\/ro\/produs\/hoco-dq01-dual-band-router\/","title":{"rendered":"Hoco DQ01"},"content":{"rendered":"<h2><strong>Router Hoco DQ01 Unic cu band\u0103 dual\u0103<\/strong><\/h2>\n<ul>\n<li class=\"p1\"><strong>Culoare: negru<\/strong><\/li>\n<li class=\"p1\"><strong>Tip: router wireless<\/strong><\/li>\n<li class=\"p1\"><strong>Dimensiuni: 143 \u00d7 95 \u00d7 37 mm<\/strong><\/li>\n<li class=\"p1\"><strong>Greutate: 138 g<\/strong><\/li>\n<li class=\"p1\"><strong>Memorie: Flash 8 MB, DDR 64 MB<\/strong><\/li>\n<li class=\"p1\"><strong>Vitez\u0103 Wi-Fi:<\/strong><\/li>\n<li class=\"p1\"><strong><span class=\"Apple-converted-space\">\u00a0 <\/span>\u2013 2,4 GHz: p\u00e2n\u0103 la 300 Mbps<\/strong><\/li>\n<li class=\"p1\"><strong><span class=\"Apple-converted-space\">\u00a0 <\/span>\u2013 5 GHz: p\u00e2n\u0103 la 867 Mbps<\/strong><\/li>\n<li class=\"p1\"><strong>Vitez\u0103 LAN: 2 \u00d7 100 Mbps<\/strong><\/li>\n<li class=\"p1\"><strong>Vitez\u0103 WAN: 1 x 100 Mbps<\/strong><\/li>\n<li class=\"p1\"><strong>Anten\u0103: 2\u00d72,4 GHz (5 dBi) + 2\u00d75 GHz (5 dBi)<\/strong><\/li>\n<li class=\"p1\"><strong>Suport: IPV6, Control parental, QoS, Filtrare IP\/Port\/MAC\/URL, Redirec\u021bionare port<\/strong><\/li>\n<li class=\"p1\"><strong>Culoare: negru<\/strong><\/li>\n<li class=\"p1\"><strong>Producator: Hoco<\/strong><\/li>\n<\/ul>","protected":false},"excerpt":{"rendered":"<p><em><strong>Hoco DQ01 este un router Wi-Fi dual-band cu patru antene care ofer\u0103 o conexiune stabil\u0103 \u0219i suport IPV6.<\/strong><\/em><\/p>","protected":false},"featured_media":8479,"template":"","meta":{"_acf_changed":false},"product_brand":[286],"product_cat":[244],"product_tag":[701,700,702,699],"class_list":{"0":"post-5951","1":"product","2":"type-product","3":"status-publish","4":"has-post-thumbnail","6":"product_brand-hoco","7":"product_cat-home-office","8":"product_tag-wi-fi-5","9":"product_tag-700","10":"product_tag-702","11":"product_tag-699","13":"first","14":"instock","15":"sale","16":"taxable","17":"shipping-taxable","18":"purchasable","19":"product-type-simple","20":"add-to-wishlist-after_add_to_cart"},"acf":[],"jetpack_sharing_enabled":true,"_links":{"self":[{"href":"https:\/\/darvilais.md\/ro\/wp-json\/wp\/v2\/product\/5951","targetHints":{"allow":["GET"]}}],"collection":[{"href":"https:\/\/darvilais.md\/ro\/wp-json\/wp\/v2\/product"}],"about":[{"href":"https:\/\/darvilais.md\/ro\/wp-json\/wp\/v2\/types\/product"}],"wp:featuredmedia":[{"embeddable":true,"href":"https:\/\/darvilais.md\/ro\/wp-json\/wp\/v2\/media\/8479"}],"wp:attachment":[{"href":"https:\/\/darvilais.md\/ro\/wp-json\/wp\/v2\/media?parent=5951"}],"wp:term":[{"taxonomy":"product_brand","embeddable":true,"href":"https:\/\/darvilais.md\/ro\/wp-json\/wp\/v2\/product_brand?post=5951"},{"taxonomy":"product_cat","embeddable":true,"href":"https:\/\/darvilais.md\/ro\/wp-json\/wp\/v2\/product_cat?post=5951"},{"taxonomy":"product_tag","embeddable":true,"href":"https:\/\/darvilais.md\/ro\/wp-json\/wp\/v2\/product_tag?post=5951"}],"curies":[{"name":"wp","href":"https:\/\/api.w.org\/{rel}","templated":true}]}}