{"id":5941,"date":"2024-10-28T20:10:20","date_gmt":"2024-10-28T20:10:20","guid":{"rendered":"https:\/\/darvilais.md\/?post_type=product&#038;p=5941"},"modified":"2025-08-29T21:27:36","modified_gmt":"2025-08-29T21:27:36","slug":"xo-cr04-dual-lens-outdoor-camera","status":"publish","type":"product","link":"https:\/\/darvilais.md\/ro\/produs\/xo-cr04-dual-lens-outdoor-camera\/","title":{"rendered":"XO CR04"},"content":{"rendered":"<h2><strong>XO CR04 - Camer\u0103 de securitate cu obiectiv dublu<\/strong><\/h2>\n<ul>\n<li class=\"p1\"><strong>Culoare: negru<\/strong><\/li>\n<li class=\"p1\"><strong>Tip: camer\u0103 dome de exterior cu dou\u0103 lentile<\/strong><\/li>\n<li class=\"p1\"><strong>Rezolu\u021bie: 400W pixeli (1920\u00d71080)<\/strong><\/li>\n<li class=\"p1\"><strong>Senzor: 2 lentile cu afi\u0219are simultan\u0103<\/strong><\/li>\n<li class=\"p1\"><strong>Conexiune: Wi-Fi 2.4 GHz<\/strong><\/li>\n<li class=\"p1\"><strong>Unghi de vizualizare: 72\u00b0<\/strong><\/li>\n<li class=\"p1\"><strong>Detec\u021bie mi\u0219care: p\u00e2n\u0103 la 12 m<\/strong><\/li>\n<li class=\"p1\"><strong>Vedere nocturn\u0103: infraro\u0219u p\u00e2n\u0103 la 20 m, lumin\u0103 alb\u0103 p\u00e2n\u0103 la 15 m<\/strong><\/li>\n<li class=\"p1\"><strong>Audio: comunicare bidirec\u021bional\u0103<\/strong><\/li>\n<li class=\"p1\"><strong>Slot card memorie: microSD p\u00e2n\u0103 la 128 GB<\/strong><\/li>\n<li class=\"p1\"><strong>Aplica\u021bie: CareCam PRO (Android, iOS)<\/strong><\/li>\n<li class=\"p1\"><strong>Alimentare: CC 12V 1.2A<\/strong><\/li>\n<li class=\"p1\"><strong>Dimensiuni: 160 \u00d7 180 mm<\/strong><\/li>\n<li class=\"p1\"><strong>Greutate: 163 g<\/strong><\/li>\n<li class=\"p1\"><strong>Material: ABS<\/strong><\/li>\n<li class=\"p1\"><strong>Produc\u0103tor: XO<\/strong><\/li>\n<\/ul>","protected":false},"excerpt":{"rendered":"<p><em><strong>XO CR04 este o camer\u0103 de exterior cu dou\u0103 obiective, vedere nocturn\u0103 \u0219i comunicare bidirec\u021bional\u0103, ideal\u0103 pentru securitatea casei sau a biroului.<\/strong><\/em><\/p>","protected":false},"featured_media":8487,"template":"","meta":{"_acf_changed":false},"product_brand":[301],"product_cat":[244],"product_tag":[704,706,703,705],"class_list":{"0":"post-5941","1":"product","2":"type-product","3":"status-publish","4":"has-post-thumbnail","6":"product_brand-xo","7":"product_cat-home-office","8":"product_tag-704","9":"product_tag-706","10":"product_tag-703","11":"product_tag-705","13":"first","14":"instock","15":"sale","16":"taxable","17":"shipping-taxable","18":"purchasable","19":"product-type-simple","20":"add-to-wishlist-after_add_to_cart"},"acf":[],"jetpack_sharing_enabled":true,"_links":{"self":[{"href":"https:\/\/darvilais.md\/ro\/wp-json\/wp\/v2\/product\/5941","targetHints":{"allow":["GET"]}}],"collection":[{"href":"https:\/\/darvilais.md\/ro\/wp-json\/wp\/v2\/product"}],"about":[{"href":"https:\/\/darvilais.md\/ro\/wp-json\/wp\/v2\/types\/product"}],"wp:featuredmedia":[{"embeddable":true,"href":"https:\/\/darvilais.md\/ro\/wp-json\/wp\/v2\/media\/8487"}],"wp:attachment":[{"href":"https:\/\/darvilais.md\/ro\/wp-json\/wp\/v2\/media?parent=5941"}],"wp:term":[{"taxonomy":"product_brand","embeddable":true,"href":"https:\/\/darvilais.md\/ro\/wp-json\/wp\/v2\/product_brand?post=5941"},{"taxonomy":"product_cat","embeddable":true,"href":"https:\/\/darvilais.md\/ro\/wp-json\/wp\/v2\/product_cat?post=5941"},{"taxonomy":"product_tag","embeddable":true,"href":"https:\/\/darvilais.md\/ro\/wp-json\/wp\/v2\/product_tag?post=5941"}],"curies":[{"name":"wp","href":"https:\/\/api.w.org\/{rel}","templated":true}]}}