{"id":5758,"date":"2024-10-27T00:00:29","date_gmt":"2024-10-26T21:00:29","guid":{"rendered":"https:\/\/darvilais.md\/?post_type=product&#038;p=5758"},"modified":"2026-04-26T19:01:27","modified_gmt":"2026-04-26T16:01:27","slug":"hoco-tf-128gb-microsdxc-class-10-high-speed","status":"publish","type":"product","link":"https:\/\/darvilais.md\/ro\/produs\/hoco-tf-128gb-microsdxc-class-10-high-speed\/","title":{"rendered":"Hoco TF 128 GB"},"content":{"rendered":"<h2><strong>Card de memorie microSDXC de mare vitez\u0103 Hoco TF 128 GB<\/strong><\/h2>\n<ul>\n<li class=\"p1\"><strong>Culoare: portocaliu<\/strong><\/li>\n<li class=\"p1\"><strong>Tip: Card de memorie microSDXC<\/strong><\/li>\n<li class=\"p1\"><strong>Compatibilitate: smartphone-uri, tablete, camere de ac\u021biune, camere foto, laptopuri (prin adaptor)<\/strong><\/li>\n<li class=\"p1\"><strong>Capacitate: 128 GB<\/strong><\/li>\n<li class=\"p1\"><strong>Standarde: microSDXC, Clasa 10<\/strong><\/li>\n<li class=\"p1\"><strong>Vitez\u0103 de citire: p\u00e2n\u0103 la 90 MB\/s (declarat\u0103)<\/strong><\/li>\n<li class=\"p1\"><strong>Material: plastic<\/strong><\/li>\n<li class=\"p1\"><strong>Dimensiuni: 15 x 11 x 1 mm<\/strong><\/li>\n<li class=\"p1\"><strong>Greutate: 0,25 g<\/strong><\/li>\n<li class=\"p1\"><strong>Caracteristici: pentru fotografii \u0219i videoclipuri, stocare securizat\u0103<\/strong><\/li>\n<li class=\"p1\"><strong>Pachetul include: card de memorie<\/strong><\/li>\n<li class=\"p1\"><strong>Garan\u021bie: 12 luni<\/strong><\/li>\n<li class=\"p1\"><strong>Producator: Hoco<\/strong><\/li>\n<\/ul>\n<p><strong><span class=\"s1\">Confirmat: <\/span><a href=\"https:\/\/hocotech.com\/product\/mobile-accessories\/flash-disks\/tf-card-high-speed-memory-micro-sd\/\" target=\"_blank\" rel=\"noopener\">https:\/\/hocotech.com\/product\/mobile-accessories\/flash-disks\/tf-card-high-speed-memory-micro-sd\/<\/a><\/strong><\/p>","protected":false},"excerpt":{"rendered":"<p><em><strong>Card microSDXC de 128 GB clasa 10 pentru smartphone-uri, tablete \u0219i camere foto. Potrivit pentru \u00eenregistrare Full HD.<\/strong><\/em><\/p>","protected":false},"featured_media":8430,"template":"","meta":{"_acf_changed":false},"product_brand":[286],"product_cat":[243],"product_tag":[673,675,672,674],"class_list":{"0":"post-5758","1":"product","2":"type-product","3":"status-publish","4":"has-post-thumbnail","6":"product_brand-hoco","7":"product_cat-cards-flash-drives","8":"product_tag-microsdxc-128gb","9":"product_tag-675","10":"product_tag-672","11":"product_tag-674","13":"first","14":"instock","15":"sale","16":"taxable","17":"shipping-taxable","18":"purchasable","19":"product-type-simple","20":"add-to-wishlist-after_add_to_cart"},"acf":[],"jetpack_sharing_enabled":true,"_links":{"self":[{"href":"https:\/\/darvilais.md\/ro\/wp-json\/wp\/v2\/product\/5758","targetHints":{"allow":["GET"]}}],"collection":[{"href":"https:\/\/darvilais.md\/ro\/wp-json\/wp\/v2\/product"}],"about":[{"href":"https:\/\/darvilais.md\/ro\/wp-json\/wp\/v2\/types\/product"}],"wp:featuredmedia":[{"embeddable":true,"href":"https:\/\/darvilais.md\/ro\/wp-json\/wp\/v2\/media\/8430"}],"wp:attachment":[{"href":"https:\/\/darvilais.md\/ro\/wp-json\/wp\/v2\/media?parent=5758"}],"wp:term":[{"taxonomy":"product_brand","embeddable":true,"href":"https:\/\/darvilais.md\/ro\/wp-json\/wp\/v2\/product_brand?post=5758"},{"taxonomy":"product_cat","embeddable":true,"href":"https:\/\/darvilais.md\/ro\/wp-json\/wp\/v2\/product_cat?post=5758"},{"taxonomy":"product_tag","embeddable":true,"href":"https:\/\/darvilais.md\/ro\/wp-json\/wp\/v2\/product_tag?post=5758"}],"curies":[{"name":"wp","href":"https:\/\/api.w.org\/{rel}","templated":true}]}}