{"id":5750,"date":"2024-10-26T20:55:18","date_gmt":"2024-10-26T20:55:18","guid":{"rendered":"https:\/\/darvilais.md\/?post_type=product&#038;p=5750"},"modified":"2025-08-29T18:25:31","modified_gmt":"2025-08-29T18:25:31","slug":"hoco-ud5-128gb-usb-flash-metallic","status":"publish","type":"product","link":"https:\/\/darvilais.md\/ro\/produs\/hoco-ud5-128gb-usb-flash-metallic\/","title":{"rendered":"Hoco UD5 128 GB"},"content":{"rendered":"<h2><strong>Unitate flash USB Hoco UD5 de 128 GB<\/strong><\/h2>\n<ul>\n<li class=\"p1\"><strong>Culoare: argintiu<\/strong><\/li>\n<li class=\"p1\"><strong>Tip: Unitate flash USB 3.0<\/strong><\/li>\n<li class=\"p1\"><strong>Capacitate: 128 GB<\/strong><\/li>\n<li class=\"p1\"><strong>Material: aliaj de zinc + PCB<\/strong><\/li>\n<li class=\"p1\"><strong>Dimensiuni: 39,9\u00d715\u00d710,3 mm<\/strong><\/li>\n<li class=\"p1\"><strong>Greutate: 18,5 g<\/strong><\/li>\n<li class=\"p1\"><strong>Vitez\u0103 de scriere: 15\u201380 MB\/s<\/strong><\/li>\n<li class=\"p1\"><strong>Vitez\u0103 de citire: 20\u201390 MB\/s<\/strong><\/li>\n<li class=\"p1\"><strong>Caracteristici: carcas\u0103 metalic\u0103, vitez\u0103 mare de transmisie<\/strong><\/li>\n<li class=\"p1\"><strong>Garan\u021bie: 5 ani<\/strong><\/li>\n<li class=\"p1\"><strong>Producator: Hoco<\/strong><\/li>\n<\/ul>\n<p><strong><span class=\"s1\">Confirmat: <\/span><a href=\"https:\/\/hocotech.com\/product\/mobile-accessories\/flash-disks\/usb-flash-disk-ud5-zinc-alloy\/\" target=\"_blank\" rel=\"noopener\">https:\/\/hocotech.com\/product\/mobile-accessories\/flash-disks\/usb-flash-disk-ud5-zinc-alloy\/<\/a><\/strong><\/p>","protected":false},"excerpt":{"rendered":"<p><em><strong>Unitatea flash Hoco UD5 de 128 GB, fiabil\u0103 \u0219i elegant\u0103, cu carcas\u0103 metalic\u0103 \u0219i viteze mari de transfer de date, este alegerea ideal\u0103 pentru utilizarea de zi cu zi.<\/strong><\/em><\/p>","protected":false},"featured_media":8440,"template":"","meta":{"_acf_changed":false},"product_brand":[286],"product_cat":[243],"product_tag":[677,675,680,676],"class_list":{"0":"post-5750","1":"product","2":"type-product","3":"status-publish","4":"has-post-thumbnail","6":"product_brand-hoco","7":"product_cat-cards-flash-drives","8":"product_tag-usb-3-0","9":"product_tag-675","10":"product_tag-680","11":"product_tag-676","13":"first","14":"instock","15":"sale","16":"taxable","17":"shipping-taxable","18":"purchasable","19":"product-type-simple","20":"add-to-wishlist-after_add_to_cart"},"acf":[],"jetpack_sharing_enabled":true,"_links":{"self":[{"href":"https:\/\/darvilais.md\/ro\/wp-json\/wp\/v2\/product\/5750","targetHints":{"allow":["GET"]}}],"collection":[{"href":"https:\/\/darvilais.md\/ro\/wp-json\/wp\/v2\/product"}],"about":[{"href":"https:\/\/darvilais.md\/ro\/wp-json\/wp\/v2\/types\/product"}],"wp:featuredmedia":[{"embeddable":true,"href":"https:\/\/darvilais.md\/ro\/wp-json\/wp\/v2\/media\/8440"}],"wp:attachment":[{"href":"https:\/\/darvilais.md\/ro\/wp-json\/wp\/v2\/media?parent=5750"}],"wp:term":[{"taxonomy":"product_brand","embeddable":true,"href":"https:\/\/darvilais.md\/ro\/wp-json\/wp\/v2\/product_brand?post=5750"},{"taxonomy":"product_cat","embeddable":true,"href":"https:\/\/darvilais.md\/ro\/wp-json\/wp\/v2\/product_cat?post=5750"},{"taxonomy":"product_tag","embeddable":true,"href":"https:\/\/darvilais.md\/ro\/wp-json\/wp\/v2\/product_tag?post=5750"}],"curies":[{"name":"wp","href":"https:\/\/api.w.org\/{rel}","templated":true}]}}