{"id":5739,"date":"2024-10-26T20:43:46","date_gmt":"2024-10-26T20:43:46","guid":{"rendered":"https:\/\/darvilais.md\/?post_type=product&#038;p=5739"},"modified":"2025-08-28T19:35:22","modified_gmt":"2025-08-28T19:35:22","slug":"hoco-ls26-type-c-2-in-1-audio","status":"publish","type":"product","link":"https:\/\/darvilais.md\/ro\/produs\/hoco-ls26-type-c-2-in-1-audio\/","title":{"rendered":"Hoco LS26"},"content":{"rendered":"<h2><strong>Adaptor audio Hoco LS26 Tip-C 2 \u00een 1<\/strong><\/h2>\n<ul>\n<li class=\"p1\"><strong>Culoare: argintiu<\/strong><\/li>\n<li class=\"p1\"><strong>Tip: Adaptor 2 \u00een 1 de tip C<\/strong><\/li>\n<li class=\"p1\"><strong>Compatibilitate: Dispozitive USB-C care accept\u0103 OTG<\/strong><\/li>\n<li class=\"p1\"><strong>Material: aliaj de aluminiu<\/strong><\/li>\n<li class=\"p1\"><strong>Dimensiuni: 40 \u00d7 22 \u00d7 10 mm<\/strong><\/li>\n<li class=\"p1\"><strong>Greutate: 5 g<\/strong><\/li>\n<li class=\"p1\"><strong>Intrare: USB-C<\/strong><\/li>\n<li class=\"p1\"><strong>Ie\u0219ire: audio de 3,5 mm, USB-C pentru \u00eenc\u0103rcare<\/strong><\/li>\n<li class=\"p1\"><strong>Caracteristici: Suport pentru microfon, control prin cablu<\/strong><\/li>\n<li class=\"p1\"><strong>Pachetul include: adaptor<\/strong><\/li>\n<li class=\"p1\"><strong>Garan\u021bie: 12 luni<\/strong><\/li>\n<li class=\"p1\"><strong>Producator: Hoco<\/strong><\/li>\n<\/ul>\n<p><strong><span class=\"s1\">Confirmat: <\/span><a href=\"https:\/\/hocotech.com\/product\/mobile-accessories\/cables\/adapters\/adapter-type-c-2-in-1-ls26-audio-converter\/\" target=\"_blank\" rel=\"noopener\">https:\/\/hocotech.com\/product\/mobile-accessories\/cables\/adapters\/adapter-type-c-2-in-1-ls26-audio-converter\/<\/a><\/strong><\/p>","protected":false},"excerpt":{"rendered":"<p><em><strong>Adaptorul compact Hoco LS26 v\u0103 permite s\u0103 asculta\u021bi muzic\u0103 simultan prin jack audio de 3,5 mm \u0219i s\u0103 \u00eenc\u0103rca\u021bi dispozitivul prin USB-C.<\/strong><\/em><\/p>","protected":false},"featured_media":8401,"template":"","meta":{"_acf_changed":false},"product_brand":[286],"product_cat":[242],"product_tag":[662,660,661,559],"class_list":{"0":"post-5739","1":"product","2":"type-product","3":"status-publish","4":"has-post-thumbnail","6":"product_brand-hoco","7":"product_cat-adapters","8":"product_tag-otg-","9":"product_tag--type-c","10":"product_tag-661","11":"product_tag-559","13":"first","14":"instock","15":"taxable","16":"shipping-taxable","17":"purchasable","18":"product-type-simple","19":"add-to-wishlist-after_add_to_cart"},"acf":[],"jetpack_sharing_enabled":true,"_links":{"self":[{"href":"https:\/\/darvilais.md\/ro\/wp-json\/wp\/v2\/product\/5739","targetHints":{"allow":["GET"]}}],"collection":[{"href":"https:\/\/darvilais.md\/ro\/wp-json\/wp\/v2\/product"}],"about":[{"href":"https:\/\/darvilais.md\/ro\/wp-json\/wp\/v2\/types\/product"}],"wp:featuredmedia":[{"embeddable":true,"href":"https:\/\/darvilais.md\/ro\/wp-json\/wp\/v2\/media\/8401"}],"wp:attachment":[{"href":"https:\/\/darvilais.md\/ro\/wp-json\/wp\/v2\/media?parent=5739"}],"wp:term":[{"taxonomy":"product_brand","embeddable":true,"href":"https:\/\/darvilais.md\/ro\/wp-json\/wp\/v2\/product_brand?post=5739"},{"taxonomy":"product_cat","embeddable":true,"href":"https:\/\/darvilais.md\/ro\/wp-json\/wp\/v2\/product_cat?post=5739"},{"taxonomy":"product_tag","embeddable":true,"href":"https:\/\/darvilais.md\/ro\/wp-json\/wp\/v2\/product_tag?post=5739"}],"curies":[{"name":"wp","href":"https:\/\/api.w.org\/{rel}","templated":true}]}}