{"id":5721,"date":"2024-10-26T20:31:01","date_gmt":"2024-10-26T20:31:01","guid":{"rendered":"https:\/\/darvilais.md\/?post_type=product&#038;p=5721"},"modified":"2025-08-28T20:17:23","modified_gmt":"2025-08-28T20:17:23","slug":"hoco-hb1-usb-hub-4-in-1-usb-a-protect","status":"publish","type":"product","link":"https:\/\/darvilais.md\/ro\/produs\/hoco-hb1-usb-hub-4-in-1-usb-a-protect\/","title":{"rendered":"Hoco HB1"},"content":{"rendered":"<p><strong>Hub USB 4 \u00een 1 Hoco HB1<\/strong><\/p>\n<ul>\n<li class=\"p1\"><strong>Culoare: argintiu<\/strong><\/li>\n<li class=\"p1\"><strong>Tip: Hub USB<\/strong><\/li>\n<li class=\"p1\"><strong>Compatibilitate: PC-uri, laptopuri cu USB-A<\/strong><\/li>\n<li class=\"p1\"><strong>Material: aliaj de aluminiu (corp)<\/strong><\/li>\n<li class=\"p1\"><strong>Dimensiuni: 78 \u00d7 25 \u00d7 25 mm<\/strong><\/li>\n<li class=\"p1\"><strong>Greutate: 63 g<\/strong><\/li>\n<li class=\"p1\"><strong>Lungimea cablului: 80 cm<\/strong><\/li>\n<li class=\"p1\"><strong>Intrare: USB-A<\/strong><\/li>\n<li class=\"p1\"><strong>Ie\u0219ire: 4 \u00d7 USB 2.0<\/strong><\/li>\n<li class=\"p1\"><strong>Curent\/tensiune: p\u00e2n\u0103 la 5 V, 500 mA per port<\/strong><\/li>\n<li class=\"p1\"><strong>Vitez\u0103 de transfer: p\u00e2n\u0103 la 480 Mbps (\u224860 MB\/s)<\/strong><\/li>\n<li class=\"p1\"><strong>Caracteristici: Distribu\u021bie inteligent\u0103 a curentului, protec\u021bie la supratensiune, suprasarcin\u0103 \u0219i scurtcircuit<\/strong><\/li>\n<li class=\"p1\"><strong>Producator: Hoco<\/strong><\/li>\n<\/ul>\n<p><strong><span class=\"s1\">Confirmat: <\/span><a href=\"https:\/\/hocotech.com\/product\/mobile-accessories\/cables\/hubs-organizers\/usb-hub-hb1-four-ports-usb-2-0-charging-and-data-sync\/\" target=\"_blank\" rel=\"noopener\">https:\/\/hocotech.com\/product\/mobile-accessories\/cables\/hubs-organizers\/usb-hub-hb1-four-ports-usb-2-0-charging-and-data-sync\/<\/a><\/strong><\/p>","protected":false},"excerpt":{"rendered":"<p><em><strong>Hub-ul USB compact Hoco HB1 dispune de 4 porturi USB-A, protec\u021bie inteligent\u0103 \u0219i transfer de date fiabil. Este o alegere excelent\u0103 pentru extinderea porturilor pe PC-uri \u0219i laptopuri.<\/strong><\/em><\/p>","protected":false},"featured_media":8425,"template":"","meta":{"_acf_changed":false},"product_brand":[286],"product_cat":[242],"product_tag":[670,657,671,669],"class_list":{"0":"post-5721","1":"product","2":"type-product","3":"status-publish","4":"has-post-thumbnail","6":"product_brand-hoco","7":"product_cat-adapters","8":"product_tag-usb-a-","9":"product_tag-usb-","10":"product_tag-671","11":"product_tag-669","13":"first","14":"instock","15":"taxable","16":"shipping-taxable","17":"purchasable","18":"product-type-simple","19":"add-to-wishlist-after_add_to_cart"},"acf":[],"jetpack_sharing_enabled":true,"_links":{"self":[{"href":"https:\/\/darvilais.md\/ro\/wp-json\/wp\/v2\/product\/5721","targetHints":{"allow":["GET"]}}],"collection":[{"href":"https:\/\/darvilais.md\/ro\/wp-json\/wp\/v2\/product"}],"about":[{"href":"https:\/\/darvilais.md\/ro\/wp-json\/wp\/v2\/types\/product"}],"wp:featuredmedia":[{"embeddable":true,"href":"https:\/\/darvilais.md\/ro\/wp-json\/wp\/v2\/media\/8425"}],"wp:attachment":[{"href":"https:\/\/darvilais.md\/ro\/wp-json\/wp\/v2\/media?parent=5721"}],"wp:term":[{"taxonomy":"product_brand","embeddable":true,"href":"https:\/\/darvilais.md\/ro\/wp-json\/wp\/v2\/product_brand?post=5721"},{"taxonomy":"product_cat","embeddable":true,"href":"https:\/\/darvilais.md\/ro\/wp-json\/wp\/v2\/product_cat?post=5721"},{"taxonomy":"product_tag","embeddable":true,"href":"https:\/\/darvilais.md\/ro\/wp-json\/wp\/v2\/product_tag?post=5721"}],"curies":[{"name":"wp","href":"https:\/\/api.w.org\/{rel}","templated":true}]}}