{"id":5660,"date":"2024-10-26T14:47:52","date_gmt":"2024-10-26T14:47:52","guid":{"rendered":"https:\/\/darvilais.md\/?post_type=product&#038;p=5660"},"modified":"2025-08-28T15:38:23","modified_gmt":"2025-08-28T15:38:23","slug":"hoco-gm7-eagle-game-controller-mobile","status":"publish","type":"product","link":"https:\/\/darvilais.md\/ro\/produs\/hoco-gm7-eagle-game-controller-mobile\/","title":{"rendered":"Hoco GM7"},"content":{"rendered":"<h2><strong>Hoco GM7 Eagle \u2013 un gamepad de gaming pentru smartphone-uri\u00a0<\/strong><\/h2>\n<ul>\n<li class=\"p1\"><strong>Material: ABS + aliaj de zinc + silicon\u00a0<\/strong><\/li>\n<li class=\"p1\"><strong>Finisaj: acoperire texturat\u0103 (\u201emodel solar\u201d), galvanic\u0103\u00a0<\/strong><\/li>\n<li class=\"p1\"><strong>Dimensiuni: 150 \u00d7 118 \u00d7 42 mm\u00a0<\/strong><\/li>\n<li class=\"p1\"><strong>Greutate: 120 g\u00a0<\/strong><\/li>\n<li class=\"p1\"><strong>Compatibilitate: Smartphone-uri cu o l\u0103\u021bime de 70\u201395 mm\u00a0<\/strong><\/li>\n<li class=\"p1\"><strong>Butoane: Control fizic cu 4 declan\u0219atoare, \u0219ase degete\u00a0<\/strong><\/li>\n<li class=\"p1\"><strong>Caracteristici: m\u00e2ner ergonomic, contacte foarte sensibile, nu necesit\u0103 re\u00eenc\u0103rcare\u00a0<\/strong><\/li>\n<li class=\"p1\"><strong>Producator: Hoco\u00a0<\/strong><\/li>\n<\/ul>\n<p><strong><span class=\"s1\">Confirmat: <\/span><a href=\"https:\/\/hocotech.com\/product\/home-office\/joysticks\/game-controller-gm7-eagle\/\" target=\"_blank\" rel=\"noopener\">https:\/\/hocotech.com\/product\/home-office\/joysticks\/game-controller-gm7-eagle\/<\/a><\/strong><\/p>","protected":false},"excerpt":{"rendered":"<p><em><strong>Hoco GM7 Eagle este un gamepad mobil compact \u0219i u\u0219or, cu patru declan\u0219atoare fizice, perfect pentru jocuri precum PUBG \u0219i Fortnite. Controleaz\u0103-l cu \u0219ase degete \u0219i nu-\u021bi mai face griji cu privire la re\u00eenc\u0103rcare!<\/strong><\/em><\/p>","protected":false},"featured_media":8353,"template":"","meta":{"_acf_changed":false},"product_brand":[286],"product_cat":[246],"product_tag":[647,645,648,646],"class_list":{"0":"post-5660","1":"product","2":"type-product","3":"status-publish","4":"has-post-thumbnail","6":"product_brand-hoco","7":"product_cat-smartphone-accessories","8":"product_tag-six-finger-controller","9":"product_tag-645","10":"product_tag-648","11":"product_tag-646","13":"first","14":"instock","15":"sale","16":"taxable","17":"shipping-taxable","18":"purchasable","19":"product-type-simple","20":"add-to-wishlist-after_add_to_cart"},"acf":[],"jetpack_sharing_enabled":true,"_links":{"self":[{"href":"https:\/\/darvilais.md\/ro\/wp-json\/wp\/v2\/product\/5660","targetHints":{"allow":["GET"]}}],"collection":[{"href":"https:\/\/darvilais.md\/ro\/wp-json\/wp\/v2\/product"}],"about":[{"href":"https:\/\/darvilais.md\/ro\/wp-json\/wp\/v2\/types\/product"}],"wp:featuredmedia":[{"embeddable":true,"href":"https:\/\/darvilais.md\/ro\/wp-json\/wp\/v2\/media\/8353"}],"wp:attachment":[{"href":"https:\/\/darvilais.md\/ro\/wp-json\/wp\/v2\/media?parent=5660"}],"wp:term":[{"taxonomy":"product_brand","embeddable":true,"href":"https:\/\/darvilais.md\/ro\/wp-json\/wp\/v2\/product_brand?post=5660"},{"taxonomy":"product_cat","embeddable":true,"href":"https:\/\/darvilais.md\/ro\/wp-json\/wp\/v2\/product_cat?post=5660"},{"taxonomy":"product_tag","embeddable":true,"href":"https:\/\/darvilais.md\/ro\/wp-json\/wp\/v2\/product_tag?post=5660"}],"curies":[{"name":"wp","href":"https:\/\/api.w.org\/{rel}","templated":true}]}}