{"id":5439,"date":"2024-10-13T21:36:30","date_gmt":"2024-10-13T21:36:30","guid":{"rendered":"https:\/\/darvilais.md\/?post_type=product&#038;p=5439"},"modified":"2025-06-18T14:31:42","modified_gmt":"2025-06-18T14:31:42","slug":"airpods-pro-display-case-popup","status":"publish","type":"product","link":"https:\/\/darvilais.md\/ro\/produs\/airpods-pro-display-case-popup\/","title":{"rendered":"Afi\u0219aj AirPods"},"content":{"rendered":"<h2><strong> C\u0103\u0219ti replica cu ecran AirPods Pro<\/strong><\/h2>\n<ul>\n<li class=\"p1\"><strong>\ufe0f Culoare: alb\u00a0<\/strong><\/li>\n<li class=\"p1\"><strong>Tip: c\u0103\u0219ti wireless TWS\u00a0<\/strong><\/li>\n<li class=\"p1\"><strong>\ufe0f Material: plastic lucios, dopuri de urechi din silicon\u00a0<\/strong><\/li>\n<li class=\"p1\"><strong>Caracteristici: anima\u021bie de conectare (fereastr\u0103 pop-up), senzor pentru urechi, control tactil\u00a0<\/strong><\/li>\n<li class=\"p1\"><strong>Baterie: P\u00e2n\u0103 la 5 ore de redare, p\u00e2n\u0103 la 24 de ore cu hus\u0103\u00a0<\/strong><\/li>\n<li class=\"p1\"><strong>\u00cenc\u0103rcare: cu fir (Lightning) \u0219i wireless\u00a0<\/strong><\/li>\n<li class=\"p1\"><strong>Compatibilitate: Toate dispozitivele Bluetooth, inclusiv iPhone\u00a0<\/strong><\/li>\n<li class=\"p1\"><strong>Produc\u0103tor: altul<\/strong><\/li>\n<\/ul>","protected":false},"excerpt":{"rendered":"<p><strong><em>Aceste c\u0103\u0219ti wireless replica AirPods Pro Display sunt ideale pentru cei care \u00ee\u0219i doresc confort \u0219i stil maxim. Controlul tactil, func\u021bia de pauz\u0103 automat\u0103 la scoaterea din ureche \u0219i anima\u021bia realist\u0103 de conectare pop-up le fac deosebit de convenabile. Func\u021bioneaz\u0103 p\u00e2n\u0103 la 24 de ore cu carcasa, accept\u0103 \u00eenc\u0103rcare wireless \u0219i se conecteaz\u0103 u\u0219or la orice smartphone.<\/em><\/strong><\/p>","protected":false},"featured_media":7496,"template":"","meta":{"_acf_changed":false},"product_brand":[],"product_cat":[15],"product_tag":[404,321,403,329],"class_list":{"0":"post-5439","1":"product","2":"type-product","3":"status-publish","4":"has-post-thumbnail","6":"product_cat-headphones","7":"product_tag-404","8":"product_tag-321","9":"product_tag-403","10":"product_tag-329","12":"first","13":"instock","14":"sale","15":"taxable","16":"shipping-taxable","17":"purchasable","18":"product-type-simple","19":"add-to-wishlist-after_add_to_cart"},"acf":[],"jetpack_sharing_enabled":true,"_links":{"self":[{"href":"https:\/\/darvilais.md\/ro\/wp-json\/wp\/v2\/product\/5439","targetHints":{"allow":["GET"]}}],"collection":[{"href":"https:\/\/darvilais.md\/ro\/wp-json\/wp\/v2\/product"}],"about":[{"href":"https:\/\/darvilais.md\/ro\/wp-json\/wp\/v2\/types\/product"}],"wp:featuredmedia":[{"embeddable":true,"href":"https:\/\/darvilais.md\/ro\/wp-json\/wp\/v2\/media\/7496"}],"wp:attachment":[{"href":"https:\/\/darvilais.md\/ro\/wp-json\/wp\/v2\/media?parent=5439"}],"wp:term":[{"taxonomy":"product_brand","embeddable":true,"href":"https:\/\/darvilais.md\/ro\/wp-json\/wp\/v2\/product_brand?post=5439"},{"taxonomy":"product_cat","embeddable":true,"href":"https:\/\/darvilais.md\/ro\/wp-json\/wp\/v2\/product_cat?post=5439"},{"taxonomy":"product_tag","embeddable":true,"href":"https:\/\/darvilais.md\/ro\/wp-json\/wp\/v2\/product_tag?post=5439"}],"curies":[{"name":"wp","href":"https:\/\/api.w.org\/{rel}","templated":true}]}}