{"id":5435,"date":"2024-10-13T21:34:58","date_gmt":"2024-10-13T21:34:58","guid":{"rendered":"https:\/\/darvilais.md\/?post_type=product&#038;p=5435"},"modified":"2025-06-16T14:38:54","modified_gmt":"2025-06-16T14:38:54","slug":"airpods-3-wireless-headphones","status":"publish","type":"product","link":"https:\/\/darvilais.md\/ro\/produs\/airpods-3-wireless-headphones\/","title":{"rendered":"AirPods 3"},"content":{"rendered":"<h2><strong> C\u0103\u0219ti AirPods 3<\/strong><\/h2>\n<ul>\n<li class=\"p1\"><strong>\ufe0f Culoare: alb\u00a0<\/strong><\/li>\n<li class=\"p1\"><strong>Tip: C\u0103\u0219ti f\u0103r\u0103 fir TWS\u00a0<\/strong><\/li>\n<li class=\"p1\"><strong>\ufe0f Materialul carcasei: plastic\u00a0<\/strong><\/li>\n<li class=\"p1\"><strong>Conexiune: Bluetooth 5.0\u00a0<\/strong><\/li>\n<li class=\"p1\"><strong>Caracteristici: Audio spa\u021bial, impermeabilizare IPX4, control tactil, conectare automat\u0103, carcas\u0103 de \u00eenc\u0103rcare\u00a0<\/strong><\/li>\n<li class=\"p1\"><strong>Compatibilitate: iOS \/ Android \/ Windows\u00a0<\/strong><\/li>\n<li class=\"p1\"><strong>Timp de func\u021bionare: p\u00e2n\u0103 la 6 ore (c\u0103\u0219ti), p\u00e2n\u0103 la 30 de ore cu hus\u0103\u00a0<\/strong><\/li>\n<li class=\"p1\"><strong>\u00cenc\u0103rcare: MagSafe \/ Lightning \/ wireless\u00a0<\/strong><\/li>\n<li class=\"p1\"><strong>Produc\u0103tor: altul<\/strong><\/li>\n<\/ul>","protected":false},"excerpt":{"rendered":"<p><em><strong>C\u0103\u0219tile AirPods 3 ofer\u0103 libertate, sunet puternic \u0219i confort. Sunetul spa\u021bial, rezisten\u021ba la ap\u0103 \u0219i p\u00e2n\u0103 la 30 de ore de ascultare le fac ideale pentru utilizarea zilnic\u0103.<\/strong><\/em><\/p>","protected":false},"featured_media":7451,"template":"","meta":{"_acf_changed":false},"product_brand":[364],"product_cat":[15],"product_tag":[321,395,394,329],"class_list":{"0":"post-5435","1":"product","2":"type-product","3":"status-publish","4":"has-post-thumbnail","6":"product_brand-364","7":"product_cat-headphones","8":"product_tag-321","9":"product_tag-395","10":"product_tag-394","11":"product_tag-329","13":"first","14":"instock","15":"sale","16":"taxable","17":"shipping-taxable","18":"purchasable","19":"product-type-simple","20":"add-to-wishlist-after_add_to_cart"},"acf":[],"jetpack_sharing_enabled":true,"_links":{"self":[{"href":"https:\/\/darvilais.md\/ro\/wp-json\/wp\/v2\/product\/5435","targetHints":{"allow":["GET"]}}],"collection":[{"href":"https:\/\/darvilais.md\/ro\/wp-json\/wp\/v2\/product"}],"about":[{"href":"https:\/\/darvilais.md\/ro\/wp-json\/wp\/v2\/types\/product"}],"wp:featuredmedia":[{"embeddable":true,"href":"https:\/\/darvilais.md\/ro\/wp-json\/wp\/v2\/media\/7451"}],"wp:attachment":[{"href":"https:\/\/darvilais.md\/ro\/wp-json\/wp\/v2\/media?parent=5435"}],"wp:term":[{"taxonomy":"product_brand","embeddable":true,"href":"https:\/\/darvilais.md\/ro\/wp-json\/wp\/v2\/product_brand?post=5435"},{"taxonomy":"product_cat","embeddable":true,"href":"https:\/\/darvilais.md\/ro\/wp-json\/wp\/v2\/product_cat?post=5435"},{"taxonomy":"product_tag","embeddable":true,"href":"https:\/\/darvilais.md\/ro\/wp-json\/wp\/v2\/product_tag?post=5435"}],"curies":[{"name":"wp","href":"https:\/\/api.w.org\/{rel}","templated":true}]}}