{"id":5430,"date":"2024-10-14T00:33:31","date_gmt":"2024-10-13T21:33:31","guid":{"rendered":"https:\/\/darvilais.md\/?post_type=product&#038;p=5430"},"modified":"2026-04-17T00:55:21","modified_gmt":"2026-04-16T21:55:21","slug":"airpods-pro-tws","status":"publish","type":"product","link":"https:\/\/darvilais.md\/ro\/produs\/airpods-pro-tws\/","title":{"rendered":"AirPods Pro"},"content":{"rendered":"<h2><strong> C\u0103\u0219ti AirPods Pro (replic\u0103)<\/strong><\/h2>\n<ul>\n<li class=\"p1\"><strong>\ufe0f Culoare: alb\u00a0<\/strong><\/li>\n<li class=\"p1\"><strong>Tip: C\u0103\u0219ti TWS f\u0103r\u0103 fir\u00a0<\/strong><\/li>\n<li class=\"p1\"><strong>\ufe0f Material: plastic lucios, dopuri de urechi din silicon\u00a0<\/strong><\/li>\n<li class=\"p1\"><strong>Caracteristici: Control tactil, conectare automat\u0103, reducere a zgomotului\u00a0<\/strong><\/li>\n<li class=\"p1\"><strong>Baterie: p\u00e2n\u0103 la 4-5 ore de func\u021bionare, p\u00e2n\u0103 la 24 de ore cu carcas\u0103\u00a0<\/strong><\/li>\n<li class=\"p1\"><strong>\u00cenc\u0103rcare: Lightning\u00a0<\/strong><\/li>\n<li class=\"p1\"><strong>Compatibilitate: Dispozitive Bluetooth (iPhone, Android etc.)\u00a0<\/strong><\/li>\n<li class=\"p1\"><strong>Produc\u0103tor: altul<\/strong><\/li>\n<\/ul>","protected":false},"excerpt":{"rendered":"<p><strong><em>AirPods Pro sunt c\u0103\u0219ti wireless elegante, cu anulare activ\u0103 a zgomotului \u0219i control tactil. P\u00e2n\u0103 la 24 de ore de func\u021bionare cu husa, potrivire confortabil\u0103 \u0219i compatibilitate cu orice smartphone. Livrare rapid\u0103 \u00een toat\u0103 Moldova.<\/em><\/strong><\/p>","protected":false},"featured_media":5431,"template":"","meta":{"_acf_changed":false},"product_brand":[],"product_cat":[15],"product_tag":[321,403,329,405],"class_list":{"0":"post-5430","1":"product","2":"type-product","3":"status-publish","4":"has-post-thumbnail","6":"product_cat-headphones","7":"product_tag-321","8":"product_tag-403","9":"product_tag-329","10":"product_tag-405","12":"first","13":"instock","14":"sale","15":"taxable","16":"shipping-taxable","17":"purchasable","18":"product-type-simple","19":"add-to-wishlist-after_add_to_cart"},"acf":[],"jetpack_sharing_enabled":true,"_links":{"self":[{"href":"https:\/\/darvilais.md\/ro\/wp-json\/wp\/v2\/product\/5430","targetHints":{"allow":["GET"]}}],"collection":[{"href":"https:\/\/darvilais.md\/ro\/wp-json\/wp\/v2\/product"}],"about":[{"href":"https:\/\/darvilais.md\/ro\/wp-json\/wp\/v2\/types\/product"}],"wp:featuredmedia":[{"embeddable":true,"href":"https:\/\/darvilais.md\/ro\/wp-json\/wp\/v2\/media\/5431"}],"wp:attachment":[{"href":"https:\/\/darvilais.md\/ro\/wp-json\/wp\/v2\/media?parent=5430"}],"wp:term":[{"taxonomy":"product_brand","embeddable":true,"href":"https:\/\/darvilais.md\/ro\/wp-json\/wp\/v2\/product_brand?post=5430"},{"taxonomy":"product_cat","embeddable":true,"href":"https:\/\/darvilais.md\/ro\/wp-json\/wp\/v2\/product_cat?post=5430"},{"taxonomy":"product_tag","embeddable":true,"href":"https:\/\/darvilais.md\/ro\/wp-json\/wp\/v2\/product_tag?post=5430"}],"curies":[{"name":"wp","href":"https:\/\/api.w.org\/{rel}","templated":true}]}}