{"id":12479,"date":"2025-12-22T22:41:19","date_gmt":"2025-12-22T20:41:19","guid":{"rendered":"https:\/\/darvilais.md\/?post_type=product&#038;p=12479"},"modified":"2025-12-22T22:41:19","modified_gmt":"2025-12-22T20:41:19","slug":"hoco-des30-true-wireless-stereo-headset-white","status":"publish","type":"product","link":"https:\/\/darvilais.md\/ro\/produs\/hoco-des30-true-wireless-stereo-headset-white\/","title":{"rendered":"Hoco DES30"},"content":{"rendered":"<h2><strong>C\u0103\u0219ti stereo wireless Hoco DES30<\/strong><\/h2>\n<ul>\n<li class=\"p1\"><strong>Culoare: alb\u00a0<\/strong><\/li>\n<li class=\"p1\"><strong>Tip: c\u0103\u0219ti f\u0103r\u0103 fir (TWS)\u00a0<\/strong><\/li>\n<li class=\"p1\"><strong>Conexiune: Bluetooth\u00a0<\/strong><\/li>\n<li class=\"p1\"><strong>Reducerea zgomotului: pasiv\u0103 (standard)\u00a0<\/strong><\/li>\n<li class=\"p1\"><strong>Durata de via\u021b\u0103 a bateriei: p\u00e2n\u0103 la c\u00e2teva ore cu carcasa\u00a0<\/strong><\/li>\n<li class=\"p1\"><strong>Caracteristici: potrivire confortabil\u0103, sunet stereo, carcas\u0103 de \u00eenc\u0103rcare\u00a0<\/strong><\/li>\n<li class=\"p1\"><strong>Con\u021binutul pachetului: c\u0103\u0219ti, hus\u0103, cablu, perni\u021be pentru urechi\u00a0<\/strong><\/li>\n<li class=\"p1\"><strong>Producator: Hoco<\/strong><\/li>\n<\/ul>","protected":false},"excerpt":{"rendered":"<p><em><strong>C\u0103\u0219tile intraauriculare wireless TWS Hoco DES30 ofer\u0103 o potrivire confortabil\u0103 \u0219i un sunet stereo de \u00eenalt\u0103 calitate. Sunt perfecte pentru muzic\u0103, videoclipuri \u0219i apeluri.<\/strong><\/em><\/p>","protected":false},"featured_media":12480,"template":"","meta":{"_acf_changed":false},"product_brand":[286],"product_cat":[15],"product_tag":[314,393,321,1458],"class_list":{"0":"post-12479","1":"product","2":"type-product","3":"status-publish","4":"has-post-thumbnail","6":"product_brand-hoco","7":"product_cat-headphones","8":"product_tag-bluetooth-","9":"product_tag-tws","10":"product_tag-321","11":"product_tag-1458","13":"first","14":"instock","15":"sale","16":"taxable","17":"shipping-taxable","18":"purchasable","19":"product-type-simple","20":"add-to-wishlist-after_add_to_cart"},"acf":[],"jetpack_sharing_enabled":true,"_links":{"self":[{"href":"https:\/\/darvilais.md\/ro\/wp-json\/wp\/v2\/product\/12479","targetHints":{"allow":["GET"]}}],"collection":[{"href":"https:\/\/darvilais.md\/ro\/wp-json\/wp\/v2\/product"}],"about":[{"href":"https:\/\/darvilais.md\/ro\/wp-json\/wp\/v2\/types\/product"}],"wp:featuredmedia":[{"embeddable":true,"href":"https:\/\/darvilais.md\/ro\/wp-json\/wp\/v2\/media\/12480"}],"wp:attachment":[{"href":"https:\/\/darvilais.md\/ro\/wp-json\/wp\/v2\/media?parent=12479"}],"wp:term":[{"taxonomy":"product_brand","embeddable":true,"href":"https:\/\/darvilais.md\/ro\/wp-json\/wp\/v2\/product_brand?post=12479"},{"taxonomy":"product_cat","embeddable":true,"href":"https:\/\/darvilais.md\/ro\/wp-json\/wp\/v2\/product_cat?post=12479"},{"taxonomy":"product_tag","embeddable":true,"href":"https:\/\/darvilais.md\/ro\/wp-json\/wp\/v2\/product_tag?post=12479"}],"curies":[{"name":"wp","href":"https:\/\/api.w.org\/{rel}","templated":true}]}}