{"id":12463,"date":"2025-12-22T22:19:29","date_gmt":"2025-12-22T20:19:29","guid":{"rendered":"https:\/\/darvilais.md\/?post_type=product&#038;p=12463"},"modified":"2025-12-22T22:19:29","modified_gmt":"2025-12-22T20:19:29","slug":"hoco-l21-charm-wireless-microphone-iphone","status":"publish","type":"product","link":"https:\/\/darvilais.md\/ro\/produs\/hoco-l21-charm-wireless-microphone-iphone\/","title":{"rendered":"iPhone Hoco L21"},"content":{"rendered":"<h2><strong>Microfon wireless Hoco L21 Charm pentru iPhone\u00a0<\/strong><\/h2>\n<ul>\n<li class=\"p1\"><strong>Culoare: negru\u00a0<\/strong><\/li>\n<li class=\"p1\"><strong>Tip: microfon f\u0103r\u0103 fir\u00a0<\/strong><\/li>\n<li class=\"p1\"><strong>Compatibilitate: iPhone (Lightning)\u00a0<\/strong><\/li>\n<li class=\"p1\"><strong>Conexiune: digital\u0103 f\u0103r\u0103 fir\u00a0<\/strong><\/li>\n<li class=\"p1\"><strong>Caracteristici: Design compact, sunet clar, configurare u\u0219oar\u0103\u00a0<\/strong><\/li>\n<li class=\"p1\"><strong>Pachetul include: microfon \u0219i receptor\u00a0<\/strong><\/li>\n<li class=\"p1\"><strong>Producator: Hoco\u00a0<\/strong><\/li>\n<\/ul>","protected":false},"excerpt":{"rendered":"<p><em><strong>Microfonul wireless Hoco L21 Charm pentru iPhone ofer\u0103 un sunet clar \u0219i un design compact. Perfect pentru \u00eenregistrare video \u0219i streaming.<\/strong><\/em><\/p>","protected":false},"featured_media":12466,"template":"","meta":{"_acf_changed":false},"product_brand":[286],"product_cat":[234],"product_tag":[461,1454,462,1456],"class_list":{"0":"post-12463","1":"product","2":"type-product","3":"status-publish","4":"has-post-thumbnail","6":"product_brand-hoco","7":"product_cat-microphones","8":"product_tag-461","9":"product_tag---iphone","10":"product_tag-462","11":"product_tag--mic","13":"first","14":"instock","15":"sale","16":"taxable","17":"shipping-taxable","18":"purchasable","19":"product-type-simple","20":"add-to-wishlist-after_add_to_cart"},"acf":[],"jetpack_sharing_enabled":true,"_links":{"self":[{"href":"https:\/\/darvilais.md\/ro\/wp-json\/wp\/v2\/product\/12463","targetHints":{"allow":["GET"]}}],"collection":[{"href":"https:\/\/darvilais.md\/ro\/wp-json\/wp\/v2\/product"}],"about":[{"href":"https:\/\/darvilais.md\/ro\/wp-json\/wp\/v2\/types\/product"}],"wp:featuredmedia":[{"embeddable":true,"href":"https:\/\/darvilais.md\/ro\/wp-json\/wp\/v2\/media\/12466"}],"wp:attachment":[{"href":"https:\/\/darvilais.md\/ro\/wp-json\/wp\/v2\/media?parent=12463"}],"wp:term":[{"taxonomy":"product_brand","embeddable":true,"href":"https:\/\/darvilais.md\/ro\/wp-json\/wp\/v2\/product_brand?post=12463"},{"taxonomy":"product_cat","embeddable":true,"href":"https:\/\/darvilais.md\/ro\/wp-json\/wp\/v2\/product_cat?post=12463"},{"taxonomy":"product_tag","embeddable":true,"href":"https:\/\/darvilais.md\/ro\/wp-json\/wp\/v2\/product_tag?post=12463"}],"curies":[{"name":"wp","href":"https:\/\/api.w.org\/{rel}","templated":true}]}}