{"id":12440,"date":"2025-12-22T18:01:13","date_gmt":"2025-12-22T16:01:13","guid":{"rendered":"https:\/\/darvilais.md\/?post_type=product&#038;p=12440"},"modified":"2026-05-15T10:31:39","modified_gmt":"2026-05-15T07:31:39","slug":"xo-mkf10-wireless-microphone-type-c-lightning","status":"publish","type":"product","link":"https:\/\/darvilais.md\/ro\/produs\/xo-mkf10-wireless-microphone-type-c-lightning\/","title":{"rendered":"XO MKF10 2 \u00een 1"},"content":{"rendered":"<h2><strong>Microfon wireless XO MKF10 Type-C + Lightning 2 \u00een 1 cu laten\u021b\u0103 redus\u0103\u00a0<\/strong><\/h2>\n<ul>\n<li class=\"p1\"><strong>Culoare: negru\u00a0<\/strong><\/li>\n<li class=\"p1\"><strong>Tip: microfon f\u0103r\u0103 fir\u00a0<\/strong><\/li>\n<li class=\"p1\"><strong>Compatibilitate: Dispozitive Type-C \u0219i iPhone (Lightning)\u00a0<\/strong><\/li>\n<li class=\"p1\"><strong>Conexiune: digital\u0103, laten\u021b\u0103 redus\u0103\u00a0<\/strong><\/li>\n<li class=\"p1\"><strong>Caracteristici: \u00cenregistrare bidirec\u021bional\u0103, sunet clar, receptor compact\u00a0<\/strong><\/li>\n<li class=\"p1\"><strong>Pachetul include: microfon \u0219i receptor\u00a0<\/strong><\/li>\n<li class=\"p1\"><strong>Produc\u0103tor: XO\u00a0<\/strong><\/li>\n<\/ul>\n<p><strong><span class=\"s1\">Confirmat: <\/span><a href=\"https:\/\/www.xophoneaccessories.com\/home-smart-creative-personal-smart\/xo-mkf10-type-c-lightning-wireless-microphone.html\" target=\"_blank\" rel=\"noopener\">https:\/\/www.xophoneaccessories.com\/home-smart-creative-personal-smart\/xo-mkf10-type-c-lightning-wireless-microphone.html<\/a><\/strong><\/p>","protected":false},"excerpt":{"rendered":"<p><em><strong>Microfonul wireless XO MKF10 este compatibil cu Type-C \u0219i Lightning, are laten\u021b\u0103 redus\u0103 \u0219i \u00eenregistrare de \u00eenalt\u0103 calitate. Perfect pentru videoclipuri \u0219i podcasturi.<\/strong><\/em><\/p>","protected":false},"featured_media":12447,"template":"","meta":{"_acf_changed":false},"product_brand":[301],"product_cat":[234],"product_tag":[1452,1453,461,462],"class_list":{"0":"post-12440","1":"product","2":"type-product","3":"status-publish","4":"has-post-thumbnail","6":"product_brand-xo","7":"product_cat-microphones","8":"product_tag-2-in-1-mic","9":"product_tag-low-latency-mic","10":"product_tag-461","11":"product_tag-462","13":"first","14":"instock","15":"taxable","16":"shipping-taxable","17":"purchasable","18":"product-type-simple","19":"add-to-wishlist-after_add_to_cart"},"acf":[],"jetpack_sharing_enabled":true,"_links":{"self":[{"href":"https:\/\/darvilais.md\/ro\/wp-json\/wp\/v2\/product\/12440","targetHints":{"allow":["GET"]}}],"collection":[{"href":"https:\/\/darvilais.md\/ro\/wp-json\/wp\/v2\/product"}],"about":[{"href":"https:\/\/darvilais.md\/ro\/wp-json\/wp\/v2\/types\/product"}],"wp:featuredmedia":[{"embeddable":true,"href":"https:\/\/darvilais.md\/ro\/wp-json\/wp\/v2\/media\/12447"}],"wp:attachment":[{"href":"https:\/\/darvilais.md\/ro\/wp-json\/wp\/v2\/media?parent=12440"}],"wp:term":[{"taxonomy":"product_brand","embeddable":true,"href":"https:\/\/darvilais.md\/ro\/wp-json\/wp\/v2\/product_brand?post=12440"},{"taxonomy":"product_cat","embeddable":true,"href":"https:\/\/darvilais.md\/ro\/wp-json\/wp\/v2\/product_cat?post=12440"},{"taxonomy":"product_tag","embeddable":true,"href":"https:\/\/darvilais.md\/ro\/wp-json\/wp\/v2\/product_tag?post=12440"}],"curies":[{"name":"wp","href":"https:\/\/api.w.org\/{rel}","templated":true}]}}