{"id":12432,"date":"2025-12-22T17:51:40","date_gmt":"2025-12-22T15:51:40","guid":{"rendered":"https:\/\/darvilais.md\/?post_type=product&#038;p=12432"},"modified":"2025-12-22T17:51:40","modified_gmt":"2025-12-22T15:51:40","slug":"hoco-l17-dual-mic-wireless-lavalier-ip-type-c","status":"publish","type":"product","link":"https:\/\/darvilais.md\/ro\/produs\/hoco-l17-dual-mic-wireless-lavalier-ip-type-c\/","title":{"rendered":"Hoco L17 cu microfon dual"},"content":{"rendered":"<h2><strong>Microfon lavalier\u0103 wireless magnetic cu microfon dual Hoco L17<\/strong><\/h2>\n<ul>\n<li class=\"p1\"><strong>Culoare: negru<\/strong><\/li>\n<li class=\"p1\"><strong>Tip: Microfon lavalier\u0103 digital f\u0103r\u0103 fir<\/strong><\/li>\n<li class=\"p1\"><strong>Compatibilitate: iPhone (Lightning), dispozitive USB-C<\/strong><\/li>\n<li class=\"p1\"><strong>Microfoane: 2 buc (microfon dual)<\/strong><\/li>\n<li class=\"p1\"><strong>Montare: magnetic\u0103<\/strong><\/li>\n<li class=\"p1\"><strong>Caracteristici: Reducere a zgomotului, transmisie stabil\u0103<\/strong><\/li>\n<li class=\"p1\"><strong>Pachetul include: microfoane \u0219i receptor<\/strong><\/li>\n<li class=\"p1\"><strong>Producator: Hoco<\/strong><\/li>\n<\/ul>\n<p><strong>Confirmat: <a href=\"https:\/\/hocotech.com\/product\/audio\/microphones\/wireless-microphones-l17-with-charging-case\/\" target=\"_blank\" rel=\"noopener\">https:\/\/hocotech.com\/product\/audio\/microphones\/wireless-microphones-l17-with-charging-case\/<\/a><\/strong><\/p>","protected":false},"excerpt":{"rendered":"<p><em><strong>Microfonul wireless Hoco L17 Dual-Mic dispune de dou\u0103 microfoane \u0219i un suport magnetic pentru \u00eenregistrarea vocii \u0219i a videoclipurilor. Este compatibil cu iPhone \u0219i dispozitive USB-C.<\/strong><\/em><\/p>","protected":false},"featured_media":12438,"template":"","meta":{"_acf_changed":false},"product_brand":[286],"product_cat":[234],"product_tag":[1451,461,462,457],"class_list":{"0":"post-12432","1":"product","2":"type-product","3":"status-publish","4":"has-post-thumbnail","6":"product_brand-hoco","7":"product_cat-microphones","8":"product_tag-dual-mic","9":"product_tag-461","10":"product_tag-462","11":"product_tag-457","13":"first","14":"instock","15":"sale","16":"taxable","17":"shipping-taxable","18":"purchasable","19":"product-type-simple","20":"add-to-wishlist-after_add_to_cart"},"acf":[],"jetpack_sharing_enabled":true,"_links":{"self":[{"href":"https:\/\/darvilais.md\/ro\/wp-json\/wp\/v2\/product\/12432","targetHints":{"allow":["GET"]}}],"collection":[{"href":"https:\/\/darvilais.md\/ro\/wp-json\/wp\/v2\/product"}],"about":[{"href":"https:\/\/darvilais.md\/ro\/wp-json\/wp\/v2\/types\/product"}],"wp:featuredmedia":[{"embeddable":true,"href":"https:\/\/darvilais.md\/ro\/wp-json\/wp\/v2\/media\/12438"}],"wp:attachment":[{"href":"https:\/\/darvilais.md\/ro\/wp-json\/wp\/v2\/media?parent=12432"}],"wp:term":[{"taxonomy":"product_brand","embeddable":true,"href":"https:\/\/darvilais.md\/ro\/wp-json\/wp\/v2\/product_brand?post=12432"},{"taxonomy":"product_cat","embeddable":true,"href":"https:\/\/darvilais.md\/ro\/wp-json\/wp\/v2\/product_cat?post=12432"},{"taxonomy":"product_tag","embeddable":true,"href":"https:\/\/darvilais.md\/ro\/wp-json\/wp\/v2\/product_tag?post=12432"}],"curies":[{"name":"wp","href":"https:\/\/api.w.org\/{rel}","templated":true}]}}