{"id":12425,"date":"2025-12-22T17:39:54","date_gmt":"2025-12-22T15:39:54","guid":{"rendered":"https:\/\/darvilais.md\/?post_type=product&#038;p=12425"},"modified":"2026-05-04T14:00:10","modified_gmt":"2026-05-04T11:00:10","slug":"clear-silicone-case-samsung-tab-s7-11","status":"publish","type":"product","link":"https:\/\/darvilais.md\/ro\/produs\/clear-silicone-case-samsung-tab-s7-11\/","title":{"rendered":"Samsung Tab S7 11"},"content":{"rendered":"<h2><strong>Hus\u0103 transparent\u0103 din silicon pentru Samsung Tab S7 11<\/strong><\/h2>\n<ul>\n<li class=\"p1\"><strong>Culoare: transparent\u0103<\/strong><\/li>\n<li class=\"p1\"><strong>Tip: carcas\u0103 din silicon<\/strong><\/li>\n<li class=\"p1\"><strong>Compatibilitate: Samsung Galaxy Tab S7 11\u2033<\/strong><\/li>\n<li class=\"p1\"><strong>Material: silicon (TPU)<\/strong><\/li>\n<li class=\"p1\"><strong>Caracteristici: carcas\u0103 transparent\u0103, profil sub\u021bire, rezisten\u021b\u0103 la zg\u00e2rieturi<\/strong><\/li>\n<li class=\"p1\"><strong>Pachetul include: carcas\u0103<\/strong><\/li>\n<li class=\"p1\"><strong>Produc\u0103tor: altul<\/strong><\/li>\n<\/ul>","protected":false},"excerpt":{"rendered":"<p><em><strong>Aceast\u0103 hus\u0103 transparent\u0103 din silicon pentru Samsung Tab S7 11 p\u0103streaz\u0103 aspectul tabletei \u0219i o protejeaz\u0103 de zg\u00e2rieturi. Este sub\u021bire \u0219i confortabil\u0103.<\/strong><\/em><\/p>","protected":false},"featured_media":12426,"template":"","meta":{"_acf_changed":false},"product_brand":[364],"product_cat":[363],"product_tag":[480,373,390,1448],"class_list":{"0":"post-12425","1":"product","2":"type-product","3":"status-publish","4":"has-post-thumbnail","6":"product_brand-364","7":"product_cat-tablet-cases","8":"product_tag-480","9":"product_tag-373","10":"product_tag-390","11":"product_tag-1448","13":"first","14":"outofstock","15":"sale","16":"taxable","17":"shipping-taxable","18":"purchasable","19":"product-type-simple","20":"add-to-wishlist-after_add_to_cart"},"acf":[],"jetpack_sharing_enabled":true,"_links":{"self":[{"href":"https:\/\/darvilais.md\/ro\/wp-json\/wp\/v2\/product\/12425","targetHints":{"allow":["GET"]}}],"collection":[{"href":"https:\/\/darvilais.md\/ro\/wp-json\/wp\/v2\/product"}],"about":[{"href":"https:\/\/darvilais.md\/ro\/wp-json\/wp\/v2\/types\/product"}],"wp:featuredmedia":[{"embeddable":true,"href":"https:\/\/darvilais.md\/ro\/wp-json\/wp\/v2\/media\/12426"}],"wp:attachment":[{"href":"https:\/\/darvilais.md\/ro\/wp-json\/wp\/v2\/media?parent=12425"}],"wp:term":[{"taxonomy":"product_brand","embeddable":true,"href":"https:\/\/darvilais.md\/ro\/wp-json\/wp\/v2\/product_brand?post=12425"},{"taxonomy":"product_cat","embeddable":true,"href":"https:\/\/darvilais.md\/ro\/wp-json\/wp\/v2\/product_cat?post=12425"},{"taxonomy":"product_tag","embeddable":true,"href":"https:\/\/darvilais.md\/ro\/wp-json\/wp\/v2\/product_tag?post=12425"}],"curies":[{"name":"wp","href":"https:\/\/api.w.org\/{rel}","templated":true}]}}