{"id":12413,"date":"2025-12-22T17:19:10","date_gmt":"2025-12-22T15:19:10","guid":{"rendered":"https:\/\/darvilais.md\/?post_type=product&#038;p=12413"},"modified":"2026-05-04T13:59:37","modified_gmt":"2026-05-04T10:59:37","slug":"clear-silicone-case-samsung-tab-a-10-5-2018","status":"publish","type":"product","link":"https:\/\/darvilais.md\/ro\/produs\/clear-silicone-case-samsung-tab-a-10-5-2018\/","title":{"rendered":"Samsung Tab A 10.5\/2018"},"content":{"rendered":"<h2><strong>Hus\u0103 transparent\u0103 din silicon pentru Samsung Tab A 10.5 (2018)<\/strong><\/h2>\n<ul>\n<li class=\"p1\"><strong>Culoare: transparent\u0103<\/strong><\/li>\n<li class=\"p1\"><strong>Tip: carcas\u0103 din silicon<\/strong><\/li>\n<li class=\"p1\"><strong>Compatibilitate: Samsung Galaxy Tab A 10.5 (2018)<\/strong><\/li>\n<li class=\"p1\"><strong>Material: silicon (TPU)<\/strong><\/li>\n<li class=\"p1\"><strong>Caracteristici: carcas\u0103 transparent\u0103, sub\u021bire, rezistent\u0103 la zg\u00e2rieturi<\/strong><\/li>\n<li class=\"p1\"><strong>Pachetul include: carcas\u0103<\/strong><\/li>\n<li class=\"p1\"><strong>Produc\u0103tor: altul<\/strong><\/li>\n<\/ul>","protected":false},"excerpt":{"rendered":"<p><strong><em>Aceast\u0103 hus\u0103 transparent\u0103 din silicon pentru Samsung Tab A 10.5 (2018) p\u0103streaz\u0103 aspectul tabletei \u0219i o protejeaz\u0103 de zg\u00e2rieturi. Este sub\u021bire, u\u0219oar\u0103 \u0219i se potrive\u0219te confortabil.<\/em><\/strong><\/p>","protected":false},"featured_media":12416,"template":"","meta":{"_acf_changed":false},"product_brand":[364],"product_cat":[363],"product_tag":[480,373,390,1448],"class_list":{"0":"post-12413","1":"product","2":"type-product","3":"status-publish","4":"has-post-thumbnail","6":"product_brand-364","7":"product_cat-tablet-cases","8":"product_tag-480","9":"product_tag-373","10":"product_tag-390","11":"product_tag-1448","13":"first","14":"outofstock","15":"sale","16":"taxable","17":"shipping-taxable","18":"purchasable","19":"product-type-simple","20":"add-to-wishlist-after_add_to_cart"},"acf":[],"jetpack_sharing_enabled":true,"_links":{"self":[{"href":"https:\/\/darvilais.md\/ro\/wp-json\/wp\/v2\/product\/12413","targetHints":{"allow":["GET"]}}],"collection":[{"href":"https:\/\/darvilais.md\/ro\/wp-json\/wp\/v2\/product"}],"about":[{"href":"https:\/\/darvilais.md\/ro\/wp-json\/wp\/v2\/types\/product"}],"wp:featuredmedia":[{"embeddable":true,"href":"https:\/\/darvilais.md\/ro\/wp-json\/wp\/v2\/media\/12416"}],"wp:attachment":[{"href":"https:\/\/darvilais.md\/ro\/wp-json\/wp\/v2\/media?parent=12413"}],"wp:term":[{"taxonomy":"product_brand","embeddable":true,"href":"https:\/\/darvilais.md\/ro\/wp-json\/wp\/v2\/product_brand?post=12413"},{"taxonomy":"product_cat","embeddable":true,"href":"https:\/\/darvilais.md\/ro\/wp-json\/wp\/v2\/product_cat?post=12413"},{"taxonomy":"product_tag","embeddable":true,"href":"https:\/\/darvilais.md\/ro\/wp-json\/wp\/v2\/product_tag?post=12413"}],"curies":[{"name":"wp","href":"https:\/\/api.w.org\/{rel}","templated":true}]}}