{"id":12409,"date":"2025-12-22T16:56:13","date_gmt":"2025-12-22T14:56:13","guid":{"rendered":"https:\/\/darvilais.md\/?post_type=product&#038;p=12409"},"modified":"2026-05-04T13:59:22","modified_gmt":"2026-05-04T10:59:22","slug":"case-samsung-galaxy-tab-s6-lite-2022","status":"publish","type":"product","link":"https:\/\/darvilais.md\/ro\/produs\/case-samsung-galaxy-tab-s6-lite-2022\/","title":{"rendered":"Samsung Galaxy Tab S6 Lite\/2022"},"content":{"rendered":"<h2><strong>Hus\u0103 Samsung Galaxy Tab S6 Lite\/Tab S6 Lite 2022, culoare uni, pliabil\u0103 \u00een 3 straturi<\/strong><\/h2>\n<ul>\n<li class=\"p1\"><strong>Culoare: negru<\/strong><\/li>\n<li class=\"p1\"><strong>Tip: carte \/ pliere \u00een 3 straturi<\/strong><\/li>\n<li class=\"p1\"><strong>Compatibilitate: Samsung Galaxy Tab S6 Lite, Samsung Galaxy Tab S6 Lite 2022<\/strong><\/li>\n<li class=\"p1\"><strong>Material: piele artificiala (PU Piele)<\/strong><\/li>\n<li class=\"p1\"><strong>Caracteristici: design cu suport triplu, protec\u021bie complet\u0103 pentru corp \u0219i ecran, \u00eenchidere magnetic\u0103<\/strong><\/li>\n<li class=\"p1\"><strong>Pachetul include: carcas\u0103<\/strong><\/li>\n<li class=\"p1\"><strong>Produc\u0103tor: altul<\/strong><\/li>\n<\/ul>","protected":false},"excerpt":{"rendered":"<p><em><strong>Hus\u0103 Piele tip carte, pliabil\u0103 \u00een 3 moduri, pentru Samsung Galaxy Tab S6 Lite \u0219i 2022: hus\u0103 \u0219i protec\u021bie pentru ecran cu suport, de culoare neagr\u0103.<\/strong><\/em><\/p>","protected":false},"featured_media":12410,"template":"","meta":{"_acf_changed":false},"product_brand":[364],"product_cat":[363],"product_tag":[480,1449,1450,1448],"class_list":{"0":"post-12409","1":"product","2":"type-product","3":"status-publish","4":"has-post-thumbnail","6":"product_brand-364","7":"product_cat-tablet-cases","8":"product_tag-480","9":"product_tag-1449","10":"product_tag--3-","11":"product_tag-1448","13":"first","14":"outofstock","15":"taxable","16":"shipping-taxable","17":"purchasable","18":"product-type-simple","19":"add-to-wishlist-after_add_to_cart"},"acf":[],"jetpack_sharing_enabled":true,"_links":{"self":[{"href":"https:\/\/darvilais.md\/ro\/wp-json\/wp\/v2\/product\/12409","targetHints":{"allow":["GET"]}}],"collection":[{"href":"https:\/\/darvilais.md\/ro\/wp-json\/wp\/v2\/product"}],"about":[{"href":"https:\/\/darvilais.md\/ro\/wp-json\/wp\/v2\/types\/product"}],"wp:featuredmedia":[{"embeddable":true,"href":"https:\/\/darvilais.md\/ro\/wp-json\/wp\/v2\/media\/12410"}],"wp:attachment":[{"href":"https:\/\/darvilais.md\/ro\/wp-json\/wp\/v2\/media?parent=12409"}],"wp:term":[{"taxonomy":"product_brand","embeddable":true,"href":"https:\/\/darvilais.md\/ro\/wp-json\/wp\/v2\/product_brand?post=12409"},{"taxonomy":"product_cat","embeddable":true,"href":"https:\/\/darvilais.md\/ro\/wp-json\/wp\/v2\/product_cat?post=12409"},{"taxonomy":"product_tag","embeddable":true,"href":"https:\/\/darvilais.md\/ro\/wp-json\/wp\/v2\/product_tag?post=12409"}],"curies":[{"name":"wp","href":"https:\/\/api.w.org\/{rel}","templated":true}]}}