{"id":12392,"date":"2025-12-21T21:57:04","date_gmt":"2025-12-21T19:57:04","guid":{"rendered":"https:\/\/darvilais.md\/?post_type=product&#038;p=12392"},"modified":"2025-12-21T21:57:04","modified_gmt":"2025-12-21T19:57:04","slug":"wiwu-ivista-tempered-glass-ipad-pro-11","status":"publish","type":"product","link":"https:\/\/darvilais.md\/ro\/produs\/wiwu-ivista-tempered-glass-ipad-pro-11\/","title":{"rendered":"iPad Pro 11"},"content":{"rendered":"<h2><strong>Sticla securizata WiWU iVista pentru iPad Pro 11\u201d<\/strong><\/h2>\n<ul>\n<li class=\"p1\"><strong>Culoare: transparent\u0103\u00a0<\/strong><\/li>\n<li class=\"p1\"><strong>Tip: sticl\u0103 de protec\u021bie 9H\u00a0<\/strong><\/li>\n<li class=\"p1\"><strong>Compatibilitate: iPad Pro (2024) 11\u2033\u00a0<\/strong><\/li>\n<li class=\"p1\"><strong>Material: sticl\u0103 securizat\u0103\u00a0<\/strong><\/li>\n<li class=\"p1\"><strong>Caracteristici: Transparen\u021b\u0103 ridicat\u0103, acoperire complet\u0103 a ecranului, potrivire precis\u0103\u00a0<\/strong><\/li>\n<li class=\"p1\"><strong>Include: sticl\u0103 de protec\u021bie\u00a0<\/strong><\/li>\n<li class=\"p1\"><strong>Produc\u0103tor: WiWU<\/strong><\/li>\n<\/ul>","protected":false},"excerpt":{"rendered":"<p><strong><em>Sticl\u0103 de protec\u021bie WiWU iVista 9H HD pentru iPad Pro 11\u2033 cu transparen\u021b\u0103 ridicat\u0103 \u0219i acoperire complet\u0103, protec\u021bie fiabil\u0103 a ecranului f\u0103r\u0103 distorsiuni.<\/em><\/strong><\/p>","protected":false},"featured_media":12395,"template":"","meta":{"_acf_changed":false},"product_brand":[307],"product_cat":[1410],"product_tag":[1444,1439,1411,1412],"class_list":{"0":"post-12392","1":"product","2":"type-product","3":"status-publish","4":"has-post-thumbnail","6":"product_brand-wiwu","7":"product_cat-tablet-glass","8":"product_tag-ipad-pro-11","9":"product_tag-1439","10":"product_tag-1411","11":"product_tag--9h","13":"first","14":"instock","15":"taxable","16":"shipping-taxable","17":"purchasable","18":"product-type-simple","19":"add-to-wishlist-after_add_to_cart"},"acf":[],"jetpack_sharing_enabled":true,"_links":{"self":[{"href":"https:\/\/darvilais.md\/ro\/wp-json\/wp\/v2\/product\/12392","targetHints":{"allow":["GET"]}}],"collection":[{"href":"https:\/\/darvilais.md\/ro\/wp-json\/wp\/v2\/product"}],"about":[{"href":"https:\/\/darvilais.md\/ro\/wp-json\/wp\/v2\/types\/product"}],"wp:featuredmedia":[{"embeddable":true,"href":"https:\/\/darvilais.md\/ro\/wp-json\/wp\/v2\/media\/12395"}],"wp:attachment":[{"href":"https:\/\/darvilais.md\/ro\/wp-json\/wp\/v2\/media?parent=12392"}],"wp:term":[{"taxonomy":"product_brand","embeddable":true,"href":"https:\/\/darvilais.md\/ro\/wp-json\/wp\/v2\/product_brand?post=12392"},{"taxonomy":"product_cat","embeddable":true,"href":"https:\/\/darvilais.md\/ro\/wp-json\/wp\/v2\/product_cat?post=12392"},{"taxonomy":"product_tag","embeddable":true,"href":"https:\/\/darvilais.md\/ro\/wp-json\/wp\/v2\/product_tag?post=12392"}],"curies":[{"name":"wp","href":"https:\/\/api.w.org\/{rel}","templated":true}]}}