{"id":12388,"date":"2025-12-21T21:43:03","date_gmt":"2025-12-21T19:43:03","guid":{"rendered":"https:\/\/darvilais.md\/?post_type=product&#038;p=12388"},"modified":"2025-12-21T21:43:03","modified_gmt":"2025-12-21T19:43:03","slug":"wiwu-ivista-tempered-glass-ipad-air-13","status":"publish","type":"product","link":"https:\/\/darvilais.md\/ro\/produs\/wiwu-ivista-tempered-glass-ipad-air-13\/","title":{"rendered":"iPad Air 13"},"content":{"rendered":"<h2><strong>Sticla securizata WiWU iVista pentru iPad Air 13\u201d<\/strong><\/h2>\n<ul>\n<li class=\"p1\"><strong>Culoare: transparent\u0103\u00a0<\/strong><\/li>\n<li class=\"p1\"><strong>Tip: sticl\u0103 de protec\u021bie 9H\u00a0<\/strong><\/li>\n<li class=\"p1\"><strong>Compatibilitate: iPad Air (2024) 13\u2033<\/strong><\/li>\n<li class=\"p1\"><strong>Material: sticl\u0103 securizat\u0103\u00a0<\/strong><\/li>\n<li class=\"p1\"><strong>Caracteristici: Transparen\u021b\u0103 ridicat\u0103, acoperire complet\u0103 a ecranului, potrivire precis\u0103\u00a0<\/strong><\/li>\n<li class=\"p1\"><strong>Include: sticl\u0103 de protec\u021bie\u00a0<\/strong><\/li>\n<li class=\"p1\"><strong>Produc\u0103tor: WiWU<\/strong><\/li>\n<\/ul>","protected":false},"excerpt":{"rendered":"<p><em><strong>Protectorul de ecran WiWU iVista 9H HD pentru iPad Air 13&quot; ofer\u0103 transparen\u021b\u0103 ridicat\u0103 \u0219i acoperire complet\u0103 a ecranului. Ofer\u0103 o protec\u021bie fiabil\u0103, f\u0103r\u0103 distorsiuni.<\/strong><\/em><\/p>","protected":false},"featured_media":12391,"template":"","meta":{"_acf_changed":false},"product_brand":[307],"product_cat":[1409],"product_tag":[1443,1439,1411,1412],"class_list":{"0":"post-12388","1":"product","2":"type-product","3":"status-publish","4":"has-post-thumbnail","6":"product_brand-wiwu","7":"product_cat-phone-glass","8":"product_tag-ipad-air-13","9":"product_tag-1439","10":"product_tag-1411","11":"product_tag--9h","13":"first","14":"instock","15":"sale","16":"taxable","17":"shipping-taxable","18":"purchasable","19":"product-type-simple","20":"add-to-wishlist-after_add_to_cart"},"acf":[],"jetpack_sharing_enabled":true,"_links":{"self":[{"href":"https:\/\/darvilais.md\/ro\/wp-json\/wp\/v2\/product\/12388","targetHints":{"allow":["GET"]}}],"collection":[{"href":"https:\/\/darvilais.md\/ro\/wp-json\/wp\/v2\/product"}],"about":[{"href":"https:\/\/darvilais.md\/ro\/wp-json\/wp\/v2\/types\/product"}],"wp:featuredmedia":[{"embeddable":true,"href":"https:\/\/darvilais.md\/ro\/wp-json\/wp\/v2\/media\/12391"}],"wp:attachment":[{"href":"https:\/\/darvilais.md\/ro\/wp-json\/wp\/v2\/media?parent=12388"}],"wp:term":[{"taxonomy":"product_brand","embeddable":true,"href":"https:\/\/darvilais.md\/ro\/wp-json\/wp\/v2\/product_brand?post=12388"},{"taxonomy":"product_cat","embeddable":true,"href":"https:\/\/darvilais.md\/ro\/wp-json\/wp\/v2\/product_cat?post=12388"},{"taxonomy":"product_tag","embeddable":true,"href":"https:\/\/darvilais.md\/ro\/wp-json\/wp\/v2\/product_tag?post=12388"}],"curies":[{"name":"wp","href":"https:\/\/api.w.org\/{rel}","templated":true}]}}