{"id":12341,"date":"2025-12-20T22:36:10","date_gmt":"2025-12-20T20:36:10","guid":{"rendered":"https:\/\/darvilais.md\/?post_type=product&#038;p=12341"},"modified":"2025-12-20T22:36:10","modified_gmt":"2025-12-20T20:36:10","slug":"privacy-glass-mietubl-redmi-10c-12c-poco-c55","status":"publish","type":"product","link":"https:\/\/darvilais.md\/ro\/produs\/privacy-glass-mietubl-redmi-10c-12c-poco-c55\/","title":{"rendered":"Confiden\u021bialitate pentru Redmi 10C\/12C\/Poco C55"},"content":{"rendered":"<h2><strong>Sticl\u0103 securizat\u0103 Mietubl pentru confiden\u021bialitate Redmi 10C\/12C\/Poco C55<\/strong><\/h2>\n<ul>\n<li class=\"p1\"><strong>Culoare: negru<\/strong><\/li>\n<li class=\"p1\"><strong>Tip: sticl\u0103 anti-spionaj 9H<\/strong><\/li>\n<li class=\"p1\"><strong>Compatibilitate: Redmi 10C, Redmi 12C, Poco C55<\/strong><\/li>\n<li class=\"p1\"><strong>Material: sticl\u0103 securizat\u0103<\/strong><\/li>\n<li class=\"p1\"><strong>Caracteristici: filtru de confiden\u021bialitate, acoperire complet\u0103<\/strong><\/li>\n<li class=\"p1\"><strong>Echipament: sticl\u0103<\/strong><\/li>\n<li class=\"p1\"><strong>Produc\u0103tor: Miet\u00fcbl<\/strong><\/li>\n<\/ul>","protected":false},"excerpt":{"rendered":"<p><em><strong>Sticl\u0103 anti-spionaj 9H pentru Redmi 10C, 12C \u0219i Poco C55: ecranul este vizibil doar proprietarului, oferind o protec\u021bie fiabil\u0103 f\u0103r\u0103 distorsiuni sau vizualiz\u0103ri laterale.<\/strong><\/em><\/p>","protected":false},"featured_media":12344,"template":"","meta":{"_acf_changed":false},"product_brand":[795],"product_cat":[1409],"product_tag":[1418,1415,763,1412],"class_list":{"0":"post-12341","1":"product","2":"type-product","3":"status-publish","4":"has-post-thumbnail","6":"product_brand-mietubl","7":"product_cat-phone-glass","8":"product_tag-privacy-","9":"product_tag-1415","10":"product_tag-763","11":"product_tag--9h","13":"first","14":"instock","15":"taxable","16":"shipping-taxable","17":"purchasable","18":"product-type-simple","19":"add-to-wishlist-after_add_to_cart"},"acf":[],"jetpack_sharing_enabled":true,"_links":{"self":[{"href":"https:\/\/darvilais.md\/ro\/wp-json\/wp\/v2\/product\/12341","targetHints":{"allow":["GET"]}}],"collection":[{"href":"https:\/\/darvilais.md\/ro\/wp-json\/wp\/v2\/product"}],"about":[{"href":"https:\/\/darvilais.md\/ro\/wp-json\/wp\/v2\/types\/product"}],"wp:featuredmedia":[{"embeddable":true,"href":"https:\/\/darvilais.md\/ro\/wp-json\/wp\/v2\/media\/12344"}],"wp:attachment":[{"href":"https:\/\/darvilais.md\/ro\/wp-json\/wp\/v2\/media?parent=12341"}],"wp:term":[{"taxonomy":"product_brand","embeddable":true,"href":"https:\/\/darvilais.md\/ro\/wp-json\/wp\/v2\/product_brand?post=12341"},{"taxonomy":"product_cat","embeddable":true,"href":"https:\/\/darvilais.md\/ro\/wp-json\/wp\/v2\/product_cat?post=12341"},{"taxonomy":"product_tag","embeddable":true,"href":"https:\/\/darvilais.md\/ro\/wp-json\/wp\/v2\/product_tag?post=12341"}],"curies":[{"name":"wp","href":"https:\/\/api.w.org\/{rel}","templated":true}]}}