{"id":12336,"date":"2025-12-20T22:30:06","date_gmt":"2025-12-20T20:30:06","guid":{"rendered":"https:\/\/darvilais.md\/?post_type=product&#038;p=12336"},"modified":"2025-12-20T22:30:06","modified_gmt":"2025-12-20T20:30:06","slug":"hoco-hd-glass-redmi-10c-12c-poco-c55","status":"publish","type":"product","link":"https:\/\/darvilais.md\/ro\/produs\/hoco-hd-glass-redmi-10c-12c-poco-c55\/","title":{"rendered":"Redmi 10C\/12C\/Poco C55"},"content":{"rendered":"<h2><strong>Sticl\u0103 securizat\u0103 Hoco HD pentru Redmi 10C\/12C\/Poco C55<\/strong><\/h2>\n<ul>\n<li class=\"p1\"><strong>Culoare: negru<\/strong><\/li>\n<li class=\"p1\"><strong>Tip: sticl\u0103 de protec\u021bie 9H<\/strong><\/li>\n<li class=\"p1\"><strong>Compatibilitate: Redmi 10C, Redmi 12C, Poco C55<\/strong><\/li>\n<li class=\"p1\"><strong>Material: sticl\u0103 securizat\u0103<\/strong><\/li>\n<li class=\"p1\"><strong>Caracteristici: transparen\u021b\u0103 HD, acoperire ecran complet<\/strong><\/li>\n<li class=\"p1\"><strong>Echipament: sticl\u0103<\/strong><\/li>\n<li class=\"p1\"><strong>Producator: Hoco<\/strong><\/li>\n<\/ul>","protected":false},"excerpt":{"rendered":"<p><strong><em>Sticl\u0103 de protec\u021bie 9H HD pentru Redmi 10C, 12C \u0219i Poco C55 cu acoperire complet\u0103 a ecranului, transparen\u021b\u0103 ridicat\u0103 \u0219i protec\u021bie fiabil\u0103 \u00eempotriva zg\u00e2rieturilor.<\/em><\/strong><\/p>","protected":false},"featured_media":12338,"template":"","meta":{"_acf_changed":false},"product_brand":[286],"product_cat":[1409],"product_tag":[1434,763,1411,1412],"class_list":{"0":"post-12336","1":"product","2":"type-product","3":"status-publish","4":"has-post-thumbnail","6":"product_brand-hoco","7":"product_cat-phone-glass","8":"product_tag-hd-","9":"product_tag-763","10":"product_tag-1411","11":"product_tag--9h","13":"first","14":"instock","15":"sale","16":"taxable","17":"shipping-taxable","18":"purchasable","19":"product-type-simple","20":"add-to-wishlist-after_add_to_cart"},"acf":[],"jetpack_sharing_enabled":true,"_links":{"self":[{"href":"https:\/\/darvilais.md\/ro\/wp-json\/wp\/v2\/product\/12336","targetHints":{"allow":["GET"]}}],"collection":[{"href":"https:\/\/darvilais.md\/ro\/wp-json\/wp\/v2\/product"}],"about":[{"href":"https:\/\/darvilais.md\/ro\/wp-json\/wp\/v2\/types\/product"}],"wp:featuredmedia":[{"embeddable":true,"href":"https:\/\/darvilais.md\/ro\/wp-json\/wp\/v2\/media\/12338"}],"wp:attachment":[{"href":"https:\/\/darvilais.md\/ro\/wp-json\/wp\/v2\/media?parent=12336"}],"wp:term":[{"taxonomy":"product_brand","embeddable":true,"href":"https:\/\/darvilais.md\/ro\/wp-json\/wp\/v2\/product_brand?post=12336"},{"taxonomy":"product_cat","embeddable":true,"href":"https:\/\/darvilais.md\/ro\/wp-json\/wp\/v2\/product_cat?post=12336"},{"taxonomy":"product_tag","embeddable":true,"href":"https:\/\/darvilais.md\/ro\/wp-json\/wp\/v2\/product_tag?post=12336"}],"curies":[{"name":"wp","href":"https:\/\/api.w.org\/{rel}","templated":true}]}}