{"id":12316,"date":"2025-12-20T21:32:40","date_gmt":"2025-12-20T19:32:40","guid":{"rendered":"https:\/\/darvilais.md\/?post_type=product&#038;p=12316"},"modified":"2025-12-20T21:32:40","modified_gmt":"2025-12-20T19:32:40","slug":"anti-static-glass-redmi-note-12-12-5g-poco-x5","status":"publish","type":"product","link":"https:\/\/darvilais.md\/ro\/produs\/anti-static-glass-redmi-note-12-12-5g-poco-x5\/","title":{"rendered":"Redmi Note 12\/12 5G\/Poco X5"},"content":{"rendered":"<h2><strong>Sticl\u0103 securizat\u0103 antistatic\u0103 Giraffe pentru Redmi Note 12\/12 5G\/Poco X5<\/strong><\/h2>\n<ul>\n<li class=\"p1\"><strong>Culoare: negru<\/strong><\/li>\n<li class=\"p1\"><strong>Tip: sticl\u0103 de protec\u021bie 9H<\/strong><\/li>\n<li class=\"p1\"><strong>Compatibilitate: Redmi Note 12, Redmi Note 12 5G, Poco X5<\/strong><\/li>\n<li class=\"p1\"><strong>Material: sticl\u0103 securizat\u0103<\/strong><\/li>\n<li class=\"p1\"><strong>Caracteristici: Strat antistatic, acoperire complet\u0103 a ecranului<\/strong><\/li>\n<li class=\"p1\"><strong>Include: sticl\u0103 de protec\u021bie<\/strong><\/li>\n<li class=\"p1\"><strong>Produc\u0103tor: Giraffe<\/strong><\/li>\n<\/ul>","protected":false},"excerpt":{"rendered":"<p><strong><em>Folie de protec\u021bie antistatic\u0103 9H pentru Redmi Note 12, Note 12 5G \u0219i Poco X5. Acoper\u0103 complet ecranul \u0219i se potrive\u0219te perfect.<\/em><\/strong><\/p>","protected":false},"featured_media":12318,"template":"","meta":{"_acf_changed":false},"product_brand":[364],"product_cat":[1409],"product_tag":[1427,1436,1411,1412],"class_list":{"0":"post-12316","1":"product","2":"type-product","3":"status-publish","4":"has-post-thumbnail","6":"product_brand-364","7":"product_cat-phone-glass","8":"product_tag-full-screen","9":"product_tag-1436","10":"product_tag-1411","11":"product_tag--9h","13":"first","14":"instock","15":"taxable","16":"shipping-taxable","17":"purchasable","18":"product-type-simple","19":"add-to-wishlist-after_add_to_cart"},"acf":[],"jetpack_sharing_enabled":true,"_links":{"self":[{"href":"https:\/\/darvilais.md\/ro\/wp-json\/wp\/v2\/product\/12316","targetHints":{"allow":["GET"]}}],"collection":[{"href":"https:\/\/darvilais.md\/ro\/wp-json\/wp\/v2\/product"}],"about":[{"href":"https:\/\/darvilais.md\/ro\/wp-json\/wp\/v2\/types\/product"}],"wp:featuredmedia":[{"embeddable":true,"href":"https:\/\/darvilais.md\/ro\/wp-json\/wp\/v2\/media\/12318"}],"wp:attachment":[{"href":"https:\/\/darvilais.md\/ro\/wp-json\/wp\/v2\/media?parent=12316"}],"wp:term":[{"taxonomy":"product_brand","embeddable":true,"href":"https:\/\/darvilais.md\/ro\/wp-json\/wp\/v2\/product_brand?post=12316"},{"taxonomy":"product_cat","embeddable":true,"href":"https:\/\/darvilais.md\/ro\/wp-json\/wp\/v2\/product_cat?post=12316"},{"taxonomy":"product_tag","embeddable":true,"href":"https:\/\/darvilais.md\/ro\/wp-json\/wp\/v2\/product_tag?post=12316"}],"curies":[{"name":"wp","href":"https:\/\/api.w.org\/{rel}","templated":true}]}}