{"id":12308,"date":"2025-12-20T19:27:06","date_gmt":"2025-12-20T17:27:06","guid":{"rendered":"https:\/\/darvilais.md\/?post_type=product&#038;p=12308"},"modified":"2025-12-20T19:27:06","modified_gmt":"2025-12-20T17:27:06","slug":"hoco-hd-glass-redmi-note-13","status":"publish","type":"product","link":"https:\/\/darvilais.md\/ro\/produs\/hoco-hd-glass-redmi-note-13\/","title":{"rendered":"Redmi Note 13"},"content":{"rendered":"<h2><strong>Sticl\u0103 securizat\u0103 Hoco Full Screen HD pentru Redmi Note 13<\/strong><\/h2>\n<ul>\n<li class=\"p1\"><strong>Culoare: negru<\/strong><\/li>\n<li class=\"p1\"><strong>Tip: sticl\u0103 de protec\u021bie 9H<\/strong><\/li>\n<li class=\"p1\"><strong>Compatibilitate: Redmi Note 13<\/strong><\/li>\n<li class=\"p1\"><strong>Material: sticl\u0103 securizat\u0103<\/strong><\/li>\n<li class=\"p1\"><strong>Caracteristici: transparen\u021b\u0103 HD, acoperire ecran complet<\/strong><\/li>\n<li class=\"p1\"><strong>Include: sticl\u0103 de protec\u021bie<\/strong><\/li>\n<li class=\"p1\"><strong>Producator: Hoco<\/strong><\/li>\n<\/ul>","protected":false},"excerpt":{"rendered":"<p><em><strong>Sticl\u0103 de protec\u021bie clasic\u0103 9H HD pentru Redmi Note 13, cu acoperire complet\u0103 a ecranului \u0219i transparen\u021b\u0103 ridicat\u0103, f\u0103r\u0103 distorsiuni.<\/strong><\/em><\/p>","protected":false},"featured_media":12309,"template":"","meta":{"_acf_changed":false},"product_brand":[286],"product_cat":[1409],"product_tag":[1427,763,1411,1412],"class_list":{"0":"post-12308","1":"product","2":"type-product","3":"status-publish","4":"has-post-thumbnail","6":"product_brand-hoco","7":"product_cat-phone-glass","8":"product_tag-full-screen","9":"product_tag-763","10":"product_tag-1411","11":"product_tag--9h","13":"first","14":"instock","15":"taxable","16":"shipping-taxable","17":"purchasable","18":"product-type-simple","19":"add-to-wishlist-after_add_to_cart"},"acf":[],"jetpack_sharing_enabled":true,"_links":{"self":[{"href":"https:\/\/darvilais.md\/ro\/wp-json\/wp\/v2\/product\/12308","targetHints":{"allow":["GET"]}}],"collection":[{"href":"https:\/\/darvilais.md\/ro\/wp-json\/wp\/v2\/product"}],"about":[{"href":"https:\/\/darvilais.md\/ro\/wp-json\/wp\/v2\/types\/product"}],"wp:featuredmedia":[{"embeddable":true,"href":"https:\/\/darvilais.md\/ro\/wp-json\/wp\/v2\/media\/12309"}],"wp:attachment":[{"href":"https:\/\/darvilais.md\/ro\/wp-json\/wp\/v2\/media?parent=12308"}],"wp:term":[{"taxonomy":"product_brand","embeddable":true,"href":"https:\/\/darvilais.md\/ro\/wp-json\/wp\/v2\/product_brand?post=12308"},{"taxonomy":"product_cat","embeddable":true,"href":"https:\/\/darvilais.md\/ro\/wp-json\/wp\/v2\/product_cat?post=12308"},{"taxonomy":"product_tag","embeddable":true,"href":"https:\/\/darvilais.md\/ro\/wp-json\/wp\/v2\/product_tag?post=12308"}],"curies":[{"name":"wp","href":"https:\/\/api.w.org\/{rel}","templated":true}]}}