{"id":12261,"date":"2025-12-17T14:28:11","date_gmt":"2025-12-17T14:28:11","guid":{"rendered":"https:\/\/darvilais.md\/?post_type=product&#038;p=12261"},"modified":"2025-12-17T14:28:11","modified_gmt":"2025-12-17T14:28:11","slug":"hoco-hd-glass-samsung-a34","status":"publish","type":"product","link":"https:\/\/darvilais.md\/ro\/produs\/hoco-hd-glass-samsung-a34\/","title":{"rendered":"Samsung A34"},"content":{"rendered":"<h2><strong>Sticl\u0103 securizat\u0103 Hoco HD pentru Samsung A34<\/strong><\/h2>\n<ul>\n<li class=\"p1\"><strong>Culoare: negru<\/strong><\/li>\n<li class=\"p1\"><strong>Tip: sticl\u0103 de protec\u021bie 9H<\/strong><\/li>\n<li class=\"p1\"><strong>Compatibilitate: Samsung Galaxy A34<\/strong><\/li>\n<li class=\"p1\"><strong>Material: sticl\u0103 securizat\u0103<\/strong><\/li>\n<li class=\"p1\"><strong>Caracteristici: Transparen\u021b\u0103 HD ridicat\u0103, rezisten\u021b\u0103 la zg\u00e2rieturi<\/strong><\/li>\n<li class=\"p1\"><strong>Include: sticl\u0103 de protec\u021bie<\/strong><\/li>\n<li class=\"p1\"><strong>Producator: Hoco<\/strong><\/li>\n<\/ul>","protected":false},"excerpt":{"rendered":"<p><strong><em>Sticla securizat\u0103 Hoco HD pentru Samsung A34 ofer\u0103 o protec\u021bie fiabil\u0103 a ecranului \u00eempotriva zg\u00e2rieturilor \u0219i men\u021bine reproducerea natural\u0103 a culorilor.<\/em><\/strong><\/p>","protected":false},"featured_media":12265,"template":"","meta":{"_acf_changed":false},"product_brand":[286],"product_cat":[1409],"product_tag":[1430,1428,763,1411],"class_list":{"0":"post-12261","1":"product","2":"type-product","3":"status-publish","4":"has-post-thumbnail","6":"product_brand-hoco","7":"product_cat-phone-glass","8":"product_tag-hd-","9":"product_tag-1428","10":"product_tag-763","11":"product_tag-1411","13":"first","14":"instock","15":"taxable","16":"shipping-taxable","17":"purchasable","18":"product-type-simple","19":"add-to-wishlist-after_add_to_cart"},"acf":[],"jetpack_sharing_enabled":true,"_links":{"self":[{"href":"https:\/\/darvilais.md\/ro\/wp-json\/wp\/v2\/product\/12261","targetHints":{"allow":["GET"]}}],"collection":[{"href":"https:\/\/darvilais.md\/ro\/wp-json\/wp\/v2\/product"}],"about":[{"href":"https:\/\/darvilais.md\/ro\/wp-json\/wp\/v2\/types\/product"}],"wp:featuredmedia":[{"embeddable":true,"href":"https:\/\/darvilais.md\/ro\/wp-json\/wp\/v2\/media\/12265"}],"wp:attachment":[{"href":"https:\/\/darvilais.md\/ro\/wp-json\/wp\/v2\/media?parent=12261"}],"wp:term":[{"taxonomy":"product_brand","embeddable":true,"href":"https:\/\/darvilais.md\/ro\/wp-json\/wp\/v2\/product_brand?post=12261"},{"taxonomy":"product_cat","embeddable":true,"href":"https:\/\/darvilais.md\/ro\/wp-json\/wp\/v2\/product_cat?post=12261"},{"taxonomy":"product_tag","embeddable":true,"href":"https:\/\/darvilais.md\/ro\/wp-json\/wp\/v2\/product_tag?post=12261"}],"curies":[{"name":"wp","href":"https:\/\/api.w.org\/{rel}","templated":true}]}}