{"id":12239,"date":"2025-12-16T20:17:28","date_gmt":"2025-12-16T20:17:28","guid":{"rendered":"https:\/\/darvilais.md\/?post_type=product&#038;p=12239"},"modified":"2025-12-16T20:18:02","modified_gmt":"2025-12-16T20:18:02","slug":"mietubl-privacy-glass-samsung-a15-a25-a24-m34","status":"publish","type":"product","link":"https:\/\/darvilais.md\/ro\/produs\/mietubl-privacy-glass-samsung-a15-a25-a24-m34\/","title":{"rendered":"Confiden\u021bialitate Samsung A15\/A25\/A24\/M34"},"content":{"rendered":"<h2><strong>Sticl\u0103 securizat\u0103 Mietubl Super-D Privacy pentru Samsung A15\/A25\/A24\/M34<\/strong><\/h2>\n<ul>\n<li class=\"p1\"><strong>Culoare: negru<\/strong><\/li>\n<li class=\"p1\"><strong>Tip: sticl\u0103 anti-spionaj 9H (Privacy, Super-D)<\/strong><\/li>\n<li class=\"p1\"><strong>Compatibilitate: Samsung Galaxy A15 4G\/5G, Samsung Galaxy A25 5G, Samsung Galaxy A24 4G, Samsung Galaxy M34<\/strong><\/li>\n<li class=\"p1\"><strong>Material: sticl\u0103 securizat\u0103<\/strong><\/li>\n<li class=\"p1\"><strong>Caracteristici: protec\u021bie a confiden\u021bialit\u0103\u021bii, rezisten\u021b\u0103 Super-D sporit\u0103, acoperire complet\u0103 a ecranului<\/strong><\/li>\n<li class=\"p1\"><strong>Include: sticl\u0103 de protec\u021bie<\/strong><\/li>\n<li class=\"p1\"><strong>Produc\u0103tor: Miet\u00fcbl<\/strong><\/li>\n<\/ul>","protected":false},"excerpt":{"rendered":"<p><em><strong>Sticla anti-spionaj Mietubl Super-D Privacy pentru Samsung A15\/A25\/A24\/M34 asigur\u0103 intimitatea ecranului, ascunz\u00e2ndu-l de privirile curio\u0219i. Protejeaz\u0103 \u00een mod fiabil ecranul de zg\u00e2rieturi \u0219i impacturi.<\/strong><\/em><\/p>","protected":false},"featured_media":12241,"template":"","meta":{"_acf_changed":false},"product_brand":[795],"product_cat":[1409],"product_tag":[1425,1424,1432,1431],"class_list":{"0":"post-12239","1":"product","2":"type-product","3":"status-publish","4":"has-post-thumbnail","6":"product_brand-mietubl","7":"product_cat-phone-glass","8":"product_tag-9h-","9":"product_tag-privacy-glass","10":"product_tag-super-d","11":"product_tag-1431","13":"first","14":"instock","15":"sale","16":"taxable","17":"shipping-taxable","18":"purchasable","19":"product-type-simple","20":"add-to-wishlist-after_add_to_cart"},"acf":[],"jetpack_sharing_enabled":true,"_links":{"self":[{"href":"https:\/\/darvilais.md\/ro\/wp-json\/wp\/v2\/product\/12239","targetHints":{"allow":["GET"]}}],"collection":[{"href":"https:\/\/darvilais.md\/ro\/wp-json\/wp\/v2\/product"}],"about":[{"href":"https:\/\/darvilais.md\/ro\/wp-json\/wp\/v2\/types\/product"}],"wp:featuredmedia":[{"embeddable":true,"href":"https:\/\/darvilais.md\/ro\/wp-json\/wp\/v2\/media\/12241"}],"wp:attachment":[{"href":"https:\/\/darvilais.md\/ro\/wp-json\/wp\/v2\/media?parent=12239"}],"wp:term":[{"taxonomy":"product_brand","embeddable":true,"href":"https:\/\/darvilais.md\/ro\/wp-json\/wp\/v2\/product_brand?post=12239"},{"taxonomy":"product_cat","embeddable":true,"href":"https:\/\/darvilais.md\/ro\/wp-json\/wp\/v2\/product_cat?post=12239"},{"taxonomy":"product_tag","embeddable":true,"href":"https:\/\/darvilais.md\/ro\/wp-json\/wp\/v2\/product_tag?post=12239"}],"curies":[{"name":"wp","href":"https:\/\/api.w.org\/{rel}","templated":true}]}}