{"id":12221,"date":"2025-12-16T15:43:25","date_gmt":"2025-12-16T15:43:25","guid":{"rendered":"https:\/\/darvilais.md\/?post_type=product&#038;p=12221"},"modified":"2025-12-16T15:43:25","modified_gmt":"2025-12-16T15:43:25","slug":"mietubl-ag-matte-glass-samsung-s22-s23","status":"publish","type":"product","link":"https:\/\/darvilais.md\/ro\/produs\/mietubl-ag-matte-glass-samsung-s22-s23\/","title":{"rendered":"Samsung S22\/S23"},"content":{"rendered":"<h2><strong>Sticl\u0103 securizat\u0103 mat\u0103 Mietubl AG pentru Samsung S22\/S23<\/strong><\/h2>\n<ul>\n<li class=\"p1\"><strong>Culoare: negru<\/strong><\/li>\n<li class=\"p1\"><strong>Tip: sticl\u0103 mat\u0103 de protec\u021bie 9H<\/strong><\/li>\n<li class=\"p1\"><strong>Compatibilitate: Samsung Galaxy S22, Samsung Galaxy S23<\/strong><\/li>\n<li class=\"p1\"><strong>Material: sticl\u0103 securizat\u0103<\/strong><\/li>\n<li class=\"p1\"><strong>Caracteristici: finisaj mat, antireflex, reduce amprentele<\/strong><\/li>\n<li class=\"p1\"><strong>Include: sticl\u0103 de protec\u021bie<\/strong><\/li>\n<li class=\"p1\"><strong>Produc\u0103tor: Miet\u00fcbl<\/strong><\/li>\n<\/ul>","protected":false},"excerpt":{"rendered":"<p><em><strong>Sticla mat\u0103 de la Mietubl AG reduce str\u0103lucirea \u0219i amprentele digitale, men\u021bin\u00e2nd \u00een acela\u0219i timp protec\u021bia ecranului telefonului Samsung S22 \u0219i S23.<\/strong><\/em><\/p>","protected":false},"featured_media":12222,"template":"","meta":{"_acf_changed":false},"product_brand":[795],"product_cat":[1409],"product_tag":[1423,1411,1422,1412],"class_list":{"0":"post-12221","1":"product","2":"type-product","3":"status-publish","4":"has-post-thumbnail","6":"product_brand-mietubl","7":"product_cat-phone-glass","8":"product_tag-1423","9":"product_tag-1411","10":"product_tag-1422","11":"product_tag--9h","13":"first","14":"instock","15":"sale","16":"taxable","17":"shipping-taxable","18":"purchasable","19":"product-type-simple","20":"add-to-wishlist-after_add_to_cart"},"acf":[],"jetpack_sharing_enabled":true,"_links":{"self":[{"href":"https:\/\/darvilais.md\/ro\/wp-json\/wp\/v2\/product\/12221","targetHints":{"allow":["GET"]}}],"collection":[{"href":"https:\/\/darvilais.md\/ro\/wp-json\/wp\/v2\/product"}],"about":[{"href":"https:\/\/darvilais.md\/ro\/wp-json\/wp\/v2\/types\/product"}],"wp:featuredmedia":[{"embeddable":true,"href":"https:\/\/darvilais.md\/ro\/wp-json\/wp\/v2\/media\/12222"}],"wp:attachment":[{"href":"https:\/\/darvilais.md\/ro\/wp-json\/wp\/v2\/media?parent=12221"}],"wp:term":[{"taxonomy":"product_brand","embeddable":true,"href":"https:\/\/darvilais.md\/ro\/wp-json\/wp\/v2\/product_brand?post=12221"},{"taxonomy":"product_cat","embeddable":true,"href":"https:\/\/darvilais.md\/ro\/wp-json\/wp\/v2\/product_cat?post=12221"},{"taxonomy":"product_tag","embeddable":true,"href":"https:\/\/darvilais.md\/ro\/wp-json\/wp\/v2\/product_tag?post=12221"}],"curies":[{"name":"wp","href":"https:\/\/api.w.org\/{rel}","templated":true}]}}