{"id":12202,"date":"2025-12-16T11:17:25","date_gmt":"2025-12-16T11:17:25","guid":{"rendered":"https:\/\/darvilais.md\/?post_type=product&#038;p=12202"},"modified":"2025-12-16T11:17:25","modified_gmt":"2025-12-16T11:17:25","slug":"hoco-hd-tempered-glass-samsung-s24","status":"publish","type":"product","link":"https:\/\/darvilais.md\/ro\/produs\/hoco-hd-tempered-glass-samsung-s24\/","title":{"rendered":"Samsung S24"},"content":{"rendered":"<h2><strong>Sticl\u0103 securizat\u0103 Hoco Full Screen HD pentru Samsung S24 (G9)<\/strong><\/h2>\n<ul>\n<li class=\"p1\"><strong>Culoare: negru<\/strong><\/li>\n<li class=\"p1\"><strong>Tip: sticl\u0103 de protec\u021bie 9H<\/strong><\/li>\n<li class=\"p1\"><strong>Compatibilitate: Samsung Galaxy S24<\/strong><\/li>\n<li class=\"p1\"><strong>Material: sticl\u0103 securizat\u0103<\/strong><\/li>\n<li class=\"p1\"><strong>Caracteristici: Transparen\u021b\u0103 ridicat\u0103, potrivire precis\u0103, acoperire oleofob\u0103<\/strong><\/li>\n<li class=\"p1\"><strong>Include: sticl\u0103 de protec\u021bie<\/strong><\/li>\n<li class=\"p1\"><strong>Producator: Hoco<\/strong><\/li>\n<\/ul>","protected":false},"excerpt":{"rendered":"<p><em><strong>Sticla de protec\u021bie durabil\u0103 Hoco HD ofer\u0103 o transparen\u021b\u0103 ridicat\u0103 \u0219i o potrivire precis\u0103 pe ecranul Samsung S24.<\/strong><\/em><\/p>","protected":false},"featured_media":12203,"template":"","meta":{"_acf_changed":false},"product_brand":[286],"product_cat":[1409],"product_tag":[763,1411,1412,1421],"class_list":{"0":"post-12202","1":"product","2":"type-product","3":"status-publish","4":"has-post-thumbnail","6":"product_brand-hoco","7":"product_cat-phone-glass","8":"product_tag-763","9":"product_tag-1411","10":"product_tag--9h","11":"product_tag---samsung","13":"first","14":"instock","15":"taxable","16":"shipping-taxable","17":"purchasable","18":"product-type-simple","19":"add-to-wishlist-after_add_to_cart"},"acf":[],"jetpack_sharing_enabled":true,"_links":{"self":[{"href":"https:\/\/darvilais.md\/ro\/wp-json\/wp\/v2\/product\/12202","targetHints":{"allow":["GET"]}}],"collection":[{"href":"https:\/\/darvilais.md\/ro\/wp-json\/wp\/v2\/product"}],"about":[{"href":"https:\/\/darvilais.md\/ro\/wp-json\/wp\/v2\/types\/product"}],"wp:featuredmedia":[{"embeddable":true,"href":"https:\/\/darvilais.md\/ro\/wp-json\/wp\/v2\/media\/12203"}],"wp:attachment":[{"href":"https:\/\/darvilais.md\/ro\/wp-json\/wp\/v2\/media?parent=12202"}],"wp:term":[{"taxonomy":"product_brand","embeddable":true,"href":"https:\/\/darvilais.md\/ro\/wp-json\/wp\/v2\/product_brand?post=12202"},{"taxonomy":"product_cat","embeddable":true,"href":"https:\/\/darvilais.md\/ro\/wp-json\/wp\/v2\/product_cat?post=12202"},{"taxonomy":"product_tag","embeddable":true,"href":"https:\/\/darvilais.md\/ro\/wp-json\/wp\/v2\/product_tag?post=12202"}],"curies":[{"name":"wp","href":"https:\/\/api.w.org\/{rel}","templated":true}]}}