{"id":12184,"date":"2025-12-16T10:12:32","date_gmt":"2025-12-16T10:12:32","guid":{"rendered":"https:\/\/darvilais.md\/?post_type=product&#038;p=12184"},"modified":"2025-12-16T10:12:32","modified_gmt":"2025-12-16T10:12:32","slug":"hoco-hd-tempered-glass-samsung-s24-ultra","status":"publish","type":"product","link":"https:\/\/darvilais.md\/ro\/produs\/hoco-hd-tempered-glass-samsung-s24-ultra\/","title":{"rendered":"Samsung S24 Ultra"},"content":{"rendered":"<h2><strong>Sticl\u0103 securizat\u0103 Hoco Full Screen HD pentru Samsung S24 Ultra (G9)<\/strong><\/h2>\n<ul>\n<li class=\"p1\"><strong>Culoare: negru<\/strong><\/li>\n<li class=\"p1\"><strong>Tip: sticl\u0103 de protec\u021bie 9H<\/strong><\/li>\n<li class=\"p1\"><strong>Compatibilitate: Samsung Galaxy S24 Ultra<\/strong><\/li>\n<li class=\"p1\"><strong>Material: sticl\u0103 securizat\u0103<\/strong><\/li>\n<li class=\"p1\"><strong>Caracteristici: Transparen\u021b\u0103 ridicat\u0103, potrivire precis\u0103, acoperire oleofob\u0103<\/strong><\/li>\n<li class=\"p1\"><strong>Include: sticl\u0103 de protec\u021bie<\/strong><\/li>\n<li class=\"p1\"><strong>Producator: Hoco<\/strong><\/li>\n<\/ul>","protected":false},"excerpt":{"rendered":"<p><em><strong>Sticla de protec\u021bie durabil\u0103 Hoco HD ofer\u0103 o transparen\u021b\u0103 ridicat\u0103 \u0219i o potrivire precis\u0103 pe ecranul Samsung S24 Ultra.<\/strong><\/em><\/p>","protected":false},"featured_media":12186,"template":"","meta":{"_acf_changed":false},"product_brand":[286],"product_cat":[1409],"product_tag":[763,1411,1412,1421],"class_list":{"0":"post-12184","1":"product","2":"type-product","3":"status-publish","4":"has-post-thumbnail","6":"product_brand-hoco","7":"product_cat-phone-glass","8":"product_tag-763","9":"product_tag-1411","10":"product_tag--9h","11":"product_tag---samsung","13":"first","14":"instock","15":"sale","16":"taxable","17":"shipping-taxable","18":"purchasable","19":"product-type-simple","20":"add-to-wishlist-after_add_to_cart"},"acf":[],"jetpack_sharing_enabled":true,"_links":{"self":[{"href":"https:\/\/darvilais.md\/ro\/wp-json\/wp\/v2\/product\/12184","targetHints":{"allow":["GET"]}}],"collection":[{"href":"https:\/\/darvilais.md\/ro\/wp-json\/wp\/v2\/product"}],"about":[{"href":"https:\/\/darvilais.md\/ro\/wp-json\/wp\/v2\/types\/product"}],"wp:featuredmedia":[{"embeddable":true,"href":"https:\/\/darvilais.md\/ro\/wp-json\/wp\/v2\/media\/12186"}],"wp:attachment":[{"href":"https:\/\/darvilais.md\/ro\/wp-json\/wp\/v2\/media?parent=12184"}],"wp:term":[{"taxonomy":"product_brand","embeddable":true,"href":"https:\/\/darvilais.md\/ro\/wp-json\/wp\/v2\/product_brand?post=12184"},{"taxonomy":"product_cat","embeddable":true,"href":"https:\/\/darvilais.md\/ro\/wp-json\/wp\/v2\/product_cat?post=12184"},{"taxonomy":"product_tag","embeddable":true,"href":"https:\/\/darvilais.md\/ro\/wp-json\/wp\/v2\/product_tag?post=12184"}],"curies":[{"name":"wp","href":"https:\/\/api.w.org\/{rel}","templated":true}]}}