{"id":12138,"date":"2025-12-14T19:38:47","date_gmt":"2025-12-14T19:38:47","guid":{"rendered":"https:\/\/darvilais.md\/?post_type=product&#038;p=12138"},"modified":"2025-12-14T19:38:47","modified_gmt":"2025-12-14T19:38:47","slug":"hoco-hd-tempered-glass-iphone-7-plus-8-plus-2","status":"publish","type":"product","link":"https:\/\/darvilais.md\/ro\/produs\/hoco-hd-tempered-glass-iphone-7-plus-8-plus-2\/","title":{"rendered":"iPhone 7 Plus\/8 Plus"},"content":{"rendered":"<h2><strong>Sticl\u0103 securizat\u0103 Hoco HD pentru iPhone 7 Plus\/8 Plus (G9)<\/strong><\/h2>\n<ul>\n<li class=\"p1\"><strong>Culoare: negru<\/strong><\/li>\n<li class=\"p1\"><strong>Tip: sticl\u0103 de protec\u021bie 9H<\/strong><\/li>\n<li class=\"p1\"><strong>Compatibilitate: iPhone 7 Plus, iPhone 8 Plus<\/strong><\/li>\n<li class=\"p1\"><strong>Material: sticl\u0103 securizat\u0103<\/strong><\/li>\n<li class=\"p1\"><strong>Caracteristici: Transparen\u021b\u0103 ridicat\u0103, acoperire oleofob\u0103, potrivire precis\u0103<\/strong><\/li>\n<li class=\"p1\"><strong>Include: sticl\u0103 de protec\u021bie<\/strong><\/li>\n<li class=\"p1\"><strong>Producator: Hoco<\/strong><\/li>\n<\/ul>","protected":false},"excerpt":{"rendered":"<p><em><strong>Sticla Hoco HD, durabil\u0103 \u0219i transparent\u0103, ofer\u0103 o potrivire precis\u0103 \u0219i protec\u021bie pentru ecranul iPhone 7 Plus \u0219i 8 Plus.<\/strong><\/em><\/p>","protected":false},"featured_media":12140,"template":"","meta":{"_acf_changed":false},"product_brand":[286],"product_cat":[1409],"product_tag":[],"class_list":{"0":"post-12138","1":"product","2":"type-product","3":"status-publish","4":"has-post-thumbnail","6":"product_brand-hoco","7":"product_cat-phone-glass","9":"first","10":"instock","11":"taxable","12":"shipping-taxable","13":"purchasable","14":"product-type-simple","15":"add-to-wishlist-after_add_to_cart"},"acf":[],"jetpack_sharing_enabled":true,"_links":{"self":[{"href":"https:\/\/darvilais.md\/ro\/wp-json\/wp\/v2\/product\/12138","targetHints":{"allow":["GET"]}}],"collection":[{"href":"https:\/\/darvilais.md\/ro\/wp-json\/wp\/v2\/product"}],"about":[{"href":"https:\/\/darvilais.md\/ro\/wp-json\/wp\/v2\/types\/product"}],"wp:featuredmedia":[{"embeddable":true,"href":"https:\/\/darvilais.md\/ro\/wp-json\/wp\/v2\/media\/12140"}],"wp:attachment":[{"href":"https:\/\/darvilais.md\/ro\/wp-json\/wp\/v2\/media?parent=12138"}],"wp:term":[{"taxonomy":"product_brand","embeddable":true,"href":"https:\/\/darvilais.md\/ro\/wp-json\/wp\/v2\/product_brand?post=12138"},{"taxonomy":"product_cat","embeddable":true,"href":"https:\/\/darvilais.md\/ro\/wp-json\/wp\/v2\/product_cat?post=12138"},{"taxonomy":"product_tag","embeddable":true,"href":"https:\/\/darvilais.md\/ro\/wp-json\/wp\/v2\/product_tag?post=12138"}],"curies":[{"name":"wp","href":"https:\/\/api.w.org\/{rel}","templated":true}]}}