{"id":12115,"date":"2025-12-14T18:16:13","date_gmt":"2025-12-14T18:16:13","guid":{"rendered":"https:\/\/darvilais.md\/?post_type=product&#038;p=12115"},"modified":"2025-12-14T19:09:57","modified_gmt":"2025-12-14T19:09:57","slug":"giraffe-anti-static-glass-iphone-7-8-se2","status":"publish","type":"product","link":"https:\/\/darvilais.md\/ro\/produs\/giraffe-anti-static-glass-iphone-7-8-se2\/","title":{"rendered":"iPhone 7\/8\/SE2"},"content":{"rendered":"<h2><strong>Sticl\u0103 securizat\u0103 antistatic\u0103 Giraffe pentru iPhone 7\/8\/SE2<\/strong><\/h2>\n<ul>\n<li class=\"p1\"><strong>Culoare: alb<\/strong><\/li>\n<li class=\"p1\"><strong>Tip: sticl\u0103 de protec\u021bie 9H<\/strong><\/li>\n<li class=\"p1\"><strong>Compatibilitate: iPhone 7, iPhone 8, iPhone SE2<\/strong><\/li>\n<li class=\"p1\"><strong>Material: sticl\u0103 securizat\u0103<\/strong><\/li>\n<li class=\"p1\"><strong>Caracteristici: Acoperire antistatic\u0103, transparen\u021b\u0103 ridicat\u0103, potrivire precis\u0103<\/strong><\/li>\n<li class=\"p1\"><strong>Include: sticl\u0103 de protec\u021bie<\/strong><\/li>\n<li class=\"p1\"><strong>Produc\u0103tor: Giraffe<\/strong><\/li>\n<\/ul>","protected":false},"excerpt":{"rendered":"<p><em><strong>Sticla antistatic\u0103 Giraffe ofer\u0103 transparen\u021b\u0103, instalare u\u0219oar\u0103 \u0219i protec\u021bie pentru ecranul iPhone 7, iPhone 8 \u0219i SE2.<\/strong><\/em><\/p>","protected":false},"featured_media":12118,"template":"","meta":{"_acf_changed":false},"product_brand":[364],"product_cat":[1409],"product_tag":[763,1411,1412,1420],"class_list":{"0":"post-12115","1":"product","2":"type-product","3":"status-publish","4":"has-post-thumbnail","6":"product_brand-364","7":"product_cat-phone-glass","8":"product_tag-763","9":"product_tag-1411","10":"product_tag--9h","11":"product_tag---iphone","13":"first","14":"instock","15":"sale","16":"taxable","17":"shipping-taxable","18":"purchasable","19":"product-type-simple","20":"add-to-wishlist-after_add_to_cart"},"acf":[],"jetpack_sharing_enabled":true,"_links":{"self":[{"href":"https:\/\/darvilais.md\/ro\/wp-json\/wp\/v2\/product\/12115","targetHints":{"allow":["GET"]}}],"collection":[{"href":"https:\/\/darvilais.md\/ro\/wp-json\/wp\/v2\/product"}],"about":[{"href":"https:\/\/darvilais.md\/ro\/wp-json\/wp\/v2\/types\/product"}],"wp:featuredmedia":[{"embeddable":true,"href":"https:\/\/darvilais.md\/ro\/wp-json\/wp\/v2\/media\/12118"}],"wp:attachment":[{"href":"https:\/\/darvilais.md\/ro\/wp-json\/wp\/v2\/media?parent=12115"}],"wp:term":[{"taxonomy":"product_brand","embeddable":true,"href":"https:\/\/darvilais.md\/ro\/wp-json\/wp\/v2\/product_brand?post=12115"},{"taxonomy":"product_cat","embeddable":true,"href":"https:\/\/darvilais.md\/ro\/wp-json\/wp\/v2\/product_cat?post=12115"},{"taxonomy":"product_tag","embeddable":true,"href":"https:\/\/darvilais.md\/ro\/wp-json\/wp\/v2\/product_tag?post=12115"}],"curies":[{"name":"wp","href":"https:\/\/api.w.org\/{rel}","templated":true}]}}